{"id":41184,"date":"2025-02-11T17:42:25","date_gmt":"2025-02-11T15:42:25","guid":{"rendered":"https:\/\/hookahshop.lt\/?post_type=product&#038;p=41184"},"modified":"2026-04-17T16:33:49","modified_gmt":"2026-04-17T13:33:49","slug":"smulkintuvas-aliuminis-grey-40mm","status":"publish","type":"product","link":"https:\/\/hookahshop.lt\/lv\/produkt\/smalcinatajs-aluminijs-peleks-40mm\/","title":{"rendered":"Alum\u012bnija smalcin\u0101t\u0101js Pel\u0113ks 40mm"},"content":{"rendered":"<h2>Alum\u012bnija smalcin\u0101t\u0101js Pel\u0113ks 40mm<\/h2>\n<p>CNC griezts alum\u012bnija \u0161\u0137eldot\u0101js ar rombveida zobiem un magn\u0113tisko v\u0101ci\u0146u. Korpuss: apak\u0161\u0113j\u0101 kamera, dzirnavi\u0146as.<\/p>\n<p><strong>Specifik\u0101cijas:<\/strong><br \/>\nAugstums: 16 mm<br \/>\nDiametrs: 4\/3,7 cm<br \/>\nKr\u0101sa melna<br \/>\nMateri\u0101ls: Alum\u012bnijs<\/p>\n<p>Vai jums ir k\u0101di jaut\u0101jumi? Sazinies ar mums\u00a0<a href=\"https:\/\/hookahshop.lt\/lv\/kontaktiem\/\">kontaktu lapa<\/a>\u00a0vai rakstiet mums pa e-pastu\u00a0<a href=\"https:\/\/facebook.com\/HookahShop.lt\/\" target=\"_blank\" rel=\"noopener\">Facebook konts<\/a>\u00a0un m\u0113s atbild\u0113sim uz j\u016bsu piepras\u012bjumu taj\u0101 pa\u0161\u0101 dien\u0101.<\/p>","protected":false},"excerpt":{"rendered":"<p>Alum\u012bnija smalcin\u0101t\u0101js Pel\u0113ks 40 mm CNC grie\u0161anas alum\u012bnija smalcin\u0101t\u0101js ar dimanta formas zobiem un magn\u0113tisku v\u0101ku. Korpuss: apak\u0161\u0113j\u0101 kamera, sl\u012bpma\u0161\u012bna. Specifik\u0101cijas: Augstums: 16 mm Diametrs: 4\/3,7 cm Kr\u0101sa: melna Materi\u0101ls: alum\u012bnijs Vai jums ir k\u0101di jaut\u0101jumi? Sazinieties ar mums kontaktlap\u0101 vai rakstiet mums Facebook, un m\u0113s atbild\u0113sim uz j\u016bsu piepras\u012bjumu taj\u0101 pa\u0161\u0101 dien\u0101.<\/p>","protected":false},"featured_media":41283,"comment_status":"open","ping_status":"closed","template":"","meta":[],"_links":{"self":[{"href":"https:\/\/hookahshop.lt\/lv\/wp-json\/wp\/v2\/product\/41184"}],"collection":[{"href":"https:\/\/hookahshop.lt\/lv\/wp-json\/wp\/v2\/product"}],"about":[{"href":"https:\/\/hookahshop.lt\/lv\/wp-json\/wp\/v2\/types\/product"}],"replies":[{"embeddable":true,"href":"https:\/\/hookahshop.lt\/lv\/wp-json\/wp\/v2\/comments?post=41184"}],"version-history":[{"count":6,"href":"https:\/\/hookahshop.lt\/lv\/wp-json\/wp\/v2\/product\/41184\/revisions"}],"predecessor-version":[{"id":43506,"href":"https:\/\/hookahshop.lt\/lv\/wp-json\/wp\/v2\/product\/41184\/revisions\/43506"}],"wp:featuredmedia":[{"embeddable":true,"href":"https:\/\/hookahshop.lt\/lv\/wp-json\/wp\/v2\/media\/41283"}],"wp:attachment":[{"href":"https:\/\/hookahshop.lt\/lv\/wp-json\/wp\/v2\/media?parent=41184"}],"curies":[{"name":"wp","href":"https:\/\/api.w.org\/{rel}","templated":true}]}}