{"id":41187,"date":"2025-02-11T17:46:27","date_gmt":"2025-02-11T15:46:27","guid":{"rendered":"https:\/\/hookahshop.lt\/?post_type=product&#038;p=41187"},"modified":"2026-04-17T16:33:49","modified_gmt":"2026-04-17T13:33:49","slug":"stikline-vandens-pypke-anonymous-cylinder-25cm","status":"publish","type":"product","link":"https:\/\/hookahshop.lt\/lv\/produkt\/stikls-udens-caurule-anonims-cilindrs-25cm\/","title":{"rendered":"Stikla \u016bdens caurule Anon\u012bms Cilindrs 25cm"},"content":{"rendered":"<h2>Stikla \u016bdens caurule Anon\u012bms Cilindrs 25cm<\/h2>\n<p>Mazs stikla bongs ar Anonymous maskas dizainu, lielisku kickhole un ledus iegriezumiem.<\/p>\n<p><strong>Specifik\u0101cijas:<\/strong><sub><br \/>\n<\/sub>Augstums: 21 cm<br \/>\nK\u0101ta diametrs: 4 cm<br \/>\nCaurules garums: 14,5 cm<br \/>\nKr\u0101sa: caursp\u012bd\u012bga<sub><br \/>\n<\/sub>Materi\u0101ls: borosilik\u0101ta stikls<\/p>\n<p>Vai jums ir k\u0101di jaut\u0101jumi? Sazinies ar mums\u00a0<a href=\"https:\/\/hookahshop.lt\/lv\/kontaktiem\/\">kontaktu lapa<\/a>\u00a0vai rakstiet mums pa e-pastu\u00a0<a href=\"https:\/\/facebook.com\/HookahShop.lt\/\" target=\"_blank\" rel=\"noopener\">Facebook konts<\/a>\u00a0un m\u0113s atbild\u0113sim uz j\u016bsu piepras\u012bjumu taj\u0101 pa\u0161\u0101 dien\u0101.<\/p>","protected":false},"excerpt":{"rendered":"<p>Stikla \u016bdensp\u012bpe Anonymous Cilindrs 25cm Maza stikla \u016bdensp\u012bpe ar Anonymous maskas dizainu, lielu sitiena caurumu un ledus spraug\u0101m. Specifik\u0101cijas: Augstums: 21cm K\u0101ta diametrs: 4cm Caurules garums: 14,5cm Kr\u0101sa: Caursp\u012bd\u012bga Materi\u0101ls: Borsilik\u0101ta stikls Vai jums ir k\u0101di jaut\u0101jumi? Sazinieties ar mums kontaktlap\u0101 vai rakstiet mums Facebook, un m\u0113s atbild\u0113sim uz j\u016bsu jaut\u0101jumu taj\u0101 pa\u0161\u0101 dien\u0101.<\/p>","protected":false},"featured_media":41285,"comment_status":"open","ping_status":"closed","template":"","meta":[],"_links":{"self":[{"href":"https:\/\/hookahshop.lt\/lv\/wp-json\/wp\/v2\/product\/41187"}],"collection":[{"href":"https:\/\/hookahshop.lt\/lv\/wp-json\/wp\/v2\/product"}],"about":[{"href":"https:\/\/hookahshop.lt\/lv\/wp-json\/wp\/v2\/types\/product"}],"replies":[{"embeddable":true,"href":"https:\/\/hookahshop.lt\/lv\/wp-json\/wp\/v2\/comments?post=41187"}],"version-history":[{"count":4,"href":"https:\/\/hookahshop.lt\/lv\/wp-json\/wp\/v2\/product\/41187\/revisions"}],"predecessor-version":[{"id":45744,"href":"https:\/\/hookahshop.lt\/lv\/wp-json\/wp\/v2\/product\/41187\/revisions\/45744"}],"wp:featuredmedia":[{"embeddable":true,"href":"https:\/\/hookahshop.lt\/lv\/wp-json\/wp\/v2\/media\/41285"}],"wp:attachment":[{"href":"https:\/\/hookahshop.lt\/lv\/wp-json\/wp\/v2\/media?parent=41187"}],"curies":[{"name":"wp","href":"https:\/\/api.w.org\/{rel}","templated":true}]}}