{"id":41198,"date":"2025-02-11T17:52:18","date_gmt":"2025-02-11T15:52:18","guid":{"rendered":"https:\/\/hookahshop.lt\/?post_type=product&#038;p=41198"},"modified":"2026-04-17T16:33:49","modified_gmt":"2026-04-17T13:33:49","slug":"tinkliukas-black-leaf-12mm","status":"publish","type":"product","link":"https:\/\/hookahshop.lt\/lv\/produkt\/acs-melna-lapa-12mm\/","title":{"rendered":"T\u012bkls MELN\u0100 LAPA 12mm"},"content":{"rendered":"<h2>T\u012bkls MELN\u0100 LAPA 12mm<\/h2>\n<p>Augstas kvalit\u0101tes ner\u016bs\u0113jo\u0161\u0101 t\u0113rauda siets ar diametru 15mm.<\/p>\n<p>Vai jums ir k\u0101di jaut\u0101jumi? Sazinies ar mums\u00a0<a href=\"https:\/\/hookahshop.lt\/lv\/kontaktiem\/\">kontaktu lapa<\/a>\u00a0vai rakstiet mums pa e-pastu\u00a0<a href=\"https:\/\/facebook.com\/HookahShop.lt\/\" target=\"_blank\" rel=\"noopener\">Facebook konts<\/a>\u00a0un m\u0113s atbild\u0113sim uz j\u016bsu piepras\u012bjumu taj\u0101 pa\u0161\u0101 dien\u0101.<\/p>","protected":false},"excerpt":{"rendered":"<p>Siets BLACK LEAF 12 mm Augstas kvalit\u0101tes ner\u016bs\u0113jo\u0161\u0101 t\u0113rauda siets ar diametru 15 mm. Vai jums ir k\u0101di jaut\u0101jumi? Sazinieties ar mums kontaktlap\u0101 vai rakstiet mums Facebook, un m\u0113s atbild\u0113sim uz j\u016bsu piepras\u012bjumu taj\u0101 pa\u0161\u0101 dien\u0101.<\/p>","protected":false},"featured_media":41288,"comment_status":"open","ping_status":"closed","template":"","meta":[],"_links":{"self":[{"href":"https:\/\/hookahshop.lt\/lv\/wp-json\/wp\/v2\/product\/41198"}],"collection":[{"href":"https:\/\/hookahshop.lt\/lv\/wp-json\/wp\/v2\/product"}],"about":[{"href":"https:\/\/hookahshop.lt\/lv\/wp-json\/wp\/v2\/types\/product"}],"replies":[{"embeddable":true,"href":"https:\/\/hookahshop.lt\/lv\/wp-json\/wp\/v2\/comments?post=41198"}],"version-history":[{"count":3,"href":"https:\/\/hookahshop.lt\/lv\/wp-json\/wp\/v2\/product\/41198\/revisions"}],"predecessor-version":[{"id":44644,"href":"https:\/\/hookahshop.lt\/lv\/wp-json\/wp\/v2\/product\/41198\/revisions\/44644"}],"wp:featuredmedia":[{"embeddable":true,"href":"https:\/\/hookahshop.lt\/lv\/wp-json\/wp\/v2\/media\/41288"}],"wp:attachment":[{"href":"https:\/\/hookahshop.lt\/lv\/wp-json\/wp\/v2\/media?parent=41198"}],"curies":[{"name":"wp","href":"https:\/\/api.w.org\/{rel}","templated":true}]}}