{"id":41201,"date":"2025-02-11T17:54:33","date_gmt":"2025-02-11T15:54:33","guid":{"rendered":"https:\/\/hookahshop.lt\/?post_type=product&#038;p=41201"},"modified":"2026-04-14T23:29:46","modified_gmt":"2026-04-14T20:29:46","slug":"tinkliukai-black-leaf-blue-12mm-3vnt","status":"publish","type":"product","link":"https:\/\/hookahshop.lt\/lv\/produkt\/tiklini-melni-lapu-zili-12mm-3gab\/","title":{"rendered":"T\u012bkli BLACK LEAF Blue 12mm 3gab"},"content":{"rendered":"<h2>T\u012bkli BLACK LEAF Blue 12mm 3gab<\/h2>\n<p>Augstas kvalit\u0101tes ner\u016bs\u0113jo\u0161\u0101 t\u0113rauda siets ar diametru 12mm.<\/p>\n<p>Daudzums kast\u0113: 3gab.<\/p>\n<p>Vai jums ir k\u0101di jaut\u0101jumi? Sazinies ar mums\u00a0<a href=\"https:\/\/hookahshop.lt\/lv\/kontaktiem\/\">kontaktu lapa<\/a>\u00a0vai rakstiet mums pa e-pastu\u00a0<a href=\"https:\/\/facebook.com\/HookahShop.lt\/\" target=\"_blank\" rel=\"noopener\">Facebook konts<\/a>\u00a0un m\u0113s atbild\u0113sim uz j\u016bsu piepras\u012bjumu taj\u0101 pa\u0161\u0101 dien\u0101.<\/p>","protected":false},"excerpt":{"rendered":"<p>Sieti\u0146i BLACK LEAF Blue 12mm 3gab. Augstas kvalit\u0101tes ner\u016bs\u0113jo\u0161\u0101 t\u0113rauda sieti ar diametru 12mm. Daudzums kast\u0113: 3gab. Vai jums ir k\u0101di jaut\u0101jumi? Sazinieties ar mums kontaktlap\u0101 vai rakstiet mums Facebook, un m\u0113s atbild\u0113sim uz j\u016bsu piepras\u012bjumu taj\u0101 pa\u0161\u0101 dien\u0101.<\/p>","protected":false},"featured_media":41290,"comment_status":"open","ping_status":"closed","template":"","meta":[],"_links":{"self":[{"href":"https:\/\/hookahshop.lt\/lv\/wp-json\/wp\/v2\/product\/41201"}],"collection":[{"href":"https:\/\/hookahshop.lt\/lv\/wp-json\/wp\/v2\/product"}],"about":[{"href":"https:\/\/hookahshop.lt\/lv\/wp-json\/wp\/v2\/types\/product"}],"replies":[{"embeddable":true,"href":"https:\/\/hookahshop.lt\/lv\/wp-json\/wp\/v2\/comments?post=41201"}],"version-history":[{"count":6,"href":"https:\/\/hookahshop.lt\/lv\/wp-json\/wp\/v2\/product\/41201\/revisions"}],"predecessor-version":[{"id":45291,"href":"https:\/\/hookahshop.lt\/lv\/wp-json\/wp\/v2\/product\/41201\/revisions\/45291"}],"wp:featuredmedia":[{"embeddable":true,"href":"https:\/\/hookahshop.lt\/lv\/wp-json\/wp\/v2\/media\/41290"}],"wp:attachment":[{"href":"https:\/\/hookahshop.lt\/lv\/wp-json\/wp\/v2\/media?parent=41201"}],"curies":[{"name":"wp","href":"https:\/\/api.w.org\/{rel}","templated":true}]}}