{"id":41399,"date":"2025-03-06T15:16:10","date_gmt":"2025-03-06T13:16:10","guid":{"rendered":"https:\/\/hookahshop.lt\/?post_type=product&#038;p=41399"},"modified":"2026-04-27T23:30:04","modified_gmt":"2026-04-27T20:30:04","slug":"elektroninis-kaljanas-enso-shisha","status":"publish","type":"product","link":"https:\/\/hookahshop.lt\/lv\/produkt\/elektroniska-udenspipe-enso-shisha\/","title":{"rendered":"Elektronisk\u0101 \u016bdensp\u012bpe ENSO Shisha"},"content":{"rendered":"<h2>Elektronisk\u0101 \u016bdensp\u012bpe ENSO Shisha<\/h2>\n<p>\u0160\u012b ir piln\u012bgi jauna veida p\u0101rvietojam\u0101 elektronisk\u0101 \u016bdensp\u012bpe (saukta ar\u012b par Weesha). Ier\u012bcei ir magn\u0113tisk\u0101s \u0161\u013c\u016btenes savienot\u0101js. Izmantojot \u016bdens filtr\u0113\u0161anas sist\u0113mu, tas var iztvaikot koncentr\u0101tus. \u016adensp\u012bpei ir sild\u012b\u0161anas re\u017e\u012bms, t\u0101p\u0113c tai nav nepiecie\u0161amas ogles.<br \/>\nTabakas trauka ietilp\u012bba: 15-25 g<\/p>\n<p><strong>Specifik\u0101cija:<\/strong><br \/>\nAkumulators: 5000 mAh<br \/>\nDarb\u012bbas laiks: l\u012bdz 2 stund\u0101m \u2013 uzl\u0101de aiz\u0146em aptuveni 3h 30min.<br \/>\nKolba: ~ 0,2 l<br \/>\nIzm\u0113ri: 33 x 12 cm<br \/>\nSvars: 2,5 kg<br \/>\n\u0160\u013c\u016btenes savienojums: magn\u0113tisks<sub><br \/>\n<\/sub>\u0160\u013c\u016btene: silikons<\/p>\n<p><strong>Materi\u0101li:<\/strong><br \/>\nIztur\u012bgs cinka sakaus\u0113juma korpuss<br \/>\nStikla kolba<br \/>\nPorcel\u0101na siltuma kamera<br \/>\nPorcel\u0101na kr\u016bze<br \/>\nAlum\u012bnija vienreiz\u0113j\u0101s lieto\u0161anas tabakas konteiners<br \/>\nNer\u016bs\u0113jo\u0161\u0101 t\u0113rauda iemutnis<br \/>\nVeg\u0101nas \u0101das siksni\u0146a<\/p>\n<p><strong>Apr\u012bkojums:<\/strong><br \/>\n1x Enso \u016bdensp\u012bpe<br \/>\n1x USB-C uzl\u0101des kabelis<br \/>\n1x akumulators<br \/>\n1x Eiropas spraud\u0146a adapteris<br \/>\n2x met\u0101la v\u0101ci\u0146i<br \/>\n10x vienreiz\u0113j\u0101s lieto\u0161anas kr\u016bzes<br \/>\n2x atk\u0101rtoti lietojamas kr\u016bzes<br \/>\n5x silikona iemutnis<br \/>\n1x silikona iemut\u0146a v\u0101ci\u0146\u0161<br \/>\n1x \u0161\u013c\u016btene<br \/>\n1x att\u012br\u012b\u0161anas v\u0101rsts<br \/>\n1x bl\u012bve<br \/>\nx1 t\u012br\u012b\u0161anas komplekts<\/p>\n<p><strong>Garantijas periods:<\/strong><br \/>\n12 m\u0113ne\u0161i.<\/p>\n<p>Vai jums ir k\u0101di jaut\u0101jumi? Sazinies ar mums\u00a0<a href=\"https:\/\/hookahshop.lt\/lv\/kontaktiem\/\">kontaktu lapa<\/a>\u00a0vai rakstiet mums pa e-pastu\u00a0<a href=\"https:\/\/facebook.com\/HookahShop.lt\/\" target=\"_blank\" rel=\"noopener\">Facebook konts<\/a>\u00a0un m\u0113s atbild\u0113sim uz j\u016bsu piepras\u012bjumu taj\u0101 pa\u0161\u0101 dien\u0101.<\/p>","protected":false},"excerpt":{"rendered":"<p>Elektronisk\u0101 \u016bdensp\u012bpe ENSO Shisha \u0160\u012b ir piln\u012bgi jauna veida p\u0101rn\u0113s\u0101jama elektronisk\u0101 \u016bdensp\u012bpe (saukta ar\u012b par Weesha). Ier\u012bcei ir magn\u0113tisks \u0161\u013c\u016btenes savienojums. Izmantojot \u016bdens filtr\u0101cijas sist\u0113mu, t\u0101 var iztvaic\u0113t koncentr\u0101tus. \u016adensp\u012bpei ir sild\u012b\u0161anas re\u017e\u012bms, t\u0101p\u0113c tai nav nepiecie\u0161amas ogles. Tabakas trauka ietilp\u012bba: 15\u201325 g Specifik\u0101cija: Akumulators: 5000 mAh Darb\u012bbas laiks: l\u012bdz 2 stund\u0101m - uzl\u0101de aiz\u0146em apm\u0113ram 3 stundas [\u2026]<\/p>","protected":false},"featured_media":41406,"comment_status":"open","ping_status":"closed","template":"","meta":[],"_links":{"self":[{"href":"https:\/\/hookahshop.lt\/lv\/wp-json\/wp\/v2\/product\/41399"}],"collection":[{"href":"https:\/\/hookahshop.lt\/lv\/wp-json\/wp\/v2\/product"}],"about":[{"href":"https:\/\/hookahshop.lt\/lv\/wp-json\/wp\/v2\/types\/product"}],"replies":[{"embeddable":true,"href":"https:\/\/hookahshop.lt\/lv\/wp-json\/wp\/v2\/comments?post=41399"}],"version-history":[{"count":11,"href":"https:\/\/hookahshop.lt\/lv\/wp-json\/wp\/v2\/product\/41399\/revisions"}],"predecessor-version":[{"id":41768,"href":"https:\/\/hookahshop.lt\/lv\/wp-json\/wp\/v2\/product\/41399\/revisions\/41768"}],"wp:featuredmedia":[{"embeddable":true,"href":"https:\/\/hookahshop.lt\/lv\/wp-json\/wp\/v2\/media\/41406"}],"wp:attachment":[{"href":"https:\/\/hookahshop.lt\/lv\/wp-json\/wp\/v2\/media?parent=41399"}],"curies":[{"name":"wp","href":"https:\/\/api.w.org\/{rel}","templated":true}]}}