{"id":41469,"date":"2025-03-15T16:27:51","date_gmt":"2025-03-15T14:27:51","guid":{"rendered":"https:\/\/hookahshop.lt\/?post_type=product&#038;p=41469"},"modified":"2026-04-15T23:29:39","modified_gmt":"2026-04-15T20:29:39","slug":"karscio-kamera-ghost","status":"publish","type":"product","link":"https:\/\/hookahshop.lt\/lv\/produkt\/karsta-kamera-spoks\/","title":{"rendered":"Termisk\u0101 kamera SHOST"},"content":{"rendered":"<h2><strong>Termisk\u0101 kamera SHOST<\/strong><\/h2>\n<p>Pateicoties ra\u017eo\u0161an\u0101 izmantotajiem augstas kvalit\u0101tes materi\u0101liem, GHOST saglab\u0101 savu izskatu un kalpos ilgi. \u012apa\u0161as rievas samazina kr\u016bzes sl\u012bd\u0113\u0161anu.<\/p>\n<p><strong>Specifik\u0101cijas:<\/strong><sub><br \/>\n<\/sub>Apak\u0161da\u013cas diametrs: ~7 cm<br \/>\nAug\u0161da\u013cas diametrs (\u0101r\u0113jais): 6 cm<br \/>\nAug\u0161da\u013cas diametrs (iek\u0161\u0113jais): 5 cm<br \/>\nMateri\u0101ls: ner\u016bs\u0113jo\u0161ais t\u0113rauds<br \/>\nSvars: ~200 g<\/p>\n<p>Vai jums ir k\u0101di jaut\u0101jumi? Sazinies ar mums\u00a0<a href=\"https:\/\/hookahshop.lt\/lv\/kontaktiem\/\">kontaktu lapa<\/a>\u00a0vai rakstiet mums pa e-pastu\u00a0<a href=\"https:\/\/facebook.com\/HookahShop.lt\/\" target=\"_blank\" rel=\"noopener\">Facebook konts<\/a>\u00a0un m\u0113s atbild\u0113sim uz j\u016bsu piepras\u012bjumu taj\u0101 pa\u0161\u0101 dien\u0101.<\/p>","protected":false},"excerpt":{"rendered":"<p>Sildkamera GHOST Pateicoties augstas kvalit\u0101tes materi\u0101lam, kas tiek izmantots ra\u017eo\u0161an\u0101, GHOST saglab\u0101 savu izskatu un kalpos ilgi. \u012apa\u0161as ierobi\u0146as samazina kr\u016bzes sl\u012bd\u0113\u0161anu. Specifik\u0101cijas: Apak\u0161\u0113jais diametrs: ~7 cm Aug\u0161\u0113jais diametrs (\u0101r\u0113jais): 6 cm Aug\u0161\u0113jais diametrs (iek\u0161\u0113jais): 5 cm Materi\u0101ls: ner\u016bs\u0113jo\u0161ais t\u0113rauds Svars: ~200 g Vai jums ir k\u0101di jaut\u0101jumi? Sazinieties ar mums kontaktlap\u0101 vai rakstiet mums Facebook, un m\u0113s atbild\u0113sim uz j\u016bsu [\u2026]<\/p>","protected":false},"featured_media":41471,"comment_status":"open","ping_status":"closed","template":"","meta":[],"_links":{"self":[{"href":"https:\/\/hookahshop.lt\/lv\/wp-json\/wp\/v2\/product\/41469"}],"collection":[{"href":"https:\/\/hookahshop.lt\/lv\/wp-json\/wp\/v2\/product"}],"about":[{"href":"https:\/\/hookahshop.lt\/lv\/wp-json\/wp\/v2\/types\/product"}],"replies":[{"embeddable":true,"href":"https:\/\/hookahshop.lt\/lv\/wp-json\/wp\/v2\/comments?post=41469"}],"version-history":[{"count":3,"href":"https:\/\/hookahshop.lt\/lv\/wp-json\/wp\/v2\/product\/41469\/revisions"}],"predecessor-version":[{"id":41616,"href":"https:\/\/hookahshop.lt\/lv\/wp-json\/wp\/v2\/product\/41469\/revisions\/41616"}],"wp:featuredmedia":[{"embeddable":true,"href":"https:\/\/hookahshop.lt\/lv\/wp-json\/wp\/v2\/media\/41471"}],"wp:attachment":[{"href":"https:\/\/hookahshop.lt\/lv\/wp-json\/wp\/v2\/media?parent=41469"}],"curies":[{"name":"wp","href":"https:\/\/api.w.org\/{rel}","templated":true}]}}