{"id":41478,"date":"2025-03-15T17:12:36","date_gmt":"2025-03-15T15:12:36","guid":{"rendered":"https:\/\/hookahshop.lt\/?post_type=product&#038;p=41478"},"modified":"2026-04-22T23:30:07","modified_gmt":"2026-04-22T20:30:07","slug":"yla-kaljano-tabakui-na-grani","status":"publish","type":"product","link":"https:\/\/hookahshop.lt\/lv\/produkt\/udenspipe-tabaka-uz-grani\/","title":{"rendered":"Yla hookah tobacco NA GRANI"},"content":{"rendered":"<h2>Yla hookah tobacco NA GRANI<\/h2>\n<p>Izgatavots no augstas kvalit\u0101tes ner\u016bs\u0113jo\u0161\u0101 t\u0113rauda, ori\u0123in\u0101ls dizains ar asimetrisku fr\u0113z\u0113jumu, kas ne\u013cauj z\u012blei ripot no galda. Tas sast\u0101v no roktura un pa\u0161a asmens, un t\u0101 kompakt\u0101 izm\u0113ra d\u0113\u013c ir \u0113rti ce\u013cojot un lieliski ieder\u0113sies mugursom\u0101 vai pat kabat\u0101. Aksesu\u0101rs ir lieliski piem\u0113rots ikdienas lieto\u0161anai un kalpos ar\u012b k\u0101 laba d\u0101vana \u016bdensp\u012bpes cien\u012bt\u0101jiem. P\u0101rdod firmas koka kast\u0113.<\/p>\n<p><strong>Specifik\u0101cijas:<\/strong><sub><br \/>\n<\/sub>Garums: 10 cm<sub><br \/>\n<\/sub>Materi\u0101ls: ner\u016bs\u0113jo\u0161ais t\u0113rauds<\/p>\n<p>Vai jums ir k\u0101di jaut\u0101jumi? Sazinies ar mums\u00a0<a href=\"https:\/\/hookahshop.lt\/lv\/kontaktiem\/\">kontaktu lapa<\/a>\u00a0vai rakstiet mums pa e-pastu\u00a0<a href=\"https:\/\/facebook.com\/HookahShop.lt\/\" target=\"_blank\" rel=\"noopener\">Facebook konts<\/a>\u00a0un m\u0113s atbild\u0113sim uz j\u016bsu piepras\u012bjumu taj\u0101 pa\u0161\u0101 dien\u0101.<\/p>","protected":false},"excerpt":{"rendered":"<p>\u016adensp\u012bpes tabakas \u012blens NA GRANI Izgatavots no augstas kvalit\u0101tes ner\u016bs\u0113jo\u0161\u0101 t\u0113rauda, ori\u0123in\u0101ls dizains ar asimetrisku fr\u0113z\u0113jumu, kas ne\u013cauj \u012blenam noripot no galda. Tas sast\u0101v no roktura un pa\u0161a \u012blena, un, pateicoties t\u0101 kompaktajam izm\u0113ram, ir \u0113rts ce\u013cojumiem, lieliski iederas mugursom\u0101 vai pat kabat\u0101. Aksesu\u0101rs ir lieliski piem\u0113rots ikdienas lieto\u0161anai un kalpos ar\u012b k\u0101 laba d\u0101vana \u016bdensp\u012bpes cien\u012bt\u0101jiem. [\u2026]<\/p>","protected":false},"featured_media":41503,"comment_status":"open","ping_status":"closed","template":"","meta":[],"_links":{"self":[{"href":"https:\/\/hookahshop.lt\/lv\/wp-json\/wp\/v2\/product\/41478"}],"collection":[{"href":"https:\/\/hookahshop.lt\/lv\/wp-json\/wp\/v2\/product"}],"about":[{"href":"https:\/\/hookahshop.lt\/lv\/wp-json\/wp\/v2\/types\/product"}],"replies":[{"embeddable":true,"href":"https:\/\/hookahshop.lt\/lv\/wp-json\/wp\/v2\/comments?post=41478"}],"version-history":[{"count":2,"href":"https:\/\/hookahshop.lt\/lv\/wp-json\/wp\/v2\/product\/41478\/revisions"}],"predecessor-version":[{"id":41619,"href":"https:\/\/hookahshop.lt\/lv\/wp-json\/wp\/v2\/product\/41478\/revisions\/41619"}],"wp:featuredmedia":[{"embeddable":true,"href":"https:\/\/hookahshop.lt\/lv\/wp-json\/wp\/v2\/media\/41503"}],"wp:attachment":[{"href":"https:\/\/hookahshop.lt\/lv\/wp-json\/wp\/v2\/media?parent=41478"}],"curies":[{"name":"wp","href":"https:\/\/api.w.org\/{rel}","templated":true}]}}