{"id":41508,"date":"2025-03-15T18:58:07","date_gmt":"2025-03-15T16:58:07","guid":{"rendered":"https:\/\/hookahshop.lt\/?post_type=product&#038;p=41508"},"modified":"2026-04-22T23:30:07","modified_gmt":"2026-04-22T20:30:07","slug":"kolba-kaljanui-vg-craft-ice-effect-smoke","status":"publish","type":"product","link":"https:\/\/hookahshop.lt\/lv\/produkt\/udenspipe-kolba-vg-craft-ice-effect-smoke\/","title":{"rendered":"\u016adensp\u012bpes kolba VG Craft Ice Effect Smoke"},"content":{"rendered":"<h2><strong>\u016adensp\u012bpes kolba VG Craft Ice Effect Smoke<\/strong><\/h2>\n<p>To raksturo pl\u0101nas ledus k\u0101rtas efekts, padarot t\u0101 izskatu v\u0113l izteiksm\u012bg\u0101ku. Smoke kolba ir d\u016bmakain\u0101 kr\u0101s\u0101, l\u012bdz\u012bga Craft modelim.<\/p>\n<p><strong>Specifik\u0101cijas:<\/strong><sub><br \/>\n<\/sub>Augstums: 24,9 cm<br \/>\nSvars: ~1750 g<br \/>\n\u0100r\u0113jais diametrs: 7 cm<br \/>\nIek\u0161\u0113jais diametrs: 4,6 cm<br \/>\nProdukta materi\u0101ls: stikls<\/p>\n<p>Vai jums ir k\u0101di jaut\u0101jumi? Sazinies ar mums\u00a0<a href=\"https:\/\/hookahshop.lt\/lv\/kontaktiem\/\">kontaktu lapa<\/a>\u00a0vai rakstiet mums pa e-pastu\u00a0<a href=\"https:\/\/facebook.com\/HookahShop.lt\/\" target=\"_blank\" rel=\"noopener\">Facebook konts<\/a>\u00a0un m\u0113s atbild\u0113sim uz j\u016bsu piepras\u012bjumu taj\u0101 pa\u0161\u0101 dien\u0101.<\/p>\n<p><strong>\u00a0<\/strong><\/p>","protected":false},"excerpt":{"rendered":"<p>\u016adensp\u012bpes bla\u0161\u0137is VG Craft Ice Effect Smoke To raksturo pl\u0101na ledus sl\u0101\u0146a efekts, kas padara t\u0101 izskatu v\u0113l izteiksm\u012bg\u0101ku. Smoke bla\u0161\u0137is ir d\u016bmakain\u0101 kr\u0101s\u0101, l\u012bdz\u012bgi k\u0101 &quot;Craft&quot; modelim. Specifik\u0101cijas: Augstums: 24,9 cm Svars: ~1750 g \u0100r\u0113jais diametrs: 7 cm Iek\u0161\u0113jais diametrs: 4,6 cm Izstr\u0101d\u0101juma materi\u0101ls: stikls Vai jums ir k\u0101di jaut\u0101jumi? Sazinieties ar mums kontaktu lap\u0101 vai rakstiet mums Facebook un [\u2026]<\/p>","protected":false},"featured_media":41509,"comment_status":"open","ping_status":"closed","template":"","meta":[],"_links":{"self":[{"href":"https:\/\/hookahshop.lt\/lv\/wp-json\/wp\/v2\/product\/41508"}],"collection":[{"href":"https:\/\/hookahshop.lt\/lv\/wp-json\/wp\/v2\/product"}],"about":[{"href":"https:\/\/hookahshop.lt\/lv\/wp-json\/wp\/v2\/types\/product"}],"replies":[{"embeddable":true,"href":"https:\/\/hookahshop.lt\/lv\/wp-json\/wp\/v2\/comments?post=41508"}],"version-history":[{"count":4,"href":"https:\/\/hookahshop.lt\/lv\/wp-json\/wp\/v2\/product\/41508\/revisions"}],"predecessor-version":[{"id":43080,"href":"https:\/\/hookahshop.lt\/lv\/wp-json\/wp\/v2\/product\/41508\/revisions\/43080"}],"wp:featuredmedia":[{"embeddable":true,"href":"https:\/\/hookahshop.lt\/lv\/wp-json\/wp\/v2\/media\/41509"}],"wp:attachment":[{"href":"https:\/\/hookahshop.lt\/lv\/wp-json\/wp\/v2\/media?parent=41508"}],"curies":[{"name":"wp","href":"https:\/\/api.w.org\/{rel}","templated":true}]}}