{"id":41518,"date":"2025-03-15T19:15:02","date_gmt":"2025-03-15T17:15:02","guid":{"rendered":"https:\/\/hookahshop.lt\/?post_type=product&#038;p=41518"},"modified":"2026-04-18T23:29:32","modified_gmt":"2026-04-18T20:29:32","slug":"karscio-kamera-darkside-d-heater","status":"publish","type":"product","link":"https:\/\/hookahshop.lt\/lv\/produkt\/darkside-d-heater-camera\/","title":{"rendered":"Siltuma kameras DARKSIDE D sild\u012bt\u0101js"},"content":{"rendered":"<h2><strong>Siltuma kameras DARKSIDE D sild\u012bt\u0101js<\/strong><\/h2>\n<p>Izgatavots no augstas kvalit\u0101tes alum\u012bnija ar mat\u0113tu apdari. Izmantotie materi\u0101li nodro\u0161ina, ka siltuma kamera viegli uzsilst, kas ir lieliski piem\u0113rots ies\u0101c\u0113jiem, ta\u010du varat pievienot vair\u0101k og\u013cu, lai palielin\u0101tu sesijas intensit\u0101ti.<\/p>\n<p><strong>Specifik\u0101cijas:<\/strong><sub><br \/>\n<\/sub>Augstums: 3 cm<br \/>\nDiametrs (\u0101rpuse): 7,5 cm<br \/>\nDiametrs (iek\u0161\u0113jais): 6 cm<br \/>\nSvars: 80 g<br \/>\nMateri\u0101ls: alum\u012bnijs<\/p>\n<p>Vai jums ir k\u0101di jaut\u0101jumi? Sazinies ar mums\u00a0<a href=\"https:\/\/hookahshop.lt\/lv\/kontaktiem\/\">kontaktu lapa<\/a>\u00a0vai rakstiet mums pa e-pastu\u00a0<a href=\"https:\/\/facebook.com\/HookahShop.lt\/\" target=\"_blank\" rel=\"noopener\">Facebook konts<\/a>\u00a0un m\u0113s atbild\u0113sim uz j\u016bsu piepras\u012bjumu taj\u0101 pa\u0161\u0101 dien\u0101.<\/p>","protected":false},"excerpt":{"rendered":"<p>Kar\u0161\u010dio kamera DARKSIDE D Heater Pagaminta i\u0161 auk\u0161tos kokyb\u0117s aliuminio su matine danga. D\u0117l naudojam\u0173 med\u017eiag\u0173 kar\u0161\u010dio kamera lengvai \u012fkaista, o tai puikiai tinka pirm\u0105 kart\u0105 besinaudojantiems, ta\u010diau galite prid\u0117ti daugiau anglies, kad padidintum\u0117te seanso intensyvum\u0105. Specifikacijos: Auk\u0161tis: 3 \u00a0cm Skersmuo (i\u0161or\u0117): 7,5 cm Skersmuo (vidus): 6 cm Svoris: 80 g Med\u017eiaga: aliuminis Turite klausim\u0173? [&hellip;]<\/p>","protected":false},"featured_media":41519,"comment_status":"open","ping_status":"closed","template":"","meta":[],"_links":{"self":[{"href":"https:\/\/hookahshop.lt\/lv\/wp-json\/wp\/v2\/product\/41518"}],"collection":[{"href":"https:\/\/hookahshop.lt\/lv\/wp-json\/wp\/v2\/product"}],"about":[{"href":"https:\/\/hookahshop.lt\/lv\/wp-json\/wp\/v2\/types\/product"}],"replies":[{"embeddable":true,"href":"https:\/\/hookahshop.lt\/lv\/wp-json\/wp\/v2\/comments?post=41518"}],"version-history":[{"count":6,"href":"https:\/\/hookahshop.lt\/lv\/wp-json\/wp\/v2\/product\/41518\/revisions"}],"predecessor-version":[{"id":45579,"href":"https:\/\/hookahshop.lt\/lv\/wp-json\/wp\/v2\/product\/41518\/revisions\/45579"}],"wp:featuredmedia":[{"embeddable":true,"href":"https:\/\/hookahshop.lt\/lv\/wp-json\/wp\/v2\/media\/41519"}],"wp:attachment":[{"href":"https:\/\/hookahshop.lt\/lv\/wp-json\/wp\/v2\/media?parent=41518"}],"curies":[{"name":"wp","href":"https:\/\/api.w.org\/{rel}","templated":true}]}}