{"id":41524,"date":"2025-03-15T19:11:06","date_gmt":"2025-03-15T17:11:06","guid":{"rendered":"https:\/\/hookahshop.lt\/?post_type=product&#038;p=41524"},"modified":"2026-05-01T23:30:26","modified_gmt":"2026-05-01T20:30:26","slug":"sakute-yla-smoke","status":"publish","type":"product","link":"https:\/\/hookahshop.lt\/lv\/produkt\/sakute-yla-smoke\/","title":{"rendered":"Dak\u0161u \u012blens D\u016bms"},"content":{"rendered":"<h2><strong>Dak\u0161u \u012blens D\u016bms<\/strong><\/h2>\n<p>Atvieglo tabakas ievieto\u0161anu un nodro\u0161ina \u0113rtu lieto\u0161anu. Tas ir izgatavots no iztur\u012bga t\u0113rauda, padarot to \u012bpa\u0161i iztur\u012bgu un uzticamu. Mazo izm\u0113ru d\u0113\u013c tas lieliski iederas rok\u0101. Dak\u0161as-j\u016bga kombin\u0101cija izce\u013cas ar novatorisku dizainu un augstas klases materi\u0101liem.<\/p>\n<p><strong>Specifik\u0101cijas:<\/strong><sub><br \/>\n<\/sub>Materi\u0101ls: ner\u016bs\u0113jo\u0161ais t\u0113rauds<sub><br \/>\n<\/sub>Garums: 16 cm<\/p>\n<p>Vai jums ir k\u0101di jaut\u0101jumi? Sazinies ar mums\u00a0<a href=\"https:\/\/hookahshop.lt\/lv\/kontaktiem\/\">kontaktu lapa<\/a>\u00a0vai rakstiet mums pa e-pastu\u00a0<a href=\"https:\/\/facebook.com\/HookahShop.lt\/\" target=\"_blank\" rel=\"noopener\">Facebook konts<\/a>\u00a0un m\u0113s atbild\u0113sim uz j\u016bsu piepras\u012bjumu taj\u0101 pa\u0161\u0101 dien\u0101.<\/p>","protected":false},"excerpt":{"rendered":"<p>Dak\u0161as \u012blens Smoke Atvieglo tabakas ievieto\u0161anu un nodro\u0161ina \u0113rtu lieto\u0161anu. Tas ir izgatavots no iztur\u012bga t\u0113rauda, padarot to \u012bpa\u0161i iztur\u012bgu un uzticamu. Pateicoties mazajiem izm\u0113riem, tas lieliski iegu\u013c rok\u0101. Dak\u0161as un \u012blena kombin\u0101cija izce\u013cas ar inovat\u012bvu dizainu un augstas klases materi\u0101liem. Specifik\u0101cijas: Materi\u0101ls: ner\u016bs\u0113jo\u0161ais t\u0113rauds Garums: 16 cm Vai jums ir k\u0101di jaut\u0101jumi? Sazinieties ar mums kontaktlap\u0101 vai rakstiet mums Facebook, un m\u0113s atbild\u0113sim [\u2026]<\/p>","protected":false},"featured_media":41525,"comment_status":"open","ping_status":"closed","template":"","meta":[],"_links":{"self":[{"href":"https:\/\/hookahshop.lt\/lv\/wp-json\/wp\/v2\/product\/41524"}],"collection":[{"href":"https:\/\/hookahshop.lt\/lv\/wp-json\/wp\/v2\/product"}],"about":[{"href":"https:\/\/hookahshop.lt\/lv\/wp-json\/wp\/v2\/types\/product"}],"replies":[{"embeddable":true,"href":"https:\/\/hookahshop.lt\/lv\/wp-json\/wp\/v2\/comments?post=41524"}],"version-history":[{"count":4,"href":"https:\/\/hookahshop.lt\/lv\/wp-json\/wp\/v2\/product\/41524\/revisions"}],"predecessor-version":[{"id":45832,"href":"https:\/\/hookahshop.lt\/lv\/wp-json\/wp\/v2\/product\/41524\/revisions\/45832"}],"wp:featuredmedia":[{"embeddable":true,"href":"https:\/\/hookahshop.lt\/lv\/wp-json\/wp\/v2\/media\/41525"}],"wp:attachment":[{"href":"https:\/\/hookahshop.lt\/lv\/wp-json\/wp\/v2\/media?parent=41524"}],"curies":[{"name":"wp","href":"https:\/\/api.w.org\/{rel}","templated":true}]}}