{"id":41540,"date":"2025-03-15T19:25:26","date_gmt":"2025-03-15T17:25:26","guid":{"rendered":"https:\/\/hookahshop.lt\/?post_type=product&#038;p=41540"},"modified":"2026-04-18T23:29:32","modified_gmt":"2026-04-18T20:29:32","slug":"kaljanas-darkside-orion-obsidian-black","status":"publish","type":"product","link":"https:\/\/hookahshop.lt\/lv\/produkt\/udenspipe-darkside-orion-obsidian-melns\/","title":{"rendered":"\u016adensp\u012bpe DARKSIDE Orion Obsidian Black"},"content":{"rendered":"<h2><strong>\u016adensp\u012bpe DARKSIDE Orion Obsidian Black<\/strong><\/h2>\n<p>Apvieno inovat\u012bvu dizainu, augstas kvalit\u0101tes deta\u013cu apstr\u0101di un klasisku tradicion\u0101lo pievilc\u012bbu. Tas noz\u012bm\u0113, ka \u0161im modelim nav difuzora, t\u0101p\u0113c izloze, lietojot \u016bdensp\u012bpi, ir klasiska (smag\u0101ka ar pretest\u012bbu).<\/p>\n<p><strong>Specifik\u0101cijas:<\/strong><sub><br \/>\n<\/sub>\u016adensp\u012bpes augstums: 52 cm<br \/>\nSvars: 3 kg<sub><br \/>\n<\/sub>Materi\u0101ls: ner\u016bs\u0113jo\u0161ais t\u0113rauds un poliacet\u0101ls<sub><br \/>\n<\/sub>\u0160\u013c\u016btenes savienojums: magn\u0113tisks<sub><br \/>\n<\/sub>\u016adensp\u012bpes vilk\u0161ana: klasiski smaga (bez difuzora)<\/p>\n<p>Vai jums ir k\u0101di jaut\u0101jumi? Sazinies ar mums\u00a0<a href=\"https:\/\/hookahshop.lt\/lv\/kontaktiem\/\">kontaktu lapa<\/a>\u00a0vai rakstiet mums pa e-pastu\u00a0<a href=\"https:\/\/facebook.com\/HookahShop.lt\/\" target=\"_blank\" rel=\"noopener\">Facebook konts<\/a>\u00a0un m\u0113s atbild\u0113sim uz j\u016bsu piepras\u012bjumu taj\u0101 pa\u0161\u0101 dien\u0101.<\/p>","protected":false},"excerpt":{"rendered":"<p>\u016adensp\u012bpe DARKSIDE Orion Obsidian Black Apvieno inovat\u012bvu dizainu, augstas kvalit\u0101tes deta\u013cu apstr\u0101di un klasisku, tradicion\u0101lu vilkmi. Tas noz\u012bm\u0113, ka \u0161im modelim nav difuzora, t\u0101p\u0113c vilkme, lietojot \u016bdensp\u012bpi, ir klasiska (smag\u0101ka ar pretest\u012bbu). Specifik\u0101cijas: \u016adensp\u012bpes augstums: 52 cm Svars: 3 kg Materi\u0101ls: ner\u016bs\u0113jo\u0161ais t\u0113rauds un poliacet\u0101ls \u0160\u013c\u016btenes savienojums: magn\u0113tisks \u016adensp\u012bpes vilkme: klasiska, smaga (bez difuzora) Jums ir [\u2026]<\/p>","protected":false},"featured_media":41541,"comment_status":"open","ping_status":"closed","template":"","meta":[],"_links":{"self":[{"href":"https:\/\/hookahshop.lt\/lv\/wp-json\/wp\/v2\/product\/41540"}],"collection":[{"href":"https:\/\/hookahshop.lt\/lv\/wp-json\/wp\/v2\/product"}],"about":[{"href":"https:\/\/hookahshop.lt\/lv\/wp-json\/wp\/v2\/types\/product"}],"replies":[{"embeddable":true,"href":"https:\/\/hookahshop.lt\/lv\/wp-json\/wp\/v2\/comments?post=41540"}],"version-history":[{"count":2,"href":"https:\/\/hookahshop.lt\/lv\/wp-json\/wp\/v2\/product\/41540\/revisions"}],"predecessor-version":[{"id":41569,"href":"https:\/\/hookahshop.lt\/lv\/wp-json\/wp\/v2\/product\/41540\/revisions\/41569"}],"wp:featuredmedia":[{"embeddable":true,"href":"https:\/\/hookahshop.lt\/lv\/wp-json\/wp\/v2\/media\/41541"}],"wp:attachment":[{"href":"https:\/\/hookahshop.lt\/lv\/wp-json\/wp\/v2\/media?parent=41540"}],"curies":[{"name":"wp","href":"https:\/\/api.w.org\/{rel}","templated":true}]}}