{"id":41544,"date":"2025-03-15T19:28:35","date_gmt":"2025-03-15T17:28:35","guid":{"rendered":"https:\/\/hookahshop.lt\/?post_type=product&#038;p=41544"},"modified":"2026-04-06T23:29:40","modified_gmt":"2026-04-06T20:29:40","slug":"kandiklis-kaljanui-arma-silver","status":"publish","type":"product","link":"https:\/\/hookahshop.lt\/lv\/produkt\/udenspipe-iemuti-arma-sudrabs\/","title":{"rendered":"\u016adensp\u012bpes iemutnis ARMA Silver"},"content":{"rendered":"<h2><strong>\u016adensp\u012bpes iemutnis ARMA Silver<\/strong><\/h2>\n<p>Sast\u0101v no div\u0101m da\u013c\u0101m. Komplekt\u0101 ietilpst savienot\u0101js.<sub><br \/>\n<\/sub>Mute + savienot\u0101js ARMA ir \u0113rts rok\u0101 un piem\u0113rots da\u017e\u0101d\u0101m \u016bdensp\u012bp\u0113m.<\/p>\n<p><strong>Specifik\u0101cijas:<\/strong><sub><br \/>\n<\/sub>Materi\u0101ls: alum\u012bnijs<sub><br \/>\n<\/sub>Kr\u0101sa: sudraba<sub><br \/>\n<\/sub>Mutes garums: 30 cm<sub><br \/>\n<\/sub>Iek\u0161\u0113j\u0101 iemut\u0146a diametrs: 9 mm<\/p>\n<p>Vai jums ir k\u0101di jaut\u0101jumi? Sazinies ar mums\u00a0<a href=\"https:\/\/hookahshop.lt\/lv\/kontaktiem\/\">kontaktu lapa<\/a>\u00a0vai rakstiet mums pa e-pastu\u00a0<a href=\"https:\/\/facebook.com\/HookahShop.lt\/\" target=\"_blank\" rel=\"noopener\">Facebook konts<\/a>\u00a0un m\u0113s atbild\u0113sim uz j\u016bsu piepras\u012bjumu taj\u0101 pa\u0161\u0101 dien\u0101.<\/p>","protected":false},"excerpt":{"rendered":"<p>\u016adensp\u012bpes iemutis ARMA Sudraba kr\u0101s\u0101 Sast\u0101v no div\u0101m da\u013c\u0101m. Komplekt\u0101 ietilpst savienot\u0101js. Iemutnis + savienot\u0101js ARMA ir \u0113rts rok\u0101 un piem\u0113rots da\u017e\u0101d\u0101m \u016bdensp\u012bp\u0113m. Specifik\u0101cijas: Materi\u0101ls: alum\u012bnijs Kr\u0101sa: sudrabs Iemut\u0146a garums: 30 cm Iemut\u0146a iek\u0161\u0113jais diametrs: 9 mm Vai jums ir k\u0101di jaut\u0101jumi? Sazinieties ar mums kontaktu lap\u0101 vai rakstiet mums Facebook, un m\u0113s atbild\u0113sim uz j\u016bsu piepras\u012bjumu taj\u0101 pa\u0161\u0101 dien\u0101.<\/p>","protected":false},"featured_media":41545,"comment_status":"open","ping_status":"closed","template":"","meta":[],"_links":{"self":[{"href":"https:\/\/hookahshop.lt\/lv\/wp-json\/wp\/v2\/product\/41544"}],"collection":[{"href":"https:\/\/hookahshop.lt\/lv\/wp-json\/wp\/v2\/product"}],"about":[{"href":"https:\/\/hookahshop.lt\/lv\/wp-json\/wp\/v2\/types\/product"}],"replies":[{"embeddable":true,"href":"https:\/\/hookahshop.lt\/lv\/wp-json\/wp\/v2\/comments?post=41544"}],"version-history":[{"count":2,"href":"https:\/\/hookahshop.lt\/lv\/wp-json\/wp\/v2\/product\/41544\/revisions"}],"predecessor-version":[{"id":41621,"href":"https:\/\/hookahshop.lt\/lv\/wp-json\/wp\/v2\/product\/41544\/revisions\/41621"}],"wp:featuredmedia":[{"embeddable":true,"href":"https:\/\/hookahshop.lt\/lv\/wp-json\/wp\/v2\/media\/41545"}],"wp:attachment":[{"href":"https:\/\/hookahshop.lt\/lv\/wp-json\/wp\/v2\/media?parent=41544"}],"curies":[{"name":"wp","href":"https:\/\/api.w.org\/{rel}","templated":true}]}}