{"id":41553,"date":"2025-03-15T19:36:15","date_gmt":"2025-03-15T17:36:15","guid":{"rendered":"https:\/\/hookahshop.lt\/?post_type=product&#038;p=41553"},"modified":"2026-04-19T23:30:23","modified_gmt":"2026-04-19T20:30:23","slug":"kaljanas-aroma-hookah-oscar-black","status":"publish","type":"product","link":"https:\/\/hookahshop.lt\/lv\/produkt\/udenspipe-aromats-udenspipe-oskars-melns\/","title":{"rendered":"\u016adensp\u012bpes AROMA \u016adensp\u012bpe Oskars Melns"},"content":{"rendered":"<h2><strong>\u016adensp\u012bpes AROMA \u016adensp\u012bpe Oskars Melns<\/strong><\/h2>\n<p>Katra \u0161\u012bs \u016bdensp\u012bpes deta\u013ca ir izstr\u0101d\u0101ta, lai nodro\u0161in\u0101tu vislab\u0101ko pieredzi. \u016adensp\u012bpes k\u0101ts ir izgatavots no ner\u016bs\u0113jo\u0161\u0101 t\u0113rauda ar dab\u012bg\u0101 koka ieliktni, kas pie\u0161\u0137ir tai unik\u0101lu izskatu. Koksne ir \u012bpa\u0161i apstr\u0101d\u0101ta, lai saglab\u0101tu t\u0101s dabisko skaistumu. Katram k\u0101tam ir unik\u0101ls raksts, padarot katru Aroma \u016bdensp\u012bpi \u012bpa\u0161u. \u016adensp\u012bpes iek\u0161\u0113j\u0101s da\u013cas ir izgatavotas no ner\u016bs\u0113jo\u0161\u0101 t\u0113rauda, kas ne tikai pie\u0161\u0137ir tai lielu iztur\u012bbu, bet ar\u012b aizsarg\u0101 pret koroziju. Tas garant\u0113 ilgsto\u0161u un uzticamu \u016bdensp\u012bpes darb\u012bbu ilgu laiku.<\/p>\n<p><strong>Specifik\u0101cijas:<\/strong><sub><br \/>\n<\/sub>V\u0101rpstas diametrs: 1,6 cm<sub><br \/>\n<\/sub>Augstums: 57 cm<br \/>\nDifuzors: j\u0101 (viegla caurv\u0113ja)<br \/>\nIzklied\u0113t\u0101js: no\u0146emams (ir iesp\u0113ja izgatavot smagu klasisko caurv\u0113ju)<sub><br \/>\n<\/sub>Materi\u0101ls: ner\u016bs\u0113jo\u0161ais t\u0113rauds<br \/>\nIzcelsmes valsts: Ukraina<\/p>\n<p><strong>Komplekt\u0101 ietilpst: \u016bdensp\u012bpe, iemuts, \u0161\u013c\u016btene.<br \/>\n<img decoding=\"async\" loading=\"lazy\" class=\"alignnone size-medium wp-image-38521\" src=\"https:\/\/hookahshop.lt\/wp-content\/uploads\/2020\/09\/stiebas-zarna-kandiklis-1-300x273.jpg\" alt=\"- hookahshop.lt\" width=\"300\" height=\"273\" srcset=\"https:\/\/hookahshop.lt\/wp-content\/uploads\/2020\/09\/stiebas-zarna-kandiklis-1-300x273.jpg 300w, https:\/\/hookahshop.lt\/wp-content\/uploads\/2020\/09\/stiebas-zarna-kandiklis-1-13x12.jpg 13w, https:\/\/hookahshop.lt\/wp-content\/uploads\/2020\/09\/stiebas-zarna-kandiklis-1-64x58.jpg 64w, https:\/\/hookahshop.lt\/wp-content\/uploads\/2020\/09\/stiebas-zarna-kandiklis-1.jpg 420w\" sizes=\"(max-width: 300px) 100vw, 300px\" title=\"\"><br \/>\n<\/strong><\/p>\n<p>Vai jums ir k\u0101di jaut\u0101jumi? Sazinies ar mums\u00a0<a href=\"https:\/\/hookahshop.lt\/lv\/kontaktiem\/\">kontaktu lapa<\/a>\u00a0vai rakstiet mums pa e-pastu\u00a0<a href=\"https:\/\/facebook.com\/HookahShop.lt\/\" target=\"_blank\" rel=\"noopener\">Facebook konts<\/a>\u00a0un m\u0113s atbild\u0113sim uz j\u016bsu piepras\u012bjumu taj\u0101 pa\u0161\u0101 dien\u0101.<\/p>","protected":false},"excerpt":{"rendered":"<p>\u016adensp\u012bpe AROMA HOOKAH Oscar Black Katra \u0161\u012bs \u016bdensp\u012bpes deta\u013ca ir izstr\u0101d\u0101ta, lai sniegtu vislab\u0101ko pieredzi. \u016adensp\u012bpes k\u0101ts ir izgatavots no ner\u016bs\u0113jo\u0161\u0101 t\u0113rauda ar dab\u012bga koka ieliktni, kas pie\u0161\u0137ir tai unik\u0101lu izskatu. Koksne ir \u012bpa\u0161i apstr\u0101d\u0101ta, lai saglab\u0101tu t\u0101s dabisko skaistumu. Katram k\u0101tam ir unik\u0101ls raksts, padarot katru Aroma \u016bdensp\u012bpi \u012bpa\u0161u. \u016adensp\u012bpes iek\u0161\u0113j\u0101s da\u013cas ir izgatavotas no ner\u016bs\u0113jo\u0161\u0101 t\u0113rauda [\u2026]<\/p>","protected":false},"featured_media":41549,"comment_status":"open","ping_status":"closed","template":"","meta":[],"_links":{"self":[{"href":"https:\/\/hookahshop.lt\/lv\/wp-json\/wp\/v2\/product\/41553"}],"collection":[{"href":"https:\/\/hookahshop.lt\/lv\/wp-json\/wp\/v2\/product"}],"about":[{"href":"https:\/\/hookahshop.lt\/lv\/wp-json\/wp\/v2\/types\/product"}],"replies":[{"embeddable":true,"href":"https:\/\/hookahshop.lt\/lv\/wp-json\/wp\/v2\/comments?post=41553"}],"version-history":[{"count":8,"href":"https:\/\/hookahshop.lt\/lv\/wp-json\/wp\/v2\/product\/41553\/revisions"}],"predecessor-version":[{"id":44830,"href":"https:\/\/hookahshop.lt\/lv\/wp-json\/wp\/v2\/product\/41553\/revisions\/44830"}],"wp:featuredmedia":[{"embeddable":true,"href":"https:\/\/hookahshop.lt\/lv\/wp-json\/wp\/v2\/media\/41549"}],"wp:attachment":[{"href":"https:\/\/hookahshop.lt\/lv\/wp-json\/wp\/v2\/media?parent=41553"}],"curies":[{"name":"wp","href":"https:\/\/api.w.org\/{rel}","templated":true}]}}