{"id":41556,"date":"2025-03-15T19:39:04","date_gmt":"2025-03-15T17:39:04","guid":{"rendered":"https:\/\/hookahshop.lt\/?post_type=product&#038;p=41556"},"modified":"2026-04-15T23:29:39","modified_gmt":"2026-04-15T20:29:39","slug":"kaljanas-aroma-hookah-golf-black","status":"publish","type":"product","link":"https:\/\/hookahshop.lt\/lv\/produkt\/udenspipe-aromats-udenspipe-golfs-melns\/","title":{"rendered":"\u016adensp\u012bpe AROMA HOOKAH Golf Black"},"content":{"rendered":"<h2>\u016adensp\u012bpe AROMA HOOKAH Golf Black<\/h2>\n<p>Tam ir uzticama pamatne un poliket\u0101la p\u0101rkl\u0101jums, kas nodro\u0161ina t\u0101 stabilit\u0101ti un iztur\u012bbu. \u016adensp\u012bpes iek\u0161\u0113j\u0101s da\u013cas ir izgatavotas no ner\u016bs\u0113jo\u0161\u0101 t\u0113rauda, kas ne tikai pie\u0161\u0137ir tai lielu iztur\u012bbu, bet ar\u012b pasarg\u0101 to no korozijas.<\/p>\n<p><strong>Specifik\u0101cijas:<\/strong><sub><br \/>\n<\/sub>V\u0101rpstas diametrs: 1,6 cm<sub><br \/>\n<\/sub>Augstums: 57 cm<br \/>\nDifuzors: j\u0101 (viegla caurv\u0113ja)<br \/>\nIzklied\u0113t\u0101js: no\u0146emams (ir iesp\u0113ja izgatavot smagu klasisko caurv\u0113ju)<sub><br \/>\n<\/sub>Materi\u0101ls: ner\u016bs\u0113jo\u0161ais t\u0113rauds<br \/>\nIzcelsmes valsts: Ukraina<\/p>\n<p><strong>Komplekt\u0101 ietilpst: \u016bdensp\u012bpe, iemuts, \u0161\u013c\u016btene.<br \/>\n<img decoding=\"async\" loading=\"lazy\" class=\"alignnone size-medium wp-image-38521\" src=\"https:\/\/hookahshop.lt\/wp-content\/uploads\/2020\/09\/stiebas-zarna-kandiklis-1-300x273.jpg\" alt=\"- hookahshop.lt\" width=\"300\" height=\"273\" srcset=\"https:\/\/hookahshop.lt\/wp-content\/uploads\/2020\/09\/stiebas-zarna-kandiklis-1-300x273.jpg 300w, https:\/\/hookahshop.lt\/wp-content\/uploads\/2020\/09\/stiebas-zarna-kandiklis-1-13x12.jpg 13w, https:\/\/hookahshop.lt\/wp-content\/uploads\/2020\/09\/stiebas-zarna-kandiklis-1-64x58.jpg 64w, https:\/\/hookahshop.lt\/wp-content\/uploads\/2020\/09\/stiebas-zarna-kandiklis-1.jpg 420w\" sizes=\"(max-width: 300px) 100vw, 300px\" title=\"\"><br \/>\n<\/strong><\/p>\n<p>Vai jums ir k\u0101di jaut\u0101jumi? Sazinies ar mums\u00a0<a href=\"https:\/\/hookahshop.lt\/lv\/kontaktiem\/\">kontaktu lapa<\/a>\u00a0vai rakstiet mums pa e-pastu\u00a0<a href=\"https:\/\/facebook.com\/HookahShop.lt\/\" target=\"_blank\" rel=\"noopener\">Facebook konts<\/a>\u00a0un m\u0113s atbild\u0113sim uz j\u016bsu piepras\u012bjumu taj\u0101 pa\u0161\u0101 dien\u0101.<\/p>","protected":false},"excerpt":{"rendered":"<p>\u016adensp\u012bpe AROMA HOOKAH Golf Black Tai ir uzticama pamatne un poliket\u0101la p\u0101rkl\u0101jums, kas nodro\u0161ina t\u0101s stabilit\u0101ti un iztur\u012bbu. \u016adensp\u012bpes iek\u0161\u0113j\u0101s da\u013cas ir izgatavotas no ner\u016bs\u0113jo\u0161\u0101 t\u0113rauda, kas ne tikai pie\u0161\u0137ir tai lielu iztur\u012bbu, bet ar\u012b aizsarg\u0101 pret koroziju. Specifik\u0101cijas: K\u0101ta diametrs: 1,6 cm Augstums: 57 cm Difuzors: j\u0101 (viegla vilkme) Difuzors: no\u0146emams (ir iesp\u0113ja izveidot sp\u0113c\u012bgu klasisko vilkmi) [\u2026]<\/p>","protected":false},"featured_media":41557,"comment_status":"open","ping_status":"closed","template":"","meta":[],"_links":{"self":[{"href":"https:\/\/hookahshop.lt\/lv\/wp-json\/wp\/v2\/product\/41556"}],"collection":[{"href":"https:\/\/hookahshop.lt\/lv\/wp-json\/wp\/v2\/product"}],"about":[{"href":"https:\/\/hookahshop.lt\/lv\/wp-json\/wp\/v2\/types\/product"}],"replies":[{"embeddable":true,"href":"https:\/\/hookahshop.lt\/lv\/wp-json\/wp\/v2\/comments?post=41556"}],"version-history":[{"count":9,"href":"https:\/\/hookahshop.lt\/lv\/wp-json\/wp\/v2\/product\/41556\/revisions"}],"predecessor-version":[{"id":45407,"href":"https:\/\/hookahshop.lt\/lv\/wp-json\/wp\/v2\/product\/41556\/revisions\/45407"}],"wp:featuredmedia":[{"embeddable":true,"href":"https:\/\/hookahshop.lt\/lv\/wp-json\/wp\/v2\/media\/41557"}],"wp:attachment":[{"href":"https:\/\/hookahshop.lt\/lv\/wp-json\/wp\/v2\/media?parent=41556"}],"curies":[{"name":"wp","href":"https:\/\/api.w.org\/{rel}","templated":true}]}}