{"id":41634,"date":"2025-03-20T13:33:56","date_gmt":"2025-03-20T11:33:56","guid":{"rendered":"https:\/\/hookahshop.lt\/?post_type=product&#038;p=41634"},"modified":"2026-05-16T23:30:33","modified_gmt":"2026-05-16T20:30:33","slug":"kaljano-anglies-laikiklis-xl-black","status":"publish","type":"product","link":"https:\/\/hookahshop.lt\/lv\/produkt\/udenspipe-oglekla-turetajs-xl-melns\/","title":{"rendered":"\u016adensp\u012bpes ogles tur\u0113t\u0101js XL Melns"},"content":{"rendered":"<h2>\u016adensp\u012bpes ogles tur\u0113t\u0101js XL Melns<\/h2>\n<p>Tas ir paredz\u0113ts, lai ogles b\u016btu dro\u0161i vienuviet.<\/p>\n<p><strong>Specifik\u0101cijas:<\/strong><br \/>\nAugstums: 42 cm<br \/>\nDiametrs (\u0161\u0137\u012bvis): ~16cm<\/p>\n<p>Vai jums ir k\u0101di jaut\u0101jumi? Sazinies ar mums\u00a0<a href=\"https:\/\/hookahshop.lt\/lv\/kontaktiem\/\">kontaktu lapa<\/a>\u00a0vai rakstiet mums pa e-pastu\u00a0<a href=\"https:\/\/facebook.com\/HookahShop.lt\/\" target=\"_blank\" rel=\"noopener\">Facebook konts<\/a>\u00a0un m\u0113s atbild\u0113sim uz j\u016bsu piepras\u012bjumu taj\u0101 pa\u0161\u0101 dien\u0101.<\/p>","protected":false},"excerpt":{"rendered":"<p>\u016adensp\u012bpes og\u013cu tur\u0113t\u0101js XL, melns. Tas ir paredz\u0113ts og\u013cu dro\u0161ai glab\u0101\u0161anai vienuviet. Specifik\u0101cijas: Augstums: 42 cm Diametrs (trauks): ~16 cm Vai jums ir k\u0101di jaut\u0101jumi? Sazinieties ar mums kontaktlap\u0101 vai rakstiet mums Facebook, un m\u0113s atbild\u0113sim uz j\u016bsu piepras\u012bjumu taj\u0101 pa\u0161\u0101 dien\u0101.<\/p>","protected":false},"featured_media":41649,"comment_status":"open","ping_status":"closed","template":"","meta":[],"_links":{"self":[{"href":"https:\/\/hookahshop.lt\/lv\/wp-json\/wp\/v2\/product\/41634"}],"collection":[{"href":"https:\/\/hookahshop.lt\/lv\/wp-json\/wp\/v2\/product"}],"about":[{"href":"https:\/\/hookahshop.lt\/lv\/wp-json\/wp\/v2\/types\/product"}],"replies":[{"embeddable":true,"href":"https:\/\/hookahshop.lt\/lv\/wp-json\/wp\/v2\/comments?post=41634"}],"version-history":[{"count":4,"href":"https:\/\/hookahshop.lt\/lv\/wp-json\/wp\/v2\/product\/41634\/revisions"}],"predecessor-version":[{"id":44687,"href":"https:\/\/hookahshop.lt\/lv\/wp-json\/wp\/v2\/product\/41634\/revisions\/44687"}],"wp:featuredmedia":[{"embeddable":true,"href":"https:\/\/hookahshop.lt\/lv\/wp-json\/wp\/v2\/media\/41649"}],"wp:attachment":[{"href":"https:\/\/hookahshop.lt\/lv\/wp-json\/wp\/v2\/media?parent=41634"}],"curies":[{"name":"wp","href":"https:\/\/api.w.org\/{rel}","templated":true}]}}