{"id":41714,"date":"2025-04-04T16:45:09","date_gmt":"2025-04-04T13:45:09","guid":{"rendered":"https:\/\/hookahshop.lt\/?post_type=product&#038;p=41714"},"modified":"2026-04-15T12:29:44","modified_gmt":"2026-04-15T09:29:44","slug":"taurele-kaljanui-alpha-turk-design-pro","status":"publish","type":"product","link":"https:\/\/hookahshop.lt\/lv\/produkt\/kauss-udenspipe-alfa-turk-design-pro\/","title":{"rendered":"Kr\u016bz\u012bte \u016bdensp\u012bpei ALPHA Turk Design Pro Black"},"content":{"rendered":"<h2>Kr\u016bz\u012bte \u016bdensp\u012bpei ALPHA Turk Design Pro Black<\/h2>\n<p>V\u0113l stil\u012bg\u0101k, v\u0113l iztur\u012bg\u0101k, v\u0113l \u0113rt\u0101k! Jaun\u0101 TURK Design PRO s\u0113rija, ko raksturo \u012bpa\u0161i skaista, m\u0101kslinieciska tekst\u016bra, v\u0113l iztur\u012bg\u0101ka glaz\u016bra, kas iztur pat p\u0113k\u0161\u0146as temperat\u016bras izmai\u0146as. \u0160ai kr\u016bzei ir ar\u012b k\u0101ji\u0146a, kas ir p\u0101rkl\u0101ta ar silikonu.<sub><br \/>\n<\/sub>Tabakas ietilp\u012bba: 18-25g (atkar\u012bb\u0101 no izmantot\u0101s iepako\u0161anas metodes un tabakas veida).<\/p>\n<p><strong>Specifik\u0101cija:<sub><br \/>\n<\/sub><\/strong>Augstums: 8,5 cm<sub><br \/>\n<\/sub>Diametrs: 7,9 cm<sub><br \/>\n<\/sub>Caurumu skaits: 5 gab<\/p>\n<p><strong>Raksturojums:<sub><br \/>\n<\/sub><\/strong>Tips: turku<sub><br \/>\n<\/sub>Materi\u0101ls: v\u0101cu keramika, glaz\u016bra<\/p>\n<p>Vai jums ir k\u0101di jaut\u0101jumi? Sazinies ar mums\u00a0<a href=\"https:\/\/hookahshop.lt\/lv\/kontaktiem\/\">kontaktu lapa<\/a>\u00a0vai rakstiet mums pa e-pastu\u00a0<a href=\"https:\/\/facebook.com\/HookahShop.lt\/\" target=\"_blank\" rel=\"noopener\">Facebook konts<\/a>\u00a0un m\u0113s atbild\u0113sim uz j\u016bsu piepras\u012bjumu taj\u0101 pa\u0161\u0101 dien\u0101.<\/p>","protected":false},"excerpt":{"rendered":"<p>\u016adensp\u012bpes kr\u016bz\u012bte ALPHA Turk Design Pro Black V\u0113l stil\u012bg\u0101ka, v\u0113l iztur\u012bg\u0101ka, v\u0113l \u0113rt\u0101ka! Jaun\u0101 TURK Design PRO s\u0113rija, kam rakstur\u012bga izcili skaista, m\u0101kslinieciska tekst\u016bra, v\u0113l iztur\u012bg\u0101ka glaz\u016bra, kas iztur pat p\u0113k\u0161\u0146as temperat\u016bras izmai\u0146as. \u0160ai kr\u016bz\u012btei ir ar\u012b ar silikonu p\u0101rkl\u0101ta k\u0101ji\u0146a. Tabakas tilpums: 18-25 g (atkar\u012bb\u0101 no iepako\u0161anas metodes un izmantot\u0101s tabakas veida). Specifik\u0101cija: Augstums: [\u2026]<\/p>","protected":false},"featured_media":41724,"comment_status":"open","ping_status":"closed","template":"","meta":[],"_links":{"self":[{"href":"https:\/\/hookahshop.lt\/lv\/wp-json\/wp\/v2\/product\/41714"}],"collection":[{"href":"https:\/\/hookahshop.lt\/lv\/wp-json\/wp\/v2\/product"}],"about":[{"href":"https:\/\/hookahshop.lt\/lv\/wp-json\/wp\/v2\/types\/product"}],"replies":[{"embeddable":true,"href":"https:\/\/hookahshop.lt\/lv\/wp-json\/wp\/v2\/comments?post=41714"}],"version-history":[{"count":6,"href":"https:\/\/hookahshop.lt\/lv\/wp-json\/wp\/v2\/product\/41714\/revisions"}],"predecessor-version":[{"id":43755,"href":"https:\/\/hookahshop.lt\/lv\/wp-json\/wp\/v2\/product\/41714\/revisions\/43755"}],"wp:featuredmedia":[{"embeddable":true,"href":"https:\/\/hookahshop.lt\/lv\/wp-json\/wp\/v2\/media\/41724"}],"wp:attachment":[{"href":"https:\/\/hookahshop.lt\/lv\/wp-json\/wp\/v2\/media?parent=41714"}],"curies":[{"name":"wp","href":"https:\/\/api.w.org\/{rel}","templated":true}]}}