{"id":41861,"date":"2025-05-15T18:38:11","date_gmt":"2025-05-15T15:38:11","guid":{"rendered":"https:\/\/hookahshop.lt\/?post_type=product&#038;p=41861"},"modified":"2026-04-15T12:29:44","modified_gmt":"2026-04-15T09:29:44","slug":"anglys-kaljanui-crown-maxflow-26mm-1kg","status":"publish","type":"product","link":"https:\/\/hookahshop.lt\/lv\/produkt\/udenspipes-oglu-kronis-maxflow-26-mm-1-kg\/","title":{"rendered":"\u016adensp\u012bpes ogles CROWN MaxFlow 26mm 1kg"},"content":{"rendered":"<h2>\u016adensp\u012bpes ogles CROWN MaxFlow 26mm 1kg<\/h2>\n<p>Jauns produkts ar caurumu. Caurums ir izveidots t\u0101, lai ogles lab\u0101k sakarst un uzkr\u0101tu vair\u0101k siltuma. Kokogle ar caurumu vid\u016b izdala par 15% vair\u0101k siltuma. Izgatavots no dab\u012bgas kokosriekstu \u010daumalas. Zems pelnu saturs, nemaina tabakas gar\u0161u, karstums ilgst apm\u0113ram 1 stundu.<\/p>\n<p><strong>Specifik\u0101cija:<\/strong><br \/>\nViena oglek\u013ca izm\u0113ri: 26x26x26mm.<br \/>\nKast\u012bte satur 64 ogles.<br \/>\nLai dedzin\u0101tu ogles, ir nepiecie\u0161ama elektrisk\u0101 pl\u012bts \u016bdensp\u012bpe, t\u016bristu g\u0101zes pl\u012bts vai taml\u012bdz\u012bgi.<br \/>\nIzcelsmes valsts: Indon\u0113zija<\/p>\n<p>Vai jums ir k\u0101di jaut\u0101jumi? Sazinies ar mums\u00a0<a href=\"https:\/\/hookahshop.lt\/lv\/kontaktiem\/\">kontaktu lapa<\/a>\u00a0vai rakstiet mums pa e-pastu\u00a0<a href=\"https:\/\/facebook.com\/HookahShop.lt\/\" target=\"_blank\" rel=\"noopener noreferrer\">Facebook konts<\/a>\u00a0un m\u0113s atbild\u0113sim uz j\u016bsu piepras\u012bjumu taj\u0101 pa\u0161\u0101 dien\u0101.<\/p>\n<p>&nbsp;<\/p>","protected":false},"excerpt":{"rendered":"<p>\u016adensp\u012bpes ogle CROWN MaxFlow 26mm 1kg Jauns produkts ar caurumu. Caurums ir izveidots t\u0101, lai ogle lab\u0101k uzkarst un uzkr\u0101tu vair\u0101k siltuma. Ogle ar caurumu vid\u016b izdala par 15% vair\u0101k siltuma. Izgatavota no dab\u012bgas kokosriekstu \u010daumalas. Maz pelnu, nemaina tabakas gar\u0161u, siltums ilgst apm\u0113ram 1 stundu. Specifik\u0101cija: Vienas ogles izm\u0113ri: 26x26x26mm. Kast\u012bt\u0113 ir 64 ogles. Lai aizdedzin\u0101tu ogles [\u2026]<\/p>","protected":false},"featured_media":41862,"comment_status":"open","ping_status":"closed","template":"","meta":[],"_links":{"self":[{"href":"https:\/\/hookahshop.lt\/lv\/wp-json\/wp\/v2\/product\/41861"}],"collection":[{"href":"https:\/\/hookahshop.lt\/lv\/wp-json\/wp\/v2\/product"}],"about":[{"href":"https:\/\/hookahshop.lt\/lv\/wp-json\/wp\/v2\/types\/product"}],"replies":[{"embeddable":true,"href":"https:\/\/hookahshop.lt\/lv\/wp-json\/wp\/v2\/comments?post=41861"}],"version-history":[{"count":4,"href":"https:\/\/hookahshop.lt\/lv\/wp-json\/wp\/v2\/product\/41861\/revisions"}],"predecessor-version":[{"id":44595,"href":"https:\/\/hookahshop.lt\/lv\/wp-json\/wp\/v2\/product\/41861\/revisions\/44595"}],"wp:featuredmedia":[{"embeddable":true,"href":"https:\/\/hookahshop.lt\/lv\/wp-json\/wp\/v2\/media\/41862"}],"wp:attachment":[{"href":"https:\/\/hookahshop.lt\/lv\/wp-json\/wp\/v2\/media?parent=41861"}],"curies":[{"name":"wp","href":"https:\/\/api.w.org\/{rel}","templated":true}]}}