{"id":41878,"date":"2025-05-16T13:54:04","date_gmt":"2025-05-16T10:54:04","guid":{"rendered":"https:\/\/hookahshop.lt\/?post_type=product&#038;p=41878"},"modified":"2026-04-15T23:29:39","modified_gmt":"2026-04-15T20:29:39","slug":"taurele-kaljanui-solaris-eva-white","status":"publish","type":"product","link":"https:\/\/hookahshop.lt\/lv\/produkt\/udenspipes-kruzite-solaris-eva-white\/","title":{"rendered":"\u016adensp\u012bpes kr\u016bz\u012bte SOLARIS Eva White"},"content":{"rendered":"<h2>\u016adensp\u012bpes kr\u016bz\u012bte SOLARIS Eva White<\/h2>\n<p>Solaris \u016bdensp\u012bpes kr\u016bz\u012btes ir piln\u012bb\u0101 roku darbs. Kr\u016bz\u012b\u0161u ra\u017eo\u0161an\u0101 tiek izmantoti tikai dab\u012bgi un videi draudz\u012bgi materi\u0101li. Tas at\u0161\u0137iras no cit\u0101m b\u013cod\u0101m ar to, ka ir iztur\u012bg\u0101ks pret mitrumu. Piena tehnolo\u0123ijas izmanto\u0161ana sarkanajam m\u0101lam rada interesantu \u0101r\u0113ju efektu un ori\u0123in\u0101lu dizainu.<\/p>\n<p>Vai jums ir k\u0101di jaut\u0101jumi? Sazinies ar mums\u00a0<a href=\"https:\/\/hookahshop.lt\/lv\/kontaktiem\/\">kontaktu lapa<\/a>\u00a0vai rakstiet mums pa e-pastu\u00a0<a href=\"https:\/\/facebook.com\/HookahShop.lt\/\" target=\"_blank\" rel=\"noopener noreferrer\">Facebook konts<\/a>\u00a0un m\u0113s atbild\u0113sim uz j\u016bsu piepras\u012bjumu taj\u0101 pa\u0161\u0101 dien\u0101.<\/p>\n<p>&nbsp;<\/p>","protected":false},"excerpt":{"rendered":"<p>\u016adensp\u012bpes b\u013codi\u0146a SOLARIS Eva White &quot;Solaris&quot; \u016bdensp\u012bpes b\u013codi\u0146as ir piln\u012bb\u0101 roku darbs. B\u013codi\u0146u ra\u017eo\u0161an\u0101 tiek izmantoti tikai dab\u012bgi un videi draudz\u012bgi materi\u0101li. No cit\u0101m b\u013codi\u0146\u0101m t\u0101 at\u0161\u0137iras ar to, ka ir iztur\u012bg\u0101ka pret mitrumu. Piena tehnolo\u0123ijas izmanto\u0161ana sarkanajam m\u0101lam pie\u0161\u0137ir interesantu \u0101r\u0113jo efektu, ori\u0123in\u0101lu dizainu. Vai jums ir k\u0101di jaut\u0101jumi? Sazinieties ar mums kontaktlap\u0101 vai rakstiet mums Facebook, un m\u0113s atbild\u0113sim uz j\u016bsu [\u2026]<\/p>","protected":false},"featured_media":41882,"comment_status":"open","ping_status":"closed","template":"","meta":[],"_links":{"self":[{"href":"https:\/\/hookahshop.lt\/lv\/wp-json\/wp\/v2\/product\/41878"}],"collection":[{"href":"https:\/\/hookahshop.lt\/lv\/wp-json\/wp\/v2\/product"}],"about":[{"href":"https:\/\/hookahshop.lt\/lv\/wp-json\/wp\/v2\/types\/product"}],"replies":[{"embeddable":true,"href":"https:\/\/hookahshop.lt\/lv\/wp-json\/wp\/v2\/comments?post=41878"}],"version-history":[{"count":2,"href":"https:\/\/hookahshop.lt\/lv\/wp-json\/wp\/v2\/product\/41878\/revisions"}],"predecessor-version":[{"id":41881,"href":"https:\/\/hookahshop.lt\/lv\/wp-json\/wp\/v2\/product\/41878\/revisions\/41881"}],"wp:featuredmedia":[{"embeddable":true,"href":"https:\/\/hookahshop.lt\/lv\/wp-json\/wp\/v2\/media\/41882"}],"wp:attachment":[{"href":"https:\/\/hookahshop.lt\/lv\/wp-json\/wp\/v2\/media?parent=41878"}],"curies":[{"name":"wp","href":"https:\/\/api.w.org\/{rel}","templated":true}]}}