{"id":41888,"date":"2025-05-16T15:59:46","date_gmt":"2025-05-16T12:59:46","guid":{"rendered":"https:\/\/hookahshop.lt\/?post_type=product&#038;p=41888"},"modified":"2026-04-18T23:29:33","modified_gmt":"2026-04-18T20:29:33","slug":"apsauginis-sietelis-kaljanui-embery-black","status":"publish","type":"product","link":"https:\/\/hookahshop.lt\/lv\/produkt\/udenspipes-aizsargekrans-melns\/","title":{"rendered":"Aizsargsiets \u016bdensp\u012bpei EMBERY Black"},"content":{"rendered":"<h2>Aizsargsiets \u016bdensp\u012bpei EMBERY Black<\/h2>\n<p>Ar v\u0113ja aizsardz\u012bbas funkciju. Apak\u0161\u0113j\u0101 da\u013ca ar seklu sietu paliek atv\u0113rta un nep\u0101rkarst, savuk\u0101rt aug\u0161da\u013ca ir nosl\u0113gt\u0101ka, t\u0101p\u0113c siltums saglab\u0101sies og\u013cu zon\u0101 un \u016bdensp\u012bpes sm\u0113\u0137\u0113\u0161anas laiks tiks pagarin\u0101ts.<br \/>\nSiets ir izgatavots no ner\u016bs\u0113jo\u0161\u0101 t\u0113rauda un p\u0101rkl\u0101ts ar nodilumiztur\u012bgu polim\u0113ru kr\u0101su, kas ir iztur\u012bga pret karstumu.<br \/>\nT\u0101 augstums padara to \u0113rti piem\u0113rotu liel\u0101kajai da\u013cai tirg\u016b pieejamo \u016bdensp\u012bpju. Tas ne\u013cauj ogl\u0113m nejau\u0161i sadedzin\u0101t j\u016bsu v\u0113rtslietas, sm\u0113\u0137\u0113jot m\u0101j\u0101s.<\/p>\n<p><strong>Specifik\u0101cija:<\/strong><br \/>\nAugstums: 20cm<br \/>\nDiametrs: 10,5 cm<\/p>\n<p>&nbsp;<\/p>\n<p>Vai jums ir k\u0101di jaut\u0101jumi? Sazinies ar mums\u00a0<a href=\"https:\/\/hookahshop.lt\/lv\/kontaktiem\/\">kontaktu lapa<\/a>\u00a0vai rakstiet mums pa e-pastu\u00a0<a href=\"https:\/\/facebook.com\/HookahShop.lt\/\" target=\"_blank\" rel=\"noopener\">Facebook konts<\/a>\u00a0un m\u0113s atbild\u0113sim uz j\u016bsu piepras\u012bjumu taj\u0101 pa\u0161\u0101 dien\u0101.<\/p>","protected":false},"excerpt":{"rendered":"<p>Aizsargsiets \u016bdensp\u012bpei EMBERY Black Ar v\u0113ja aizsardz\u012bbas funkciju. Apak\u0161\u0113j\u0101 da\u013ca ar seklu sietu paliek atv\u0113rta un nep\u0101rkarst, bet aug\u0161da\u013ca ir nosl\u0113gt\u0101ka, t\u0101p\u0113c siltums saglab\u0101sies og\u013cu zon\u0101 un \u016bdensp\u012bpes sm\u0113\u0137\u0113\u0161anas laiks tiks pagarin\u0101ts. Siets ir izgatavots no ner\u016bs\u0113jo\u0161\u0101 t\u0113rauda un p\u0101rkl\u0101ts ar nodilumiztur\u012bgu polim\u0113ru kr\u0101su, kas ir iztur\u012bga pret karstumu. Pateicoties t\u0101 augstumam, tas \u0113rti der liel\u0101kajai da\u013cai [\u2026]<\/p>","protected":false},"featured_media":41889,"comment_status":"open","ping_status":"closed","template":"","meta":[],"_links":{"self":[{"href":"https:\/\/hookahshop.lt\/lv\/wp-json\/wp\/v2\/product\/41888"}],"collection":[{"href":"https:\/\/hookahshop.lt\/lv\/wp-json\/wp\/v2\/product"}],"about":[{"href":"https:\/\/hookahshop.lt\/lv\/wp-json\/wp\/v2\/types\/product"}],"replies":[{"embeddable":true,"href":"https:\/\/hookahshop.lt\/lv\/wp-json\/wp\/v2\/comments?post=41888"}],"version-history":[{"count":4,"href":"https:\/\/hookahshop.lt\/lv\/wp-json\/wp\/v2\/product\/41888\/revisions"}],"predecessor-version":[{"id":43901,"href":"https:\/\/hookahshop.lt\/lv\/wp-json\/wp\/v2\/product\/41888\/revisions\/43901"}],"wp:featuredmedia":[{"embeddable":true,"href":"https:\/\/hookahshop.lt\/lv\/wp-json\/wp\/v2\/media\/41889"}],"wp:attachment":[{"href":"https:\/\/hookahshop.lt\/lv\/wp-json\/wp\/v2\/media?parent=41888"}],"curies":[{"name":"wp","href":"https:\/\/api.w.org\/{rel}","templated":true}]}}