{"id":41893,"date":"2025-05-16T16:30:06","date_gmt":"2025-05-16T13:30:06","guid":{"rendered":"https:\/\/hookahshop.lt\/?post_type=product&#038;p=41893"},"modified":"2026-04-18T23:29:33","modified_gmt":"2026-04-18T20:29:33","slug":"taurele-kaljanui-oblako-dusha-killer-white","status":"publish","type":"product","link":"https:\/\/hookahshop.lt\/lv\/produkt\/udenspipes-kruze-makonis-dusha-killer-white\/","title":{"rendered":"\u016adensp\u012bpes b\u013coda OBLAKO Dusha Killer White"},"content":{"rendered":"<h2>\u016adensp\u012bpes b\u013coda OBLAKO Dusha Killer White<\/h2>\n<p>Klasiskais modelis &quot;OBLAKO&quot; ir p\u0101rkl\u0101ts ar unik\u0101lu melnu glaz\u016bru, kas ir vienl\u012bdz piem\u0113rota gan vieglai, gan stipr\u0101kai k\u016bpin\u0101\u0161anai. \u0160\u012b jaun\u0101 kr\u016bz\u012bte &quot;OBALAKO&quot; ir ierobe\u017eot\u0101 tir\u0101\u017e\u0101, kas izlaista kop\u0101 ar z\u012bmolu &quot;DUSHA&quot;. Dusha Killer kr\u016bz\u012bte ir apdedzin\u0101ta ar melnu mat\u0113tu glaz\u016bru apak\u0161\u0101 un melnu sp\u012bd\u012bgu glaz\u016bru aug\u0161pus\u0113. Produkt\u0101 tiek izmantota tikai p\u0101rtikas kvalit\u0101tes glaz\u016bra, kas nerada risku cilv\u0113ku vesel\u012bbai.<\/p>\n<p>\u016adensp\u012bpe mais\u012bjuma ietilp\u012bba: 23-28g.<\/p>\n<p><strong>Specifik\u0101cijas:<\/strong><br \/>\nAugstums: 116 mm<br \/>\nDiametrs (\u0101r\u0113jais): 74 mm<br \/>\nDiametrs (iek\u0161\u0113jais): 62 mm<br \/>\nDzi\u013cums: 15 mm<br \/>\nUrbuma diametrs: 8 mm<br \/>\nUrbumu skaits: 5<br \/>\nSvars: apm\u0113ram 190 g.<\/p>\n<p>Vai jums ir k\u0101di jaut\u0101jumi? Sazinies ar mums\u00a0<a href=\"https:\/\/hookahshop.lt\/lv\/kontaktiem\/\">kontaktu lapa<\/a>\u00a0vai rakstiet mums pa e-pastu\u00a0<a href=\"https:\/\/facebook.com\/HookahShop.lt\/\" target=\"_blank\" rel=\"noopener noreferrer\">Facebook konts<\/a>\u00a0un m\u0113s atbild\u0113sim uz j\u016bsu piepras\u012bjumu taj\u0101 pa\u0161\u0101 dien\u0101.<\/p>","protected":false},"excerpt":{"rendered":"<p>\u016adensp\u012bpes kr\u016bz\u012bte OBLAKO Dusha Killer White Klasiskais modelis &quot;OBLAKO&quot; ir p\u0101rkl\u0101ts ar unik\u0101lu melnu glaz\u016bru, kas ir vienl\u012bdz piem\u0113rota gan viegliem, gan sp\u0113c\u012bgiem sm\u0113\u0137\u0113t\u0101jiem. \u0160\u012b jaun\u0101 kr\u016bz\u012bte &quot;OBALAKO&quot; ir ierobe\u017eota tir\u0101\u017ea, kas izlaista kop\u0101 ar z\u012bmolu &quot;DUSHA&quot;. Dusha Killer kr\u016bz\u012bte tiek apdedzin\u0101ta no apak\u0161as ar melnu mat\u0113tu glaz\u016bru, bet no aug\u0161as - ar melnu sp\u012bd\u012bgu glaz\u016bru. Produkt\u0101 tiek izmantota tikai p\u0101rtikas kvalit\u0101tes glaz\u016bra, [\u2026]<\/p>","protected":false},"featured_media":41897,"comment_status":"open","ping_status":"closed","template":"","meta":[],"_links":{"self":[{"href":"https:\/\/hookahshop.lt\/lv\/wp-json\/wp\/v2\/product\/41893"}],"collection":[{"href":"https:\/\/hookahshop.lt\/lv\/wp-json\/wp\/v2\/product"}],"about":[{"href":"https:\/\/hookahshop.lt\/lv\/wp-json\/wp\/v2\/types\/product"}],"replies":[{"embeddable":true,"href":"https:\/\/hookahshop.lt\/lv\/wp-json\/wp\/v2\/comments?post=41893"}],"version-history":[{"count":4,"href":"https:\/\/hookahshop.lt\/lv\/wp-json\/wp\/v2\/product\/41893\/revisions"}],"predecessor-version":[{"id":43019,"href":"https:\/\/hookahshop.lt\/lv\/wp-json\/wp\/v2\/product\/41893\/revisions\/43019"}],"wp:featuredmedia":[{"embeddable":true,"href":"https:\/\/hookahshop.lt\/lv\/wp-json\/wp\/v2\/media\/41897"}],"wp:attachment":[{"href":"https:\/\/hookahshop.lt\/lv\/wp-json\/wp\/v2\/media?parent=41893"}],"curies":[{"name":"wp","href":"https:\/\/api.w.org\/{rel}","templated":true}]}}