{"id":42111,"date":"2025-07-18T15:58:39","date_gmt":"2025-07-18T12:58:39","guid":{"rendered":"https:\/\/hookahshop.lt\/?post_type=product&#038;p=42111"},"modified":"2026-04-22T23:30:08","modified_gmt":"2026-04-22T20:30:08","slug":"znyples-kaljano-anglims-alpha-hookah-x-joker","status":"publish","type":"product","link":"https:\/\/hookahshop.lt\/lv\/produkt\/sprauslas-udenspipe-ogle-alpha-hookah-x-joker\/","title":{"rendered":"Knaibles \u016bdensp\u012bpei ogles ALPHA HOOKAH X Joker"},"content":{"rendered":"<h2>Knaibles \u016bdensp\u012bpei ogles ALPHA HOOKAH X Joker<\/h2>\n<p>Stil\u012bgi, kompakti izm\u0113ri un ekskluz\u012bvas knaibles, ko rad\u012bjis paz\u012bstamais \u016bdensp\u012bpes tirgus ra\u017eot\u0101js Alpha Hookah. Knaibles ir izgatavotas ar\u012b no augstas kvalit\u0101tes ner\u016bs\u0113jo\u0161\u0101 t\u0113rauda un p\u0101rkl\u0101tas ar pulverkr\u0101su. Knaibles izce\u013cas ar autorgrav\u0113jumu.<\/p>\n<p><strong>Raksturojums:<\/strong><br \/>\nKr\u0101sa melna<br \/>\nMateri\u0101ls: ner\u016bs\u0113jo\u0161ais t\u0113rauds<br \/>\nGarums: 18 cm<\/p>\n<p>Vai jums ir k\u0101di jaut\u0101jumi? Sazinies ar mums\u00a0<a href=\"https:\/\/hookahshop.lt\/lv\/kontaktiem\/\">kontaktu lapa<\/a>\u00a0vai rakstiet mums pa e-pastu\u00a0<a href=\"https:\/\/facebook.com\/HookahShop.lt\/\" target=\"_blank\" rel=\"noopener noreferrer\">Facebook konts<\/a>\u00a0un m\u0113s atbild\u0113sim uz j\u016bsu piepras\u012bjumu taj\u0101 pa\u0161\u0101 dien\u0101.<\/p>\n<p>&nbsp;<\/p>","protected":false},"excerpt":{"rendered":"<p>\u016adensp\u012bpes og\u013cu knaibles ALPHA HOOKAH X Joker Stil\u012bgas, kompaktas un ekskluz\u012bvas knaibles ir rad\u012bjis Alpha Hookah, tirg\u016b labi paz\u012bstams \u016bdensp\u012bpju ra\u017eot\u0101js. Knaibles ir izgatavotas no augstas kvalit\u0101tes ner\u016bs\u0113jo\u0161\u0101 t\u0113rauda un p\u0101rkl\u0101tas ar pulverkr\u0101su. Knaibles izce\u013cas ar autora grav\u0113jumu. Raksturojums: Kr\u0101sa: Melna Materi\u0101ls: Ner\u016bs\u0113jo\u0161ais t\u0113rauds Garums: 18 cm Vai jums ir k\u0101di jaut\u0101jumi? Sazinieties ar mums kontaktlap\u0101 vai rakstiet mums Facebook, un m\u0113s atbild\u0113sim [\u2026]<\/p>","protected":false},"featured_media":42192,"comment_status":"open","ping_status":"closed","template":"","meta":[],"_links":{"self":[{"href":"https:\/\/hookahshop.lt\/lv\/wp-json\/wp\/v2\/product\/42111"}],"collection":[{"href":"https:\/\/hookahshop.lt\/lv\/wp-json\/wp\/v2\/product"}],"about":[{"href":"https:\/\/hookahshop.lt\/lv\/wp-json\/wp\/v2\/types\/product"}],"replies":[{"embeddable":true,"href":"https:\/\/hookahshop.lt\/lv\/wp-json\/wp\/v2\/comments?post=42111"}],"version-history":[{"count":4,"href":"https:\/\/hookahshop.lt\/lv\/wp-json\/wp\/v2\/product\/42111\/revisions"}],"predecessor-version":[{"id":45643,"href":"https:\/\/hookahshop.lt\/lv\/wp-json\/wp\/v2\/product\/42111\/revisions\/45643"}],"wp:featuredmedia":[{"embeddable":true,"href":"https:\/\/hookahshop.lt\/lv\/wp-json\/wp\/v2\/media\/42192"}],"wp:attachment":[{"href":"https:\/\/hookahshop.lt\/lv\/wp-json\/wp\/v2\/media?parent=42111"}],"curies":[{"name":"wp","href":"https:\/\/api.w.org\/{rel}","templated":true}]}}