{"id":42124,"date":"2025-07-19T11:09:20","date_gmt":"2025-07-19T08:09:20","guid":{"rendered":"https:\/\/hookahshop.lt\/?post_type=product&#038;p=42124"},"modified":"2026-04-08T23:29:39","modified_gmt":"2026-04-08T20:29:39","slug":"jungtis-kaljanui-aladin-mvp-a-rocket","status":"publish","type":"product","link":"https:\/\/hookahshop.lt\/lv\/produkt\/saite-for-udenspipe-aladin-mvp-a-rocket\/","title":{"rendered":"\u0100\u0137a savienot\u0101js ALADIN MVP A Rocket"},"content":{"rendered":"<h2>\u0100\u0137a savienot\u0101js ALADIN MVP A Rocket<\/h2>\n<p>Paredz\u0113ts papildu \u0161\u013c\u016btenes pievieno\u0161anai ALADIN MVP \u016bdensp\u012bpes mode\u013ciem: MVP A36, A46, Rocket.<\/p>\n<p><strong>Specifik\u0101cija:<\/strong><br \/>\nMateri\u0101ls: ner\u016bs\u0113jo\u0161ais t\u0113rauds<br \/>\nRa\u017eo\u0161anas valsts: V\u0101cija<\/p>\n<p>Vai jums ir k\u0101di jaut\u0101jumi? Sazinies ar mums\u00a0<a href=\"https:\/\/hookahshop.lt\/lv\/kontaktiem\/\">kontaktu lapa<\/a>\u00a0vai rakstiet mums pa e-pastu\u00a0<a href=\"https:\/\/facebook.com\/HookahShop.lt\/\" target=\"_blank\" rel=\"noopener noreferrer\">Facebook konts<\/a>\u00a0un m\u0113s atbild\u0113sim uz j\u016bsu piepras\u012bjumu taj\u0101 pa\u0161\u0101 dien\u0101.<\/p>","protected":false},"excerpt":{"rendered":"<p>\u016adensp\u012bpes savienot\u0101js ALADIN MVP A Rocket Paredz\u0113ts papildu \u0161\u013c\u016btenes pievieno\u0161anai ALADIN MVP \u016bdensp\u012bpes mode\u013ciem: MVP A36, A46, Rocket. Specifik\u0101cija: Materi\u0101ls: ner\u016bs\u0113jo\u0161ais t\u0113rauds Ra\u017eot\u0101jvalsts: V\u0101cija Vai jums ir k\u0101di jaut\u0101jumi? Sazinieties ar mums kontaktlap\u0101 vai rakstiet mums Facebook, un m\u0113s atbild\u0113sim uz j\u016bsu piepras\u012bjumu taj\u0101 pa\u0161\u0101 dien\u0101.<\/p>","protected":false},"featured_media":42149,"comment_status":"open","ping_status":"closed","template":"","meta":[],"_links":{"self":[{"href":"https:\/\/hookahshop.lt\/lv\/wp-json\/wp\/v2\/product\/42124"}],"collection":[{"href":"https:\/\/hookahshop.lt\/lv\/wp-json\/wp\/v2\/product"}],"about":[{"href":"https:\/\/hookahshop.lt\/lv\/wp-json\/wp\/v2\/types\/product"}],"replies":[{"embeddable":true,"href":"https:\/\/hookahshop.lt\/lv\/wp-json\/wp\/v2\/comments?post=42124"}],"version-history":[{"count":2,"href":"https:\/\/hookahshop.lt\/lv\/wp-json\/wp\/v2\/product\/42124\/revisions"}],"predecessor-version":[{"id":42145,"href":"https:\/\/hookahshop.lt\/lv\/wp-json\/wp\/v2\/product\/42124\/revisions\/42145"}],"wp:featuredmedia":[{"embeddable":true,"href":"https:\/\/hookahshop.lt\/lv\/wp-json\/wp\/v2\/media\/42149"}],"wp:attachment":[{"href":"https:\/\/hookahshop.lt\/lv\/wp-json\/wp\/v2\/media?parent=42124"}],"curies":[{"name":"wp","href":"https:\/\/api.w.org\/{rel}","templated":true}]}}