{"id":42128,"date":"2025-07-19T11:17:19","date_gmt":"2025-07-19T08:17:19","guid":{"rendered":"https:\/\/hookahshop.lt\/?post_type=product&#038;p=42128"},"modified":"2026-04-15T12:29:45","modified_gmt":"2026-04-15T09:29:45","slug":"kaitlente-kaljano-anglims-smoke2u","status":"publish","type":"product","link":"https:\/\/hookahshop.lt\/lv\/produkt\/plits-udenspipe-ogles-smoke2u\/","title":{"rendered":"Pl\u012bts virsma \u016bdensp\u012bpes ogl\u0113m SMOKE2U"},"content":{"rendered":"<h2>Pl\u012bts virsma \u016bdensp\u012bpes ogl\u0113m SMOKE2U<\/h2>\n<div class=\"product_inf_options_box_odd_row_val\">\u0160\u012b ir pl\u012bts ar aizsargre\u017e\u0123i dab\u012bgas kokosriekstu ogles kars\u0113\u0161anai. Ogles dro\u0161i atrad\u012bsies uz og\u013cu re\u017e\u0123a un pasarg\u0101s sildelementu. Tas nodro\u0161ina og\u013cu \u0161\u0137iltavas kalpo\u0161anas laiku.<\/div>\n<div><\/div>\n<div class=\"product_inf_options_box_odd_row_val\"><strong>Specifik\u0101cija:<\/strong><br \/>\nIetilp\u012bba: l\u012bdz 10 \u016bdensp\u012bpes ogl\u0113m (26x26x26mm)<br \/>\nJauda: 1000W<br \/>\nStr\u0101vas vads: 1 m.<\/div>\n<div class=\"product_inf_options_box_odd_row_val\">\n<p>Temperat\u016bra: regul\u0113jama<\/p>\n<div>Og\u013cu sild\u012b\u0161anas laiks: ~10min.<\/div>\n<div><\/div>\n<div>Vai jums ir k\u0101di jaut\u0101jumi? Sazinies ar mums\u00a0<a href=\"https:\/\/hookahshop.lt\/lv\/kontaktiem\/\">kontaktu lapa<\/a>\u00a0vai rakstiet mums pa e-pastu\u00a0<a href=\"https:\/\/facebook.com\/HookahShop.lt\/\" target=\"_blank\" rel=\"noopener noreferrer\">Facebook konts<\/a>\u00a0un m\u0113s atbild\u0113sim uz j\u016bsu piepras\u012bjumu taj\u0101 pa\u0161\u0101 dien\u0101.<\/div>\n<\/div>","protected":false},"excerpt":{"rendered":"<p>SMOKE2U \u016bdensp\u012bpes og\u013cu sild\u012b\u0161anas pl\u012bts \u0160\u012b ir sild\u012b\u0161anas pl\u012bts ar aizsargre\u017e\u0123i, kas paredz\u0113ta dab\u012bgas kokosriekstu ogles sild\u012b\u0161anai. Ogles dro\u0161i atrad\u012bsies uz og\u013cu grila un pasarg\u0101s sildelementu. Tas nodro\u0161ina og\u013cu \u0161\u0137iltavas kalpo\u0161anas laiku. Specifik\u0101cija: Ietilp\u012bba: l\u012bdz 10 \u016bdensp\u012bpes ogl\u0113m (26x26x26mm) Jauda: 1000W Baro\u0161anas vads: 1 m Temperat\u016bra: regul\u0113jama Og\u013cu sild\u012b\u0161anas laiks: ~10min. Vai jums ir k\u0101di jaut\u0101jumi? Sazinieties ar mums kontaktlap\u0101 vai [\u2026]<\/p>","protected":false},"featured_media":42157,"comment_status":"open","ping_status":"closed","template":"","meta":[],"_links":{"self":[{"href":"https:\/\/hookahshop.lt\/lv\/wp-json\/wp\/v2\/product\/42128"}],"collection":[{"href":"https:\/\/hookahshop.lt\/lv\/wp-json\/wp\/v2\/product"}],"about":[{"href":"https:\/\/hookahshop.lt\/lv\/wp-json\/wp\/v2\/types\/product"}],"replies":[{"embeddable":true,"href":"https:\/\/hookahshop.lt\/lv\/wp-json\/wp\/v2\/comments?post=42128"}],"version-history":[{"count":5,"href":"https:\/\/hookahshop.lt\/lv\/wp-json\/wp\/v2\/product\/42128\/revisions"}],"predecessor-version":[{"id":44979,"href":"https:\/\/hookahshop.lt\/lv\/wp-json\/wp\/v2\/product\/42128\/revisions\/44979"}],"wp:featuredmedia":[{"embeddable":true,"href":"https:\/\/hookahshop.lt\/lv\/wp-json\/wp\/v2\/media\/42157"}],"wp:attachment":[{"href":"https:\/\/hookahshop.lt\/lv\/wp-json\/wp\/v2\/media?parent=42128"}],"curies":[{"name":"wp","href":"https:\/\/api.w.org\/{rel}","templated":true}]}}