{"id":42132,"date":"2025-07-19T11:21:28","date_gmt":"2025-07-19T08:21:28","guid":{"rendered":"https:\/\/hookahshop.lt\/?post_type=product&#038;p=42132"},"modified":"2026-04-14T23:29:47","modified_gmt":"2026-04-14T20:29:47","slug":"savaime-uzsidegancios-kaljano-anglys-carbopol-35mm","status":"publish","type":"product","link":"https:\/\/hookahshop.lt\/lv\/produkt\/pasaizdegsanas-udenspipe-ogles-carbopol-35mm\/","title":{"rendered":"Pa\u0161aizdeg\u0161an\u0101s \u016bdensp\u012bpes ogles CARBOPOL 35mm"},"content":{"rendered":"<h2>Pa\u0161aizdeg\u0161an\u0101s \u016bdensp\u012bpes ogles CARBOPOL 35mm<\/h2>\n<p>Apa\u013ci oglekli. Neturiet plan\u0161etdatoru rok\u0101, kad to aizdedzina. Apdedziniet plan\u0161etdatora malu ar s\u0113rkoci\u0146u vai \u0161\u0137iltavu, tad visa plan\u0161etdatora virsma aizdegsies.<\/p>\n<p><strong>Specifik\u0101cija:<\/strong><br \/>\nDiametrs: 35 mm<br \/>\nDeg l\u012bdz 1 stundai<br \/>\nPiem\u0113rots vis\u0101m tas\u012bt\u0113m<\/p>\n<p>Cena nor\u0101d\u012bta par 1 rulli (10 tabletes, tabletes)<\/p>\n<p>Vai jums ir k\u0101di jaut\u0101jumi? Sazinies ar mums\u00a0<a href=\"https:\/\/hookahshop.lt\/lv\/kontaktiem\/\">kontaktu lapa<\/a>\u00a0vai rakstiet mums pa e-pastu\u00a0<a href=\"https:\/\/facebook.com\/HookahShop.lt\/\" target=\"_blank\" rel=\"noopener\">Facebook konts<\/a>\u00a0un m\u0113s atbild\u0113sim uz j\u016bsu piepras\u012bjumu taj\u0101 pa\u0161\u0101 dien\u0101.<\/p>","protected":false},"excerpt":{"rendered":"<p>Pa\u0161aizdegam\u0101s \u016bdensp\u012bpes ogles CARBOPOL 35mm Apa\u013cas formas ogles. Aizdedzinot tableti, neturiet to rok\u0101. Aizdedziniet tabletes malu ar s\u0113rkoci\u0146u vai \u0161\u0137iltavu, tad iedegsies visa tabletes virsma. Specifik\u0101cija: Diametrs: 35mm Deg l\u012bdz 1 stundai Piem\u0113rots vis\u0101m kr\u016bz\u012bt\u0113m Cena ir par 1 rulli (10 gab., tabletes) Vai jums ir k\u0101di jaut\u0101jumi? Sazinieties ar mums kontaktu lap\u0101 vai rakstiet mums Facebook, un m\u0113s atbild\u0113sim uz j\u016bsu piepras\u012bjumu [\u2026]<\/p>","protected":false},"featured_media":42160,"comment_status":"open","ping_status":"closed","template":"","meta":[],"_links":{"self":[{"href":"https:\/\/hookahshop.lt\/lv\/wp-json\/wp\/v2\/product\/42132"}],"collection":[{"href":"https:\/\/hookahshop.lt\/lv\/wp-json\/wp\/v2\/product"}],"about":[{"href":"https:\/\/hookahshop.lt\/lv\/wp-json\/wp\/v2\/types\/product"}],"replies":[{"embeddable":true,"href":"https:\/\/hookahshop.lt\/lv\/wp-json\/wp\/v2\/comments?post=42132"}],"version-history":[{"count":4,"href":"https:\/\/hookahshop.lt\/lv\/wp-json\/wp\/v2\/product\/42132\/revisions"}],"predecessor-version":[{"id":45469,"href":"https:\/\/hookahshop.lt\/lv\/wp-json\/wp\/v2\/product\/42132\/revisions\/45469"}],"wp:featuredmedia":[{"embeddable":true,"href":"https:\/\/hookahshop.lt\/lv\/wp-json\/wp\/v2\/media\/42160"}],"wp:attachment":[{"href":"https:\/\/hookahshop.lt\/lv\/wp-json\/wp\/v2\/media?parent=42132"}],"curies":[{"name":"wp","href":"https:\/\/api.w.org\/{rel}","templated":true}]}}