{"id":42307,"date":"2025-08-13T22:00:10","date_gmt":"2025-08-13T19:00:10","guid":{"rendered":"https:\/\/hookahshop.lt\/?post_type=product&#038;p=42307"},"modified":"2026-04-14T23:29:47","modified_gmt":"2026-04-14T20:29:47","slug":"kaljanas-gorky-hookah-baby-slim-black","status":"publish","type":"product","link":"https:\/\/hookahshop.lt\/lv\/produkt\/udenspipe-gorky-hookah-baby-slim-black\/","title":{"rendered":"\u016adensp\u012bpe GORKY HOOKAH Baby Slim Black"},"content":{"rendered":"<h2>\u016adensp\u012bpe GORKY HOOKAH Baby Slim Black<\/h2>\n<p>Izgatavots no ner\u016bs\u0113jo\u0161\u0101 t\u0113rauda un koka, tas rada spilgtu un bag\u0101t\u012bgu gar\u0161u. Dizainam un k\u016bpin\u0101\u0161anas kvalit\u0101tei ir \u012bpa\u0161a noz\u012bme no pirm\u0101 br\u012b\u017ea l\u012bdz gatavai k\u016bpin\u0101\u0161anas ier\u012bcei.<\/p>\n<p><strong>Specifik\u0101cija:<\/strong><br \/>\nAugstums: 45 cm<br \/>\nDifuzors: nav (klasiska smaga vilkme)<br \/>\nMateri\u0101li: ner\u016bs\u0113jo\u0161ais t\u0113rauds, koks.<\/p>\n<p><strong>Apr\u012bkojums:<\/strong><br \/>\nV\u0101rpsta<br \/>\nPlate<br \/>\nMutes iemutnis<br \/>\nSilikona \u0161\u013c\u016btene<br \/>\nBl\u012bves<br \/>\nIzklied\u0113t\u0101js<\/p>\n<picture><source srcset=\"https:\/\/hookahshop.lt\/wp-content\/webp-express\/webp-images\/uploads\/2020\/09\/stiebas-zarna-kandiklis-1-300x273.jpg.webp 300w, https:\/\/hookahshop.lt\/wp-content\/webp-express\/webp-images\/uploads\/2020\/09\/stiebas-zarna-kandiklis-1-13x12.jpg.webp 13w, https:\/\/hookahshop.lt\/wp-content\/webp-express\/webp-images\/uploads\/2020\/09\/stiebas-zarna-kandiklis-1-64x58.jpg.webp 64w, https:\/\/hookahshop.lt\/wp-content\/webp-express\/webp-images\/uploads\/2020\/09\/stiebas-zarna-kandiklis-1.jpg.webp 420w\" type=\"image\/webp\" sizes=\"(max-width: 300px) 100vw, 300px\" \/><img decoding=\"async\" loading=\"lazy\" class=\"alignnone size-medium wp-image-38521 webpexpress-processed\" title=\"\u016adensp\u012bpe GORKY HOOKAH Gredzens, melns 1\" src=\"https:\/\/hookahshop.lt\/wp-content\/uploads\/2020\/09\/stiebas-zarna-kandiklis-1-300x273.jpg\" sizes=\"(max-width: 300px) 100vw, 300px\" srcset=\"https:\/\/hookahshop.lt\/wp-content\/uploads\/2020\/09\/stiebas-zarna-kandiklis-1-300x273.jpg 300w, https:\/\/hookahshop.lt\/wp-content\/uploads\/2020\/09\/stiebas-zarna-kandiklis-1-13x12.jpg 13w, https:\/\/hookahshop.lt\/wp-content\/uploads\/2020\/09\/stiebas-zarna-kandiklis-1-64x58.jpg 64w, https:\/\/hookahshop.lt\/wp-content\/uploads\/2020\/09\/stiebas-zarna-kandiklis-1.jpg 420w\" alt=\"k\u0101ta \u0161\u013c\u016btenes iemutnis 1 - hookahshop.lt\" width=\"300\" height=\"273\" \/><\/picture>\n<p>Vai jums ir k\u0101di jaut\u0101jumi? Sazinies ar mums\u00a0<a href=\"https:\/\/hookahshop.lt\/lv\/kontaktiem\/\">kontaktu lapa<\/a>\u00a0vai rakstiet mums pa e-pastu\u00a0<a href=\"https:\/\/facebook.com\/HookahShop.lt\/\" target=\"_blank\" rel=\"noopener\">Facebook konts<\/a>\u00a0un m\u0113s atbild\u0113sim uz j\u016bsu piepras\u012bjumu taj\u0101 pa\u0161\u0101 dien\u0101.<\/p>","protected":false},"excerpt":{"rendered":"<p>\u016adensp\u012bpe GORKY HOOKAH Baby Slim Black Izgatavota no ner\u016bs\u0113jo\u0161\u0101 t\u0113rauda un koka, rada spilgtu un bag\u0101t\u012bgu gar\u0161u. Dizains un sm\u0113\u0137\u0113\u0161anas kvalit\u0101te ir \u012bpa\u0161i svar\u012bgas jau no pirm\u0101 br\u012b\u017ea l\u012bdz gatavai sm\u0113\u0137\u0113\u0161anas ier\u012bcei. Specifik\u0101cija: Augstums: 45 cm Difuzors: nav (klasiska, sp\u0113c\u012bga vilkme) Materi\u0101li: ner\u016bs\u0113jo\u0161ais t\u0113rauds, koks. Pilns komplekts: V\u0101rpsta Pl\u0101ksne Iemutnis Silikona \u0161\u013c\u016btene Bl\u012bves Difuzors Vai jums ir k\u0101di jaut\u0101jumi? Sazinieties [\u2026]<\/p>","protected":false},"featured_media":42324,"comment_status":"open","ping_status":"closed","template":"","meta":[],"_links":{"self":[{"href":"https:\/\/hookahshop.lt\/lv\/wp-json\/wp\/v2\/product\/42307"}],"collection":[{"href":"https:\/\/hookahshop.lt\/lv\/wp-json\/wp\/v2\/product"}],"about":[{"href":"https:\/\/hookahshop.lt\/lv\/wp-json\/wp\/v2\/types\/product"}],"replies":[{"embeddable":true,"href":"https:\/\/hookahshop.lt\/lv\/wp-json\/wp\/v2\/comments?post=42307"}],"version-history":[{"count":3,"href":"https:\/\/hookahshop.lt\/lv\/wp-json\/wp\/v2\/product\/42307\/revisions"}],"predecessor-version":[{"id":42338,"href":"https:\/\/hookahshop.lt\/lv\/wp-json\/wp\/v2\/product\/42307\/revisions\/42338"}],"wp:featuredmedia":[{"embeddable":true,"href":"https:\/\/hookahshop.lt\/lv\/wp-json\/wp\/v2\/media\/42324"}],"wp:attachment":[{"href":"https:\/\/hookahshop.lt\/lv\/wp-json\/wp\/v2\/media?parent=42307"}],"curies":[{"name":"wp","href":"https:\/\/api.w.org\/{rel}","templated":true}]}}