{"id":42311,"date":"2025-08-13T22:06:49","date_gmt":"2025-08-13T19:06:49","guid":{"rendered":"https:\/\/hookahshop.lt\/?post_type=product&#038;p=42311"},"modified":"2026-05-14T23:30:06","modified_gmt":"2026-05-14T20:30:06","slug":"kaljanas-vortex-hookah-hurricane-phoenix","status":"publish","type":"product","link":"https:\/\/hookahshop.lt\/lv\/produkt\/udenspipe-vortex-hookah-hurricane-phoenix\/","title":{"rendered":"\u016adensp\u012bpe VORTEX Hookah Hurricane Phoenix"},"content":{"rendered":"<h2>\u016adensp\u012bpe VORTEX Hookah Hurricane Phoenix<\/h2>\n<p>Augstas kvalit\u0101tes ner\u016bs\u0113jo\u0161\u0101 t\u0113rauda \u016bdensp\u012bpe ar anod\u0113ta alum\u012bnija ielikt\u0146iem un no\u0146emamu difuzoru, kas nodro\u0161ina vieglu un klusu \u016bdensp\u012bpes sesiju. Neizmantojot disoforu, vilkme b\u016bs klasiska (smaga, ar pretest\u012bbu). \u016adensp\u012bpei ir ekskluz\u012bva p\u016b\u0161anas sist\u0113ma, kas p\u016b\u0161 cauri gareniskaj\u0101m spraug\u0101m, kas sadal\u012btas caur \u016bdensp\u012bpes k\u0101tu no apak\u0161as uz aug\u0161u. Pelnu \u016bdensp\u012bpes pl\u0101ksne ir liel\u0101ka nek\u0101 parasti. Ar\u012b pl\u0101ksne nav pieskr\u016bv\u0113ta pie \u016bdensp\u012bpes - t\u0101 ir \u0113rti no\u0146emta no aug\u0161as. Izveidojiet ievilkumu blakus \u016bdensp\u012bpes iemut\u0146a \u0161\u013c\u016btenei un izpl\u016bdes v\u0101rstam. \u016adens l\u012bme\u0146a l\u012bnijas ir atz\u012bm\u0113tas uz Vortex \u016bdensp\u012bpes v\u0101rpstas: apak\u0161\u0113j\u0101 l\u012bnija - izmantojot difuzoru, aug\u0161\u0113j\u0101 l\u012bnija - p\u0113c difuzora no\u0146em\u0161anas.<\/p>\n<p><strong>Specifik\u0101cija:<\/strong><br \/>\nMateri\u0101ls: ner\u016bs\u0113jo\u0161ais t\u0113rauds<br \/>\n\u0160\u013c\u016btenes savienojums: magn\u0113tisks<br \/>\nDifuzors: no\u0146emams<br \/>\n\u016adensp\u012bpes augstums: 40 cm<br \/>\nV\u0101rpstas diametrs: 13 mm<\/p>\n<p><strong>Apr\u012bkojums:<\/strong><br \/>\nV\u0101rpsta<br \/>\nPlate<br \/>\nSilikona \u0161\u013c\u016btene<br \/>\nMutes iemutnis<br \/>\nBl\u012bves<br \/>\nPavasaris<br \/>\nIzklied\u0113t\u0101js<\/p>\n<p><img decoding=\"async\" loading=\"lazy\" class=\"alignnone size-medium wp-image-38521\" src=\"https:\/\/hookahshop.lt\/wp-content\/uploads\/2020\/09\/stiebas-zarna-kandiklis-1-300x273.jpg\" alt=\"- hookahshop.lt\" width=\"300\" height=\"273\" srcset=\"https:\/\/hookahshop.lt\/wp-content\/uploads\/2020\/09\/stiebas-zarna-kandiklis-1-300x273.jpg 300w, https:\/\/hookahshop.lt\/wp-content\/uploads\/2020\/09\/stiebas-zarna-kandiklis-1-13x12.jpg 13w, https:\/\/hookahshop.lt\/wp-content\/uploads\/2020\/09\/stiebas-zarna-kandiklis-1-64x58.jpg 64w, https:\/\/hookahshop.lt\/wp-content\/uploads\/2020\/09\/stiebas-zarna-kandiklis-1.jpg 420w\" sizes=\"(max-width: 300px) 100vw, 300px\" title=\"\"><\/p>\n<p>Vai jums ir k\u0101di jaut\u0101jumi? Sazinies ar mums\u00a0<a href=\"https:\/\/hookahshop.lt\/lv\/kontaktiem\/\">kontaktu lapa<\/a>\u00a0vai rakstiet mums pa e-pastu\u00a0<a href=\"https:\/\/facebook.com\/HookahShop.lt\/\" target=\"_blank\" rel=\"noopener noreferrer\">Facebook konts<\/a>\u00a0un m\u0113s atbild\u0113sim uz j\u016bsu piepras\u012bjumu taj\u0101 pa\u0161\u0101 dien\u0101.<\/p>","protected":false},"excerpt":{"rendered":"<p>\u016adensp\u012bpe VORTEX \u016adensp\u012bpe Hurricane Phoenix Augstas kvalit\u0101tes ner\u016bs\u0113jo\u0161\u0101 t\u0113rauda \u016bdensp\u012bpe ar anod\u0113ta alum\u012bnija ielikt\u0146iem un no\u0146emamu difuzoru, kas nodro\u0161ina vieglu un klusu \u016bdensp\u012bpes sesiju. Neizmantojot difuzoru, gaisa pl\u016bsma b\u016bs klasiska (smaga, ar pretest\u012bbu). \u016adensp\u012bpei ir unik\u0101la p\u016b\u0161anas sist\u0113ma, kas p\u016b\u0161 caur pagarin\u0101t\u0101m spraug\u0101m, kas izvietotas pa \u016bdensp\u012bpes k\u0101tu no apak\u0161as uz aug\u0161u. \u016adensp\u012bpes pelnu trauks ir liel\u0101ks nek\u0101 parasti [\u2026]<\/p>","protected":false},"featured_media":42325,"comment_status":"open","ping_status":"closed","template":"","meta":[],"_links":{"self":[{"href":"https:\/\/hookahshop.lt\/lv\/wp-json\/wp\/v2\/product\/42311"}],"collection":[{"href":"https:\/\/hookahshop.lt\/lv\/wp-json\/wp\/v2\/product"}],"about":[{"href":"https:\/\/hookahshop.lt\/lv\/wp-json\/wp\/v2\/types\/product"}],"replies":[{"embeddable":true,"href":"https:\/\/hookahshop.lt\/lv\/wp-json\/wp\/v2\/comments?post=42311"}],"version-history":[{"count":3,"href":"https:\/\/hookahshop.lt\/lv\/wp-json\/wp\/v2\/product\/42311\/revisions"}],"predecessor-version":[{"id":43473,"href":"https:\/\/hookahshop.lt\/lv\/wp-json\/wp\/v2\/product\/42311\/revisions\/43473"}],"wp:featuredmedia":[{"embeddable":true,"href":"https:\/\/hookahshop.lt\/lv\/wp-json\/wp\/v2\/media\/42325"}],"wp:attachment":[{"href":"https:\/\/hookahshop.lt\/lv\/wp-json\/wp\/v2\/media?parent=42311"}],"curies":[{"name":"wp","href":"https:\/\/api.w.org\/{rel}","templated":true}]}}