{"id":42422,"date":"2025-09-19T15:11:22","date_gmt":"2025-09-19T12:11:22","guid":{"rendered":"https:\/\/hookahshop.lt\/?post_type=product&#038;p=42422"},"modified":"2026-04-15T23:29:40","modified_gmt":"2026-04-15T20:29:40","slug":"taurele-kaljanui-cosmo-turkish-phunnel","status":"publish","type":"product","link":"https:\/\/hookahshop.lt\/lv\/produkt\/udenspipes-kruzite-kosmo-turku-phunnel\/","title":{"rendered":"\u016adensp\u012bpes kr\u016bz\u012bte COSMO Turkish Phunnel Combo"},"content":{"rendered":"<h2>\u016adensp\u012bpes kr\u016bz\u012bte COSMO Turkish Phunnel Combo<\/h2>\n<p>Roku darbs kr\u016bz\u012bte, kas pie\u0161\u0137ir intens\u012bvu gar\u0161u \u016bdensp\u012bpes seansam. \u0160\u012b kr\u016bz\u012bte ir viena no vair\u0101k\u0101m kr\u016bz\u012bt\u0113m, kas pieder pie 2 veidiem: turku - pateicoties t\u0101s izliektajai formai un phunnel - pateicoties vienam caurumam, t\u0101p\u0113c \u0161o \u012bpa\u0161\u012bbu d\u0113\u013c \u016bdensp\u012bpes d\u016bmi b\u016bs maigi un bag\u0101t\u012bgi. Kr\u016bz\u012bte ir piem\u0113rota viegl\u0101m, vid\u0113ji sp\u0113c\u012bg\u0101m un sp\u0113c\u012bg\u0101m seansam. Univers\u0101la iesp\u0113ja visu veidu \u016bdensp\u012bpes tabakai. Kr\u016bz\u012btes apak\u0161da\u013ca nep\u0101rkarst biez\u0101 m\u0101la d\u0113\u013c, t\u0101p\u0113c to ir dro\u0161i un \u0113rti no\u0146emt p\u0113c \u016bdensp\u012bpes seansa.<\/p>\n<p>Kr\u016bz\u012bt\u0113 ir ~ 18-20 g tabakas (atkar\u012bb\u0101 no izmantot\u0101s iepako\u0161anas metodes).<\/p>\n<p><strong>Specifik\u0101cijas:<\/strong><br \/>\nTips: Phunnel<br \/>\nMateri\u0101ls: M\u0101ls<br \/>\nAugstums: ~8,8 cm<br \/>\nPlatums: ~7 cm<\/p>\n<p>Vai jums ir k\u0101di jaut\u0101jumi? Sazinies ar mums\u00a0<a href=\"https:\/\/hookahshop.lt\/lv\/kontaktiem\/\">kontaktu lapa<\/a>\u00a0vai rakstiet mums pa e-pastu\u00a0<a href=\"https:\/\/facebook.com\/HookahShop.lt\/\" target=\"_blank\" rel=\"noopener\">Facebook konts<\/a>\u00a0un m\u0113s atbild\u0113sim uz j\u016bsu piepras\u012bjumu taj\u0101 pa\u0161\u0101 dien\u0101.<\/p>","protected":false},"excerpt":{"rendered":"<p>\u016adensp\u012bpes b\u013codi\u0146a COSMO Turkish Phunnel Combo Roku darbs b\u013codi\u0146a, kas pie\u0161\u0137ir intens\u012bvu gar\u0161u \u016bdensp\u012bpes sesijai. \u0160\u012b b\u013codi\u0146a ir viena no vair\u0101k\u0101m b\u013codi\u0146\u0101m, kas pieder pie 2 veidiem: turku - pateicoties t\u0101s izliektajai formai un phunnel - pateicoties vienam caurumam, t\u0101p\u0113c \u0161o \u012bpa\u0161\u012bbu d\u0113\u013c \u016bdensp\u012bpes d\u016bmi b\u016bs maigi un bag\u0101t\u012bgi. B\u013codi\u0146a ir piem\u0113rota viegl\u0101m, vid\u0113ji sp\u0113c\u012bg\u0101m un sp\u0113c\u012bg\u0101m sesij\u0101m. Univers\u0101la izv\u0113le visiem [\u2026]<\/p>","protected":false},"featured_media":42481,"comment_status":"open","ping_status":"closed","template":"","meta":[],"_links":{"self":[{"href":"https:\/\/hookahshop.lt\/lv\/wp-json\/wp\/v2\/product\/42422"}],"collection":[{"href":"https:\/\/hookahshop.lt\/lv\/wp-json\/wp\/v2\/product"}],"about":[{"href":"https:\/\/hookahshop.lt\/lv\/wp-json\/wp\/v2\/types\/product"}],"replies":[{"embeddable":true,"href":"https:\/\/hookahshop.lt\/lv\/wp-json\/wp\/v2\/comments?post=42422"}],"version-history":[{"count":4,"href":"https:\/\/hookahshop.lt\/lv\/wp-json\/wp\/v2\/product\/42422\/revisions"}],"predecessor-version":[{"id":44585,"href":"https:\/\/hookahshop.lt\/lv\/wp-json\/wp\/v2\/product\/42422\/revisions\/44585"}],"wp:featuredmedia":[{"embeddable":true,"href":"https:\/\/hookahshop.lt\/lv\/wp-json\/wp\/v2\/media\/42481"}],"wp:attachment":[{"href":"https:\/\/hookahshop.lt\/lv\/wp-json\/wp\/v2\/media?parent=42422"}],"curies":[{"name":"wp","href":"https:\/\/api.w.org\/{rel}","templated":true}]}}