{"id":42438,"date":"2025-09-22T14:55:31","date_gmt":"2025-09-22T11:55:31","guid":{"rendered":"https:\/\/hookahshop.lt\/?post_type=product&#038;p=42438"},"modified":"2026-04-15T12:29:45","modified_gmt":"2026-04-15T09:29:45","slug":"taurele-kaljanui-kong-turkish-duet-black","status":"publish","type":"product","link":"https:\/\/hookahshop.lt\/lv\/produkt\/udenspipes-kruzite-kong-turku-duets-melns\/","title":{"rendered":"\u016adensp\u012bpes kr\u016bz\u012bte KONG Turkish Duet Black"},"content":{"rendered":"<h2>\u016adensp\u012bpes kr\u016bz\u012bte KONG Turkish Duet Black<\/h2>\n<p>Tam ir diezgan biezas sienas, tas labi saglab\u0101 siltumu un neprasa \u012bpa\u0161u kop\u0161anu. Tas sola ilgu sm\u0113\u0137\u0113\u0161anas procesu un ir piem\u0113rots visu veidu tabakai.<br \/>\nLieliski apvienots ar kalaud siltuma kameru. \u016adensp\u012bpes mais\u012bjuma tilpums ir aptuveni 15-20 grami.<\/p>\n<p><strong>Specifik\u0101cijas:<\/strong><br \/>\nAugstums: 80 mm<br \/>\nDiametrs (\u0101r\u0113jais): 70 mm<br \/>\nDiametrs (iek\u0161\u0113jais): 57 mm<br \/>\nDzi\u013cums: 16 mm<br \/>\nCauruma diametrs: 7 mm<br \/>\nCaurumu skaits: 6 gab<br \/>\nSvars: ~255 g.<\/p>\n<p>Vai jums ir k\u0101di jaut\u0101jumi? Sazinies ar mums\u00a0<a href=\"https:\/\/hookahshop.lt\/lv\/kontaktiem\/\">kontaktu lapa<\/a>\u00a0vai rakstiet mums pa e-pastu\u00a0<a href=\"https:\/\/facebook.com\/HookahShop.lt\/\" target=\"_blank\" rel=\"noopener noreferrer\">Facebook konts<\/a>\u00a0un m\u0113s atbild\u0113sim uz j\u016bsu piepras\u012bjumu taj\u0101 pa\u0161\u0101 dien\u0101.<\/p>","protected":false},"excerpt":{"rendered":"<p>\u016adensp\u012bpes kr\u016bz\u012bte KONG Turkish Duet Black Tai ir diezgan biezas sienas, t\u0101 labi saglab\u0101 siltumu un neprasa \u012bpa\u0161u kop\u0161anu. Sola ilgu sm\u0113\u0137\u0113\u0161anas procesu un ir piem\u0113rota visu veidu tabakai. Lieliski apvienota ar kalaud siltuma kameru. \u016adensp\u012bpes mais\u012bjuma tilpums ir aptuveni 15-20 grami. Specifik\u0101cijas: Augstums: 80 mm Diametrs (\u0101r\u0113jais): 70 mm Diametrs (iek\u0161\u0113jais): 57 mm Dzi\u013cums: 16 mm Caurumi [\u2026]<\/p>","protected":false},"featured_media":42477,"comment_status":"open","ping_status":"closed","template":"","meta":[],"_links":{"self":[{"href":"https:\/\/hookahshop.lt\/lv\/wp-json\/wp\/v2\/product\/42438"}],"collection":[{"href":"https:\/\/hookahshop.lt\/lv\/wp-json\/wp\/v2\/product"}],"about":[{"href":"https:\/\/hookahshop.lt\/lv\/wp-json\/wp\/v2\/types\/product"}],"replies":[{"embeddable":true,"href":"https:\/\/hookahshop.lt\/lv\/wp-json\/wp\/v2\/comments?post=42438"}],"version-history":[{"count":3,"href":"https:\/\/hookahshop.lt\/lv\/wp-json\/wp\/v2\/product\/42438\/revisions"}],"predecessor-version":[{"id":44555,"href":"https:\/\/hookahshop.lt\/lv\/wp-json\/wp\/v2\/product\/42438\/revisions\/44555"}],"wp:featuredmedia":[{"embeddable":true,"href":"https:\/\/hookahshop.lt\/lv\/wp-json\/wp\/v2\/media\/42477"}],"wp:attachment":[{"href":"https:\/\/hookahshop.lt\/lv\/wp-json\/wp\/v2\/media?parent=42438"}],"curies":[{"name":"wp","href":"https:\/\/api.w.org\/{rel}","templated":true}]}}