{"id":42441,"date":"2025-09-22T15:03:32","date_gmt":"2025-09-22T12:03:32","guid":{"rendered":"https:\/\/hookahshop.lt\/?post_type=product&#038;p=42441"},"modified":"2026-04-06T23:29:41","modified_gmt":"2026-04-06T20:29:41","slug":"individualus-kaljano-kandiklis-darkside-d-stick-bronze","status":"publish","type":"product","link":"https:\/\/hookahshop.lt\/lv\/produkt\/pielagots-udenspipes-iemutnis-darkside-d-stick-bronza\/","title":{"rendered":"Individu\u0101ls \u016bdensp\u012bpes iemutnis DARKSIDE D Stick Bronze"},"content":{"rendered":"<h2>Individu\u0101ls \u016bdensp\u012bpes iemutnis DARKSIDE D Stick Bronze<\/h2>\n<p>Pateicoties silikona ieliktnim, der jebkuram \u016bdensp\u012bpes iemutnim, ir v\u0101ci\u0146\u0161. Person\u012bgais iemutnis ar magn\u0113tisko apvalku un \u0161tropi - j\u016bs vienm\u0113r varat n\u0113s\u0101t iemuti l\u012bdzi. Izgatavots no iztur\u012bgiem un piesk\u0101rienam pat\u012bkamiem materi\u0101liem, silikona bl\u012bv\u0113jums der\u0113s jebkuram citam iemutnim.<\/p>\n<p><strong>Specifik\u0101cijas:<\/strong><br \/>\nGarums: 62 mm<br \/>\nDiametrs: 26 mm<br \/>\nMateri\u0101ls: poliacet\u0101ls, silikons.<br \/>\nKr\u0101sa: bronza<\/p>\n<p><strong>Apr\u012bkojums:<\/strong><br \/>\nAtsevi\u0161\u0137s iemutnis ar auklu<br \/>\nZ\u012bmola Darside kaste<\/p>\n<p>Vai jums ir k\u0101di jaut\u0101jumi? Sazinies ar mums\u00a0<a href=\"https:\/\/hookahshop.lt\/lv\/kontaktiem\/\">kontaktu lapa<\/a>\u00a0vai rakstiet mums pa e-pastu\u00a0<a href=\"https:\/\/facebook.com\/HookahShop.lt\/\" target=\"_blank\" rel=\"noopener\">Facebook konts<\/a>\u00a0un m\u0113s atbild\u0113sim uz j\u016bsu piepras\u012bjumu taj\u0101 pa\u0161\u0101 dien\u0101.<\/p>\n<p>&nbsp;<\/p>","protected":false},"excerpt":{"rendered":"<p>Individu\u0101ls \u016bdensp\u012bpes iemutnis DARKSIDE D Stick Bronze Pateicoties silikona ieliktnim, tas der jebkuram \u016bdensp\u012bpes iemutnim, ir apr\u012bkots ar v\u0101ci\u0146u. Person\u0101ls iemutnis ar magn\u0113tisku korpusu un aukli\u0146u - j\u016bs vienm\u0113r varat n\u0113s\u0101t iemutni l\u012bdzi. Izgatavots no iztur\u012bgiem un pat\u012bkamiem piesk\u0101rienam materi\u0101liem, un silikona bl\u012bv\u0113jums der\u0113s jebkuram citam iemutnim. Specifik\u0101cijas: Garums: 62 mm Diametrs: 26 mm [\u2026]<\/p>","protected":false},"featured_media":42473,"comment_status":"open","ping_status":"closed","template":"","meta":[],"_links":{"self":[{"href":"https:\/\/hookahshop.lt\/lv\/wp-json\/wp\/v2\/product\/42441"}],"collection":[{"href":"https:\/\/hookahshop.lt\/lv\/wp-json\/wp\/v2\/product"}],"about":[{"href":"https:\/\/hookahshop.lt\/lv\/wp-json\/wp\/v2\/types\/product"}],"replies":[{"embeddable":true,"href":"https:\/\/hookahshop.lt\/lv\/wp-json\/wp\/v2\/comments?post=42441"}],"version-history":[{"count":8,"href":"https:\/\/hookahshop.lt\/lv\/wp-json\/wp\/v2\/product\/42441\/revisions"}],"predecessor-version":[{"id":44049,"href":"https:\/\/hookahshop.lt\/lv\/wp-json\/wp\/v2\/product\/42441\/revisions\/44049"}],"wp:featuredmedia":[{"embeddable":true,"href":"https:\/\/hookahshop.lt\/lv\/wp-json\/wp\/v2\/media\/42473"}],"wp:attachment":[{"href":"https:\/\/hookahshop.lt\/lv\/wp-json\/wp\/v2\/media?parent=42441"}],"curies":[{"name":"wp","href":"https:\/\/api.w.org\/{rel}","templated":true}]}}