{"id":42443,"date":"2025-09-22T14:51:53","date_gmt":"2025-09-22T11:51:53","guid":{"rendered":"https:\/\/hookahshop.lt\/?post_type=product&#038;p=42443"},"modified":"2026-04-21T23:30:31","modified_gmt":"2026-04-21T20:30:31","slug":"gaubtas-taureles-kaitinimui-star-black","status":"publish","type":"product","link":"https:\/\/hookahshop.lt\/lv\/produkt\/parsegs-kruzisu-sildisanai-zvaigzne-melns\/","title":{"rendered":"Kr\u016bz\u012b\u0161u sild\u012b\u0161anas p\u0101rsegs Star Black"},"content":{"rendered":"<h2><strong>Kr\u016bz\u012b\u0161u sild\u012b\u0161anas p\u0101rsegs Star Black<\/strong><\/h2>\n<p>Klasisks v\u0113ja nos\u016bc\u0113js \u0101ra k\u016bpin\u0101\u0161anai, lai aizsarg\u0101tu kokosogles no v\u0113ja, vai k\u016bpin\u0101\u0161anai iek\u0161telp\u0101s, lai labi uzsild\u012btu kr\u016bz\u012bti.<\/p>\n<p><strong>Specifik\u0101cija:<\/strong><br \/>\nAugstums: ~ 27,94 cm<br \/>\nDiametrs: ~ 8,89 cm<br \/>\nMateri\u0101ls: met\u0101ls<\/p>\n<p>Vai jums ir k\u0101di jaut\u0101jumi? Sazinies ar mums\u00a0<a href=\"https:\/\/hookahshop.lt\/lv\/kontaktiem\/\">kontaktu lapa<\/a>\u00a0vai rakstiet mums pa e-pastu\u00a0<a href=\"https:\/\/facebook.com\/HookahShop.lt\/\" target=\"_blank\" rel=\"noopener\">Facebook konts<\/a>\u00a0un m\u0113s atbild\u0113sim uz j\u016bsu piepras\u012bjumu taj\u0101 pa\u0161\u0101 dien\u0101.<\/p>","protected":false},"excerpt":{"rendered":"<p>Star Black Cup Heating Hood Klasisks v\u0113ja p\u0101rsegs, ko izmanto k\u016bpinot \u0101r\u0101, lai aizsarg\u0101tu kokosriekstu ogles no v\u0113ja, vai k\u016bpinot telp\u0101s, lai labi uzsild\u012btu kr\u016bzi. Specifik\u0101cija: Augstums: ~ 27,94 cm Diametrs: ~ 8,89 cm Materi\u0101ls: met\u0101ls Vai jums ir k\u0101di jaut\u0101jumi? Sazinieties ar mums kontaktlap\u0101 vai rakstiet mums Facebook, un m\u0113s atbild\u0113sim uz j\u016bsu piepras\u012bjumu taj\u0101 pa\u0161\u0101 dien\u0101.<\/p>","protected":false},"featured_media":42470,"comment_status":"open","ping_status":"closed","template":"","meta":[],"_links":{"self":[{"href":"https:\/\/hookahshop.lt\/lv\/wp-json\/wp\/v2\/product\/42443"}],"collection":[{"href":"https:\/\/hookahshop.lt\/lv\/wp-json\/wp\/v2\/product"}],"about":[{"href":"https:\/\/hookahshop.lt\/lv\/wp-json\/wp\/v2\/types\/product"}],"replies":[{"embeddable":true,"href":"https:\/\/hookahshop.lt\/lv\/wp-json\/wp\/v2\/comments?post=42443"}],"version-history":[{"count":2,"href":"https:\/\/hookahshop.lt\/lv\/wp-json\/wp\/v2\/product\/42443\/revisions"}],"predecessor-version":[{"id":42468,"href":"https:\/\/hookahshop.lt\/lv\/wp-json\/wp\/v2\/product\/42443\/revisions\/42468"}],"wp:featuredmedia":[{"embeddable":true,"href":"https:\/\/hookahshop.lt\/lv\/wp-json\/wp\/v2\/media\/42470"}],"wp:attachment":[{"href":"https:\/\/hookahshop.lt\/lv\/wp-json\/wp\/v2\/media?parent=42443"}],"curies":[{"name":"wp","href":"https:\/\/api.w.org\/{rel}","templated":true}]}}