{"id":42521,"date":"2025-10-01T15:30:21","date_gmt":"2025-10-01T12:30:21","guid":{"rendered":"https:\/\/hookahshop.lt\/?post_type=product&#038;p=42521"},"modified":"2026-04-16T10:21:45","modified_gmt":"2026-04-16T07:21:45","slug":"taurele-kaljanui-fox-killer-blue","status":"publish","type":"product","link":"https:\/\/hookahshop.lt\/lv\/produkt\/udenspipes-kruzite-fox-killer-blue\/","title":{"rendered":"\u016adensp\u012bpes kr\u016bz\u012bte FOX Killer Blue"},"content":{"rendered":"<h2><strong>\u016adensp\u012bpes kr\u016bz\u012bte FOX Killer Blue<\/strong><\/h2>\n<p>Tam ir biezas sienas, kas p\u0101rkl\u0101tas ar glaz\u016bru, labi saglab\u0101 siltumu un neprasa \u012bpa\u0161u kop\u0161anu. Tas sola ilgu sm\u0113\u0137\u0113\u0161anas procesu un ir piem\u0113rots visu veidu tabakai.<br \/>\n\u016adensp\u012bpes mais\u012bjuma tilpums ir aptuveni 15-20 grami.<\/p>\n<p><strong>Specifik\u0101cijas:<\/strong><br \/>\nAugstums: 100 mm<br \/>\nDiametrs (\u0101r\u0113jais): 70 mm<br \/>\nDiametrs (iek\u0161\u0113jais): 57 mm<br \/>\nDzi\u013cums: 16 mm<br \/>\nCauruma diametrs: 7 mm<br \/>\nCaurumu skaits: 5 gab<\/p>\n<p>Vai jums ir k\u0101di jaut\u0101jumi? Sazinies ar mums\u00a0<a href=\"https:\/\/hookahshop.lt\/lv\/kontaktiem\/\">kontaktu lapa<\/a>\u00a0vai rakstiet mums pa e-pastu\u00a0<a href=\"https:\/\/facebook.com\/HookahShop.lt\/\" target=\"_blank\" rel=\"noopener noreferrer\">Facebook konts<\/a>\u00a0un m\u0113s atbild\u0113sim uz j\u016bsu piepras\u012bjumu taj\u0101 pa\u0161\u0101 dien\u0101.<\/p>","protected":false},"excerpt":{"rendered":"<p>\u016adensp\u012bpes kr\u016bz\u012bte FOX Killer Blue Tai ir biezas sienas, kas p\u0101rkl\u0101tas ar glaz\u016bru, labi saglab\u0101 siltumu un neprasa \u012bpa\u0161u kop\u0161anu. Sola ilgu sm\u0113\u0137\u0113\u0161anas procesu un ir piem\u0113rota visu veidu tabakai. \u016adensp\u012bpes mais\u012bjuma tilpums ir aptuveni 15-20 grami. Specifik\u0101cijas: Augstums: 100 mm Diametrs (\u0101r\u0113jais): 70 mm Diametrs (iek\u0161\u0113jais): 57 mm Dzi\u013cums: 16 mm Cauruma diametrs: 7 mm Caurumu skaits: [\u2026]<\/p>","protected":false},"featured_media":42522,"comment_status":"open","ping_status":"closed","template":"","meta":[],"_links":{"self":[{"href":"https:\/\/hookahshop.lt\/lv\/wp-json\/wp\/v2\/product\/42521"}],"collection":[{"href":"https:\/\/hookahshop.lt\/lv\/wp-json\/wp\/v2\/product"}],"about":[{"href":"https:\/\/hookahshop.lt\/lv\/wp-json\/wp\/v2\/types\/product"}],"replies":[{"embeddable":true,"href":"https:\/\/hookahshop.lt\/lv\/wp-json\/wp\/v2\/comments?post=42521"}],"version-history":[{"count":2,"href":"https:\/\/hookahshop.lt\/lv\/wp-json\/wp\/v2\/product\/42521\/revisions"}],"predecessor-version":[{"id":42526,"href":"https:\/\/hookahshop.lt\/lv\/wp-json\/wp\/v2\/product\/42521\/revisions\/42526"}],"wp:featuredmedia":[{"embeddable":true,"href":"https:\/\/hookahshop.lt\/lv\/wp-json\/wp\/v2\/media\/42522"}],"wp:attachment":[{"href":"https:\/\/hookahshop.lt\/lv\/wp-json\/wp\/v2\/media?parent=42521"}],"curies":[{"name":"wp","href":"https:\/\/api.w.org\/{rel}","templated":true}]}}