{"id":42747,"date":"2025-11-06T19:22:36","date_gmt":"2025-11-06T17:22:36","guid":{"rendered":"https:\/\/hookahshop.lt\/?post_type=product&#038;p=42747"},"modified":"2025-12-18T20:07:39","modified_gmt":"2025-12-18T18:07:39","slug":"baterija-elektroniniam-kaljanui-enso-plus","status":"publish","type":"product","link":"https:\/\/hookahshop.lt\/lv\/produkt\/elektroniskas-udenspipes-akumulators-enso-plus\/","title":{"rendered":"Elektronisk\u0101s \u016bdensp\u012bpes akumulators ENSO Plus"},"content":{"rendered":"<h2>Elektronisk\u0101s \u016bdensp\u012bpes akumulators ENSO Plus<\/h2>\n<p>\u0160is ir papildu akumulators lieto\u0161anai ar ENSO elektronisko \u016bdensp\u012bpi. \u013bauj ier\u012bci lietot ilg\u0101k bez papildu uzl\u0101des \u2014 \u012bpa\u0161i noder\u012bgi, ja ce\u013cojat vai atrodaties t\u0101lu no str\u0101vas kontaktligzdas. Battery Plus tagad ir apr\u012bkots ar \u010detriem LED indikatoriem, kas par\u0101da pa\u0161reiz\u0113jo uzl\u0101des l\u012bmeni. Tas atbalsta ar\u012b \u0101tro uzl\u0101di, samazinot uzl\u0101des laiku no 3,5 stund\u0101m l\u012bdz tikai 1,5 stund\u0101m, uzl\u0101d\u0113jot \u0101rpus ENSO ier\u012bces ar 20 W (vai jaud\u012bg\u0101ku) \u0101r\u0113jo l\u0101d\u0113t\u0101ju.<\/p>\n<p data-start=\"355\" data-end=\"380\"><strong>Specifik\u0101cija:<\/strong><\/p>\n<p>Ietilp\u012bba: 5000 mAh litija jonu akumulators<br \/>\nSvars: aptuveni 0,4 kg<br \/>\nAugstums: 10,5 cm<br \/>\nPlatums: 7 cm<\/p>\n<p><strong>Garantijas periods:<\/strong><br \/>\n12 m\u0113ne\u0161i.<\/p>\n<p><strong>Lieto\u0161anai ar ENSO ier\u012bci k\u0101 nomain\u0101mu akumulatora moduli<\/strong><\/p>\n<p>Vai jums ir k\u0101di jaut\u0101jumi? Sazinies ar mums\u00a0<a href=\"https:\/\/hookahshop.lt\/lv\/kontaktiem\/\">kontaktu lapa<\/a>\u00a0vai rakstiet mums pa e-pastu\u00a0<a href=\"https:\/\/facebook.com\/HookahShop.lt\/\" target=\"_blank\" rel=\"noopener noreferrer\">Facebook konts<\/a>\u00a0un m\u0113s atbild\u0113sim uz j\u016bsu piepras\u012bjumu taj\u0101 pa\u0161\u0101 dien\u0101.<\/p>","protected":false},"excerpt":{"rendered":"<p>Elektronisk\u0101s \u016bdensp\u012bpes akumulators ENSO Plus \u0160is ir papildu akumulators lieto\u0161anai ar ENSO elektronisko \u016bdensp\u012bpi. \u013bauj ier\u012bci lietot ilg\u0101k bez papildu uzl\u0101des \u2014 \u012bpa\u0161i noder\u012bgi, ja ce\u013cojat vai atrodaties t\u0101lu no str\u0101vas kontaktligzdas. Plus akumulatoram tagad ir \u010detri LED indikatori, kas par\u0101da pa\u0161reiz\u0113jo uzl\u0101des l\u012bmeni. Tas atbalsta ar\u012b \u0101tro uzl\u0101di, samazinot uzl\u0101des laiku no 3,5 stund\u0101m l\u012bdz [\u2026]<\/p>","protected":false},"featured_media":42753,"comment_status":"open","ping_status":"closed","template":"","meta":[],"_links":{"self":[{"href":"https:\/\/hookahshop.lt\/lv\/wp-json\/wp\/v2\/product\/42747"}],"collection":[{"href":"https:\/\/hookahshop.lt\/lv\/wp-json\/wp\/v2\/product"}],"about":[{"href":"https:\/\/hookahshop.lt\/lv\/wp-json\/wp\/v2\/types\/product"}],"replies":[{"embeddable":true,"href":"https:\/\/hookahshop.lt\/lv\/wp-json\/wp\/v2\/comments?post=42747"}],"version-history":[{"count":7,"href":"https:\/\/hookahshop.lt\/lv\/wp-json\/wp\/v2\/product\/42747\/revisions"}],"predecessor-version":[{"id":44363,"href":"https:\/\/hookahshop.lt\/lv\/wp-json\/wp\/v2\/product\/42747\/revisions\/44363"}],"wp:featuredmedia":[{"embeddable":true,"href":"https:\/\/hookahshop.lt\/lv\/wp-json\/wp\/v2\/media\/42753"}],"wp:attachment":[{"href":"https:\/\/hookahshop.lt\/lv\/wp-json\/wp\/v2\/media?parent=42747"}],"curies":[{"name":"wp","href":"https:\/\/api.w.org\/{rel}","templated":true}]}}