{"id":42909,"date":"2025-11-18T13:49:24","date_gmt":"2025-11-18T11:49:24","guid":{"rendered":"https:\/\/hookahshop.lt\/?post_type=product&#038;p=42909"},"modified":"2026-04-18T23:29:33","modified_gmt":"2026-04-18T20:29:33","slug":"akriline-vandens-pypke-clear-30cm","status":"publish","type":"product","link":"https:\/\/hookahshop.lt\/lv\/produkt\/akrila-udenspipe-caurspidiga-30cm\/","title":{"rendered":"Akrila \u016bdensp\u012bpe caursp\u012bd\u012bga 30 cm"},"content":{"rendered":"<h2>Akrila \u016bdensp\u012bpe caursp\u012bd\u012bga 30 cm<\/h2>\n<p>Caursp\u012bd\u012bga akrila \u016bdensp\u012bpe ar maziem punkti\u0146iem. Praktiska gan ce\u013cojumiem, gan m\u0101j\u0101m. K\u0101ti\u0146\u0161 ir no\u0146emams dro\u0161ai transport\u0113\u0161anai, un \u010dilumu var no\u0146emt un atskr\u016bv\u0113t.<\/p>\n<p><strong>Specifik\u0101cijas:<\/strong><br \/>\nAugstums: 30 cm<br \/>\nKr\u0101sa: caursp\u012bd\u012bga<br \/>\nMateri\u0101ls: akrils<\/p>\n<p>Vai jums ir k\u0101di jaut\u0101jumi? Sazinies ar mums\u00a0<a href=\"https:\/\/hookahshop.lt\/lv\/kontaktiem\/\">kontaktu lapa<\/a>\u00a0vai rakstiet mums pa e-pastu\u00a0<a href=\"https:\/\/facebook.com\/HookahShop.lt\/\" target=\"_blank\" rel=\"noopener\">Facebook konts<\/a>\u00a0un m\u0113s atbild\u0113sim uz j\u016bsu piepras\u012bjumu taj\u0101 pa\u0161\u0101 dien\u0101.<\/p>","protected":false},"excerpt":{"rendered":"<p>Akrila \u016bdensp\u012bpe Caursp\u012bd\u012bga 30 cm caursp\u012bd\u012bga akrila \u016bdensp\u012bpe ar maziem punkti\u0146iem. Praktiska ce\u013cojumiem un m\u0101j\u0101m. K\u0101ji\u0146a ir no\u0146emama dro\u0161ai transport\u0113\u0161anai, un \u010dilumu var no\u0146emt un atskr\u016bv\u0113t. Specifik\u0101cijas: Augstums: 30 cm Kr\u0101sa: caursp\u012bd\u012bga Materi\u0101ls: akrils Vai jums ir k\u0101di jaut\u0101jumi? Sazinieties ar mums kontaktlap\u0101 vai rakstiet mums Facebook, un m\u0113s atbild\u0113sim uz j\u016bsu piepras\u012bjumu taj\u0101 pa\u0161\u0101 dien\u0101.<\/p>","protected":false},"featured_media":42910,"comment_status":"closed","ping_status":"closed","template":"","meta":[],"_links":{"self":[{"href":"https:\/\/hookahshop.lt\/lv\/wp-json\/wp\/v2\/product\/42909"}],"collection":[{"href":"https:\/\/hookahshop.lt\/lv\/wp-json\/wp\/v2\/product"}],"about":[{"href":"https:\/\/hookahshop.lt\/lv\/wp-json\/wp\/v2\/types\/product"}],"replies":[{"embeddable":true,"href":"https:\/\/hookahshop.lt\/lv\/wp-json\/wp\/v2\/comments?post=42909"}],"version-history":[{"count":3,"href":"https:\/\/hookahshop.lt\/lv\/wp-json\/wp\/v2\/product\/42909\/revisions"}],"predecessor-version":[{"id":45373,"href":"https:\/\/hookahshop.lt\/lv\/wp-json\/wp\/v2\/product\/42909\/revisions\/45373"}],"wp:featuredmedia":[{"embeddable":true,"href":"https:\/\/hookahshop.lt\/lv\/wp-json\/wp\/v2\/media\/42910"}],"wp:attachment":[{"href":"https:\/\/hookahshop.lt\/lv\/wp-json\/wp\/v2\/media?parent=42909"}],"curies":[{"name":"wp","href":"https:\/\/api.w.org\/{rel}","templated":true}]}}