{"id":42915,"date":"2025-11-18T13:32:20","date_gmt":"2025-11-18T11:32:20","guid":{"rendered":"https:\/\/hookahshop.lt\/?post_type=product&#038;p=42915"},"modified":"2026-04-17T16:33:50","modified_gmt":"2026-04-17T13:33:50","slug":"smulkintuvas-metalinis-black-leaf-grey","status":"publish","type":"product","link":"https:\/\/hookahshop.lt\/lv\/produkt\/smalcinatajs-metals-melns-peleks\/","title":{"rendered":"Met\u0101la smalcin\u0101t\u0101js BLACK LEAF pel\u0113ks 52mm"},"content":{"rendered":"<h2>Met\u0101la smalcin\u0101t\u0101js BLACK LEAF pel\u0113ks 52mm<\/h2>\n<p>CNC griezts alum\u012bnija \u0161\u0137eldot\u0101js ar rombveida zobiem un magn\u0113tisko v\u0101ci\u0146u. Korpuss: apak\u0161\u0113j\u0101 kamera, dzirnavi\u0146as.<\/p>\n<p><strong>Specifik\u0101cijas:<\/strong><br \/>\nAugstums: 18 mm<br \/>\nDiametrs: 55\/52 mm<br \/>\nKr\u0101sa: pel\u0113ka<br \/>\nMateri\u0101ls: Alum\u012bnijs<\/p>\n<p>Vai jums ir k\u0101di jaut\u0101jumi? Sazinies ar mums\u00a0<a href=\"https:\/\/hookahshop.lt\/lv\/kontaktiem\/\">kontaktu lapa<\/a>\u00a0vai rakstiet mums pa e-pastu\u00a0<a href=\"https:\/\/facebook.com\/HookahShop.lt\/\" target=\"_blank\" rel=\"noopener\">Facebook konts<\/a>\u00a0un m\u0113s atbild\u0113sim uz j\u016bsu piepras\u012bjumu taj\u0101 pa\u0161\u0101 dien\u0101.<\/p>","protected":false},"excerpt":{"rendered":"<p>Met\u0101la smalcin\u0101t\u0101js BLACK LEAF Pel\u0113ks 52 mm CNC grie\u0161anas alum\u012bnija smalcin\u0101t\u0101js ar dimanta formas zobiem un magn\u0113tisku v\u0101ku. Korpuss: apak\u0161\u0113j\u0101 kamera, sl\u012bpma\u0161\u012bna. Specifik\u0101cijas: Augstums: 18 mm Diametrs: 55\/52 mm Kr\u0101sa: Pel\u0113ka Materi\u0101ls: Alum\u012bnijs Vai jums ir k\u0101di jaut\u0101jumi? Sazinieties ar mums kontaktlap\u0101 vai rakstiet mums Facebook, un m\u0113s atbild\u0113sim uz j\u016bsu piepras\u012bjumu taj\u0101 pa\u0161\u0101 dien\u0101.<\/p>","protected":false},"featured_media":42918,"comment_status":"closed","ping_status":"closed","template":"","meta":[],"_links":{"self":[{"href":"https:\/\/hookahshop.lt\/lv\/wp-json\/wp\/v2\/product\/42915"}],"collection":[{"href":"https:\/\/hookahshop.lt\/lv\/wp-json\/wp\/v2\/product"}],"about":[{"href":"https:\/\/hookahshop.lt\/lv\/wp-json\/wp\/v2\/types\/product"}],"replies":[{"embeddable":true,"href":"https:\/\/hookahshop.lt\/lv\/wp-json\/wp\/v2\/comments?post=42915"}],"version-history":[{"count":5,"href":"https:\/\/hookahshop.lt\/lv\/wp-json\/wp\/v2\/product\/42915\/revisions"}],"predecessor-version":[{"id":43244,"href":"https:\/\/hookahshop.lt\/lv\/wp-json\/wp\/v2\/product\/42915\/revisions\/43244"}],"wp:featuredmedia":[{"embeddable":true,"href":"https:\/\/hookahshop.lt\/lv\/wp-json\/wp\/v2\/media\/42918"}],"wp:attachment":[{"href":"https:\/\/hookahshop.lt\/lv\/wp-json\/wp\/v2\/media?parent=42915"}],"curies":[{"name":"wp","href":"https:\/\/api.w.org\/{rel}","templated":true}]}}