{"id":42929,"date":"2025-11-18T13:50:11","date_gmt":"2025-11-18T11:50:11","guid":{"rendered":"https:\/\/hookahshop.lt\/?post_type=product&#038;p=42929"},"modified":"2026-04-23T23:30:14","modified_gmt":"2026-04-23T20:30:14","slug":"stikline-vandens-pypke-black-leaf-pastel","status":"publish","type":"product","link":"https:\/\/hookahshop.lt\/lv\/produkt\/stikla-udenspipe-melnajam-lapam-pasteltonos\/","title":{"rendered":"Stikla \u016bdensp\u012bpe BLACK LEAF Pastel Leaves 30cm"},"content":{"rendered":"<h2>Stikla \u016bdensp\u012bpe BLACK LEAF Pastel Leaves 30cm<\/h2>\n<p>Izgatavots no borsilik\u0101ta stikla. Augsts, izliekts, ar liel\u0101ku tilpumu. Ar ledus spraug\u0101m.<\/p>\n<p><strong>Specifik\u0101cijas:<\/strong><br \/>\nDiametrs: 110\/38 mm<br \/>\nGarums: 300 mm<br \/>\nKr\u0101sa: caursp\u012bd\u012bga<br \/>\nMateri\u0101ls: borosilik\u0101ta stikls<\/p>\n<p>Vai jums ir k\u0101di jaut\u0101jumi? Sazinies ar mums\u00a0<a href=\"https:\/\/hookahshop.lt\/lv\/kontaktiem\/\">kontaktu lapa<\/a>\u00a0vai rakstiet mums pa e-pastu\u00a0<a href=\"https:\/\/facebook.com\/HookahShop.lt\/\" target=\"_blank\" rel=\"noopener noreferrer\">Facebook konts<\/a>\u00a0un m\u0113s atbild\u0113sim uz j\u016bsu piepras\u012bjumu taj\u0101 pa\u0161\u0101 dien\u0101.<\/p>","protected":false},"excerpt":{"rendered":"<p>Stiklin\u0117 vandens pypk\u0117 BLACK LEAF Pastel Leaves 30cm Pagamintas i\u0161 borosilikatinio stiklo. Auk\u0161tas, lenktas, didesnio t\u016brio. Turi ledo \u012fpjovas. Specifikacijos: Skersmuo: 110\/38 mm Ilgis: 300 mm Spalva: Skaidrus Med\u017eiaga: Borosilikatinis stiklas Turite klausim\u0173? Susisiekite su mumis\u00a0kontakt\u0173 puslapyje\u00a0arba para\u0161ykite mums \u012f\u00a0Facebook paskyr\u0105\u00a0ir atsakysime \u012f j\u016bs\u0173 u\u017eklaus\u0105 dar t\u0105 pa\u010di\u0105 dien\u0105.<\/p>","protected":false},"featured_media":42930,"comment_status":"closed","ping_status":"closed","template":"","meta":[],"_links":{"self":[{"href":"https:\/\/hookahshop.lt\/lv\/wp-json\/wp\/v2\/product\/42929"}],"collection":[{"href":"https:\/\/hookahshop.lt\/lv\/wp-json\/wp\/v2\/product"}],"about":[{"href":"https:\/\/hookahshop.lt\/lv\/wp-json\/wp\/v2\/types\/product"}],"replies":[{"embeddable":true,"href":"https:\/\/hookahshop.lt\/lv\/wp-json\/wp\/v2\/comments?post=42929"}],"version-history":[{"count":8,"href":"https:\/\/hookahshop.lt\/lv\/wp-json\/wp\/v2\/product\/42929\/revisions"}],"predecessor-version":[{"id":44534,"href":"https:\/\/hookahshop.lt\/lv\/wp-json\/wp\/v2\/product\/42929\/revisions\/44534"}],"wp:featuredmedia":[{"embeddable":true,"href":"https:\/\/hookahshop.lt\/lv\/wp-json\/wp\/v2\/media\/42930"}],"wp:attachment":[{"href":"https:\/\/hookahshop.lt\/lv\/wp-json\/wp\/v2\/media?parent=42929"}],"curies":[{"name":"wp","href":"https:\/\/api.w.org\/{rel}","templated":true}]}}