{"id":43043,"date":"2025-11-18T15:02:12","date_gmt":"2025-11-18T13:02:12","guid":{"rendered":"https:\/\/hookahshop.lt\/?post_type=product&#038;p=43043"},"modified":"2026-04-19T23:30:24","modified_gmt":"2026-04-19T20:30:24","slug":"stikline-vandens-pypke-icebong-blue-21cm","status":"publish","type":"product","link":"https:\/\/hookahshop.lt\/lv\/produkt\/stikla-udenspipe-aisberga-zila-21cm\/","title":{"rendered":"Stikla \u016bdensp\u012bpe Icebong Blue 21cm"},"content":{"rendered":"<h2>Stikla \u016bdensp\u012bpe Icebong Blue 21cm<\/h2>\n<p>Ball\u012btei vai silt\u0101m dien\u0101m \u0101r\u0101: Icebong mini ir mazs, \u0113rts, un to var n\u0113s\u0101t katr\u0101 rokassomi\u0146\u0101! \u0160is burbulis ir ar\u012b \u013coti funkcion\u0101ls ar kickhole un trim ledus iegriezumiem. Lielisks bongs ce\u013cojumiem.<\/p>\n<p><strong>Specifik\u0101cijas:<\/strong><br \/>\nDiametrs: 68\/28 mm<br \/>\nGarums: 210 mm<br \/>\nKr\u0101sa: Caursp\u012bd\u012bga \/ Zila<br \/>\nCaurules tips: 14,5 mm<br \/>\nMateri\u0101ls: borosilik\u0101ta stikls<\/p>\n<p>Vai jums ir k\u0101di jaut\u0101jumi? Sazinies ar mums\u00a0<a href=\"https:\/\/hookahshop.lt\/lv\/kontaktiem\/\">kontaktu lapa<\/a>\u00a0vai rakstiet mums pa e-pastu\u00a0<a href=\"https:\/\/facebook.com\/HookahShop.lt\/\" target=\"_blank\" rel=\"noopener noreferrer\">Facebook konts<\/a>\u00a0un m\u0113s atbild\u0113sim uz j\u016bsu piepras\u012bjumu taj\u0101 pa\u0161\u0101 dien\u0101.<\/p>","protected":false},"excerpt":{"rendered":"<p>Stikla \u016bdensp\u012bpe Icebong Blue 21cm Ball\u012btei vai silt\u0101m dien\u0101m br\u012bv\u0101 dab\u0101: Icebong mini ir mazs, \u0113rts un to var n\u0113s\u0101t l\u012bdzi katr\u0101 som\u0101! Ar ledus atveri un trim ledus spraug\u0101m \u0161is burbu\u013cot\u0101js ir ar\u012b \u013coti funkcion\u0101ls. Lielisks \u016bdensp\u012bpe ce\u013cojumiem. Specifik\u0101cijas: Diametrs: 68\/28 mm Garums: 210 mm Kr\u0101sa: Caursp\u012bd\u012bga\/Zila Caurules tips: 14,5 mm Materi\u0101ls: [\u2026]<\/p>","protected":false},"featured_media":43045,"comment_status":"closed","ping_status":"closed","template":"","meta":[],"_links":{"self":[{"href":"https:\/\/hookahshop.lt\/lv\/wp-json\/wp\/v2\/product\/43043"}],"collection":[{"href":"https:\/\/hookahshop.lt\/lv\/wp-json\/wp\/v2\/product"}],"about":[{"href":"https:\/\/hookahshop.lt\/lv\/wp-json\/wp\/v2\/types\/product"}],"replies":[{"embeddable":true,"href":"https:\/\/hookahshop.lt\/lv\/wp-json\/wp\/v2\/comments?post=43043"}],"version-history":[{"count":4,"href":"https:\/\/hookahshop.lt\/lv\/wp-json\/wp\/v2\/product\/43043\/revisions"}],"predecessor-version":[{"id":45194,"href":"https:\/\/hookahshop.lt\/lv\/wp-json\/wp\/v2\/product\/43043\/revisions\/45194"}],"wp:featuredmedia":[{"embeddable":true,"href":"https:\/\/hookahshop.lt\/lv\/wp-json\/wp\/v2\/media\/43045"}],"wp:attachment":[{"href":"https:\/\/hookahshop.lt\/lv\/wp-json\/wp\/v2\/media?parent=43043"}],"curies":[{"name":"wp","href":"https:\/\/api.w.org\/{rel}","templated":true}]}}