{"id":43128,"date":"2025-11-18T15:05:20","date_gmt":"2025-11-18T13:05:20","guid":{"rendered":"https:\/\/hookahshop.lt\/?post_type=product&#038;p=43128"},"modified":"2026-04-19T23:30:24","modified_gmt":"2026-04-19T20:30:24","slug":"popiereliai-raw-organic-hemp-papers","status":"publish","type":"product","link":"https:\/\/hookahshop.lt\/lv\/produkt\/papiri-neapstradati-biologiskas-kanepes-papiri\/","title":{"rendered":"RAW organisko ka\u0146epju pap\u012bri"},"content":{"rendered":"<h2>RAW organisko ka\u0146epju pap\u012bri<\/h2>\n<p>Rolling RAW cigare\u0161u pap\u012brs - izgatavots no organisk\u0101m, neapstr\u0101d\u0101t\u0101m un nebalin\u0101t\u0101m dab\u012bg\u0101m \u0161\u0137iedr\u0101m.<\/p>\n<p><strong>Specifik\u0101cijas:<\/strong><br \/>\nIzm\u0113rs: 78x44 mm<br \/>\n50 pap\u012bri iepakojum\u0101.<\/p>\n<p>Vai jums ir k\u0101di jaut\u0101jumi? Sazinies ar mums\u00a0<a href=\"https:\/\/hookahshop.lt\/lv\/kontaktiem\/\">kontaktu lapa<\/a>\u00a0vai rakstiet mums pa e-pastu\u00a0<a href=\"https:\/\/facebook.com\/HookahShop.lt\/\" target=\"_blank\" rel=\"noopener\">Facebook konts<\/a>\u00a0un m\u0113s atbild\u0113sim uz j\u016bsu piepras\u012bjumu taj\u0101 pa\u0161\u0101 dien\u0101.<\/p>","protected":false},"excerpt":{"rendered":"<p>Papers RAW Organic Hemp Papers RAW cigare\u0161u rull\u012b\u0161u pap\u012brs - izgatavots no organisk\u0101m, neapstr\u0101d\u0101t\u0101m un nebalin\u0101t\u0101m dab\u012bg\u0101m \u0161\u0137iedr\u0101m. Specifik\u0101cijas: Izm\u0113rs: 78x44mm 50 pap\u012bri iepakojum\u0101. Vai jums ir k\u0101di jaut\u0101jumi? Sazinieties ar mums kontaktlap\u0101 vai rakstiet mums Facebook, un m\u0113s atbild\u0113sim uz j\u016bsu jaut\u0101jumu taj\u0101 pa\u0161\u0101 dien\u0101.<\/p>","protected":false},"featured_media":43129,"comment_status":"closed","ping_status":"closed","template":"","meta":[],"_links":{"self":[{"href":"https:\/\/hookahshop.lt\/lv\/wp-json\/wp\/v2\/product\/43128"}],"collection":[{"href":"https:\/\/hookahshop.lt\/lv\/wp-json\/wp\/v2\/product"}],"about":[{"href":"https:\/\/hookahshop.lt\/lv\/wp-json\/wp\/v2\/types\/product"}],"replies":[{"embeddable":true,"href":"https:\/\/hookahshop.lt\/lv\/wp-json\/wp\/v2\/comments?post=43128"}],"version-history":[{"count":5,"href":"https:\/\/hookahshop.lt\/lv\/wp-json\/wp\/v2\/product\/43128\/revisions"}],"predecessor-version":[{"id":45213,"href":"https:\/\/hookahshop.lt\/lv\/wp-json\/wp\/v2\/product\/43128\/revisions\/45213"}],"wp:featuredmedia":[{"embeddable":true,"href":"https:\/\/hookahshop.lt\/lv\/wp-json\/wp\/v2\/media\/43129"}],"wp:attachment":[{"href":"https:\/\/hookahshop.lt\/lv\/wp-json\/wp\/v2\/media?parent=43128"}],"curies":[{"name":"wp","href":"https:\/\/api.w.org\/{rel}","templated":true}]}}