{"id":43131,"date":"2025-11-18T13:54:34","date_gmt":"2025-11-18T11:54:34","guid":{"rendered":"https:\/\/hookahshop.lt\/?post_type=product&#038;p=43131"},"modified":"2026-04-24T23:30:21","modified_gmt":"2026-04-24T20:30:21","slug":"popiereliai-smoking-brown-papers-ks-ultra","status":"publish","type":"product","link":"https:\/\/hookahshop.lt\/lv\/produkt\/papiri-smekesana-bruni-papiri-ks-ultra\/","title":{"rendered":"SM\u0112\u0136\u0112\u0160ANAS Br\u016bnie Pap\u012bri KS Ultra"},"content":{"rendered":"<h2>SM\u0112\u0136\u0112\u0160ANAS Br\u016bnie Pap\u012bri KS Ultra<\/h2>\n<p>Cigare\u0161u rull\u012b\u0161u pap\u012brs ir izgatavots no organisk\u0101m, neapstr\u0101d\u0101t\u0101m un nebalin\u0101t\u0101m dab\u012bg\u0101m \u0161\u0137iedr\u0101m.<\/p>\n<p><strong>Specifik\u0101cijas:<\/strong><\/p>\n<p>Izm\u0113rs: 108 \u00d7 44 mm (liels izm\u0113rs)<\/p>\n<p>Komplekt\u0101 ir 33 pap\u012bra lapas.<\/p>\n<p>Vai jums ir k\u0101di jaut\u0101jumi? Sazinies ar mums\u00a0<a href=\"https:\/\/hookahshop.lt\/lv\/kontaktiem\/\">kontaktu lapa<\/a>\u00a0vai rakstiet mums pa e-pastu\u00a0<a href=\"https:\/\/facebook.com\/HookahShop.lt\/\" target=\"_blank\" rel=\"noopener\">Facebook konts<\/a>\u00a0un m\u0113s atbild\u0113sim uz j\u016bsu piepras\u012bjumu taj\u0101 pa\u0161\u0101 dien\u0101.<\/p>","protected":false},"excerpt":{"rendered":"<p>Rull\u0113jamie pap\u012bri\u0146i SMOKING Brown Papers KS Ultra Rolling Smoking cigare\u0161u pap\u012brs - izgatavots no organisk\u0101m, neapstr\u0101d\u0101t\u0101m un nebalin\u0101t\u0101m dab\u012bg\u0101m \u0161\u0137iedr\u0101m. Specifik\u0101cijas: Izm\u0113rs: 108 \u00d7 44 mm (King Size) 33 pap\u012bri iepakojum\u0101. Vai jums ir k\u0101di jaut\u0101jumi? Sazinieties ar mums kontaktlap\u0101 vai rakstiet mums Facebook, un m\u0113s atbild\u0113sim uz j\u016bsu piepras\u012bjumu taj\u0101 pa\u0161\u0101 dien\u0101.<\/p>","protected":false},"featured_media":43132,"comment_status":"closed","ping_status":"closed","template":"","meta":[],"_links":{"self":[{"href":"https:\/\/hookahshop.lt\/lv\/wp-json\/wp\/v2\/product\/43131"}],"collection":[{"href":"https:\/\/hookahshop.lt\/lv\/wp-json\/wp\/v2\/product"}],"about":[{"href":"https:\/\/hookahshop.lt\/lv\/wp-json\/wp\/v2\/types\/product"}],"replies":[{"embeddable":true,"href":"https:\/\/hookahshop.lt\/lv\/wp-json\/wp\/v2\/comments?post=43131"}],"version-history":[{"count":5,"href":"https:\/\/hookahshop.lt\/lv\/wp-json\/wp\/v2\/product\/43131\/revisions"}],"predecessor-version":[{"id":45318,"href":"https:\/\/hookahshop.lt\/lv\/wp-json\/wp\/v2\/product\/43131\/revisions\/45318"}],"wp:featuredmedia":[{"embeddable":true,"href":"https:\/\/hookahshop.lt\/lv\/wp-json\/wp\/v2\/media\/43132"}],"wp:attachment":[{"href":"https:\/\/hookahshop.lt\/lv\/wp-json\/wp\/v2\/media?parent=43131"}],"curies":[{"name":"wp","href":"https:\/\/api.w.org\/{rel}","templated":true}]}}