{"id":43238,"date":"2025-11-19T09:54:11","date_gmt":"2025-11-19T07:54:11","guid":{"rendered":"https:\/\/hookahshop.lt\/?post_type=product&#038;p=43238"},"modified":"2026-04-18T23:29:34","modified_gmt":"2026-04-18T20:29:34","slug":"akriline-vandens-pypke-wide-orange-20cm","status":"publish","type":"product","link":"https:\/\/hookahshop.lt\/lv\/produkt\/akrila-udenspipe-plata-oranza-20-cm\/","title":{"rendered":"Akrila \u016bdensp\u012bpe plata oran\u017ea 20 cm"},"content":{"rendered":"<h2>Akrila \u016bdensp\u012bpe plata oran\u017ea 20 cm<\/h2>\n<p>Mazs, paroc\u012bgs akrila bongs ar met\u0101la cauruli. \u0112rts ce\u013co\u0161anai vai m\u0101j\u0101s. \u0160im bongam ir mazs trieciena caurums ar gumijas starpliku un elast\u012bga un no\u0146emama pamatne stabilit\u0101tei un sa\u0137erei.<\/p>\n<p><strong>Specifik\u0101cijas:<\/strong><br \/>\nAugstums: 20cm<br \/>\nDiametrs: 3 cm<br \/>\nMateri\u0101ls: Akrils<\/p>\n<p>Vai jums ir k\u0101di jaut\u0101jumi? Sazinies ar mums\u00a0<a href=\"https:\/\/hookahshop.lt\/lv\/kontaktiem\/\">kontaktu lapa<\/a>\u00a0vai rakstiet mums pa e-pastu\u00a0<a href=\"https:\/\/facebook.com\/HookahShop.lt\/\" target=\"_blank\" rel=\"noopener\">Facebook konts<\/a>\u00a0un m\u0113s atbild\u0113sim uz j\u016bsu piepras\u012bjumu taj\u0101 pa\u0161\u0101 dien\u0101.<\/p>","protected":false},"excerpt":{"rendered":"<p>Akrila \u016bdensp\u012bpe, plata, oran\u017ea, 20 cm. Maza, \u0113rta akrila \u016bdensp\u012bpe ar met\u0101la caurul\u012bti. \u0112rta ce\u013cojumiem vai m\u0101j\u0101m. \u0160ai \u016bdensp\u012bpei ir mazs atv\u0113rums ar gumijas bl\u012bvi un elast\u012bga, no\u0146emama pamatne, kas nodro\u0161ina stabilit\u0101ti un sa\u0137eri. Specifik\u0101cijas: Augstums: 20 cm Diametrs: 3 cm Materi\u0101ls: Akrils Vai jums ir k\u0101di jaut\u0101jumi? Sazinieties ar mums kontaktlap\u0101 vai rakstiet mums Facebook, un m\u0113s atbild\u0113sim uz j\u016bsu jaut\u0101jumu [\u2026]<\/p>","protected":false},"featured_media":43255,"comment_status":"closed","ping_status":"closed","template":"","meta":[],"_links":{"self":[{"href":"https:\/\/hookahshop.lt\/lv\/wp-json\/wp\/v2\/product\/43238"}],"collection":[{"href":"https:\/\/hookahshop.lt\/lv\/wp-json\/wp\/v2\/product"}],"about":[{"href":"https:\/\/hookahshop.lt\/lv\/wp-json\/wp\/v2\/types\/product"}],"replies":[{"embeddable":true,"href":"https:\/\/hookahshop.lt\/lv\/wp-json\/wp\/v2\/comments?post=43238"}],"version-history":[{"count":6,"href":"https:\/\/hookahshop.lt\/lv\/wp-json\/wp\/v2\/product\/43238\/revisions"}],"predecessor-version":[{"id":43279,"href":"https:\/\/hookahshop.lt\/lv\/wp-json\/wp\/v2\/product\/43238\/revisions\/43279"}],"wp:featuredmedia":[{"embeddable":true,"href":"https:\/\/hookahshop.lt\/lv\/wp-json\/wp\/v2\/media\/43255"}],"wp:attachment":[{"href":"https:\/\/hookahshop.lt\/lv\/wp-json\/wp\/v2\/media?parent=43238"}],"curies":[{"name":"wp","href":"https:\/\/api.w.org\/{rel}","templated":true}]}}