{"id":43291,"date":"2025-11-20T09:26:40","date_gmt":"2025-11-20T07:26:40","guid":{"rendered":"https:\/\/hookahshop.lt\/?post_type=product&#038;p=43291"},"modified":"2026-04-18T23:29:34","modified_gmt":"2026-04-18T20:29:34","slug":"savaime-uzsidegancios-kaljano-anglys-three","status":"publish","type":"product","link":"https:\/\/hookahshop.lt\/lv\/produkt\/pasuzliesmojosas-kalnu-ogles-tris\/","title":{"rendered":"Pa\u0161aizdegam\u0101s \u016bdensp\u012bpes ogles THREE KINGS 33mm"},"content":{"rendered":"<h2>Pa\u0161aizdegam\u0101s \u016bdensp\u012bpes ogles THREE KINGS 33mm<\/h2>\n<p>Augstas kvalit\u0101tes, viegli aizdedzin\u0101ms un neizdala nek\u0101du smaku vai d\u016bmus, neietekm\u0113 k\u016bpin\u0101t\u0101s tabakas gar\u0161u. Ra\u017eots N\u012bderland\u0113.<\/p>\n<p><strong>Specifik\u0101cija:<\/strong><br \/>\nDiametrs: 33 mm<br \/>\nDeg l\u012bdz 1 stundai<br \/>\nPiem\u0113rots vis\u0101m tas\u012bt\u0113m<\/p>\n<p>Cena ir par 1 rulli (10 gabali, tabletes)<\/p>\n<p>Vai jums ir k\u0101di jaut\u0101jumi? Sazinies ar mums\u00a0<a href=\"https:\/\/hookahshop.lt\/lv\/kontaktiem\/\">kontaktu lapa<\/a>\u00a0vai rakstiet mums pa e-pastu\u00a0<a href=\"https:\/\/facebook.com\/HookahShop.lt\/\" target=\"_blank\" rel=\"noopener\">Facebook konts<\/a>\u00a0un m\u0113s atbild\u0113sim uz j\u016bsu piepras\u012bjumu taj\u0101 pa\u0161\u0101 dien\u0101.<\/p>","protected":false},"excerpt":{"rendered":"<p>Pa\u0161aizdegam\u0101s \u016bdensp\u012bpes ogles THREE KINGS 33mm Augstas kvalit\u0101tes, viegli aizdegas un neizdala nek\u0101du smaku vai d\u016bmus, neietekm\u0113 k\u016bpin\u0101t\u0101s tabakas gar\u0161u. Ra\u017eots N\u012bderland\u0113. Specifik\u0101cija: Diametrs: 33 mm Deg l\u012bdz 1 stundai Piem\u0113rots vis\u0101m kr\u016bz\u012bt\u0113m Cena ir par 1 rulli (10 gab., tabletes) Vai jums ir k\u0101di jaut\u0101jumi? Sazinieties ar mums kontaktlap\u0101 vai rakstiet mums Facebook, un m\u0113s atbild\u0113sim uz j\u016bsu [\u2026]<\/p>","protected":false},"featured_media":43293,"comment_status":"closed","ping_status":"closed","template":"","meta":[],"_links":{"self":[{"href":"https:\/\/hookahshop.lt\/lv\/wp-json\/wp\/v2\/product\/43291"}],"collection":[{"href":"https:\/\/hookahshop.lt\/lv\/wp-json\/wp\/v2\/product"}],"about":[{"href":"https:\/\/hookahshop.lt\/lv\/wp-json\/wp\/v2\/types\/product"}],"replies":[{"embeddable":true,"href":"https:\/\/hookahshop.lt\/lv\/wp-json\/wp\/v2\/comments?post=43291"}],"version-history":[{"count":5,"href":"https:\/\/hookahshop.lt\/lv\/wp-json\/wp\/v2\/product\/43291\/revisions"}],"predecessor-version":[{"id":45367,"href":"https:\/\/hookahshop.lt\/lv\/wp-json\/wp\/v2\/product\/43291\/revisions\/45367"}],"wp:featuredmedia":[{"embeddable":true,"href":"https:\/\/hookahshop.lt\/lv\/wp-json\/wp\/v2\/media\/43293"}],"wp:attachment":[{"href":"https:\/\/hookahshop.lt\/lv\/wp-json\/wp\/v2\/media?parent=43291"}],"curies":[{"name":"wp","href":"https:\/\/api.w.org\/{rel}","templated":true}]}}