{"id":43534,"date":"2025-11-24T09:18:00","date_gmt":"2025-11-24T07:18:00","guid":{"rendered":"https:\/\/hookahshop.lt\/?post_type=product&#038;p=43534"},"modified":"2026-04-18T23:29:34","modified_gmt":"2026-04-18T20:29:34","slug":"taurele-kaljanui-thor-alien-tng-glaze","status":"publish","type":"product","link":"https:\/\/hookahshop.lt\/lv\/produkt\/udenspipes-kruze-thor-alien-tng-glazura\/","title":{"rendered":"\u016adensp\u012bpes kr\u016bz\u012bte THOR Alien TNG Glaze"},"content":{"rendered":"<h2 data-start=\"46\" data-end=\"410\">\u016adensp\u012bpes kr\u016bz\u012bte THOR Alien TNG Glaze<\/h2>\n<p data-start=\"412\" data-end=\"810\">Thor Alien TNG Glaze b\u013codi\u0146a ir lieliski piem\u0113rota gan stiprai, gan vieglai tabakai. B\u013codi\u0146u var pagatavot bez jebk\u0101d\u0101m probl\u0113m\u0101m, ieg\u016bstot d\u016bmakainu un gar\u0161\u012bgu \u016bdensp\u012bpi, padarot to piem\u0113rotu ies\u0101c\u0113jiem. B\u013codi\u0146a ir p\u0101rkl\u0101ta ar glaz\u016bru, t\u0101p\u0113c t\u0101 saglab\u0101s savu lielisko izskatu daudzus gadus. Maz\u0101s ietilp\u012bbas d\u0113\u013c t\u0101 ir piem\u0113rota solo sm\u0113\u0137\u0113\u0161anai.<\/p>\n<p data-start=\"896\" data-end=\"917\"><strong>Specifik\u0101cijas:<\/strong><\/p>\n<p data-start=\"920\" data-end=\"937\">Augstums: 101 mm<\/p>\n<p data-start=\"920\" data-end=\"937\">Diametrs (\u0101r\u0113jais): 70 mm<\/p>\n<p data-start=\"971\" data-end=\"998\">Diametrs (iek\u0161\u0113jais): 63 mm<\/p>\n<p data-start=\"1001\" data-end=\"1015\">Dzi\u013cums: 11mm<\/p>\n<p data-start=\"1044\" data-end=\"1067\">Caurumu skaits: 1 gab.<\/p>\n<p data-start=\"1070\" data-end=\"1090\" data-is-last-node=\"\">Svars: apm\u0113ram 175 g<\/p>\n<p data-start=\"1070\" data-end=\"1090\" data-is-last-node=\"\">Vai jums ir k\u0101di jaut\u0101jumi? Sazinies ar mums\u00a0<a href=\"https:\/\/hookahshop.lt\/lv\/kontaktiem\/\">kontaktu lapa<\/a>\u00a0vai rakstiet mums pa e-pastu\u00a0<a href=\"https:\/\/facebook.com\/HookahShop.lt\/\" target=\"_blank\" rel=\"noopener\">Facebook konts<\/a>\u00a0un m\u0113s atbild\u0113sim uz j\u016bsu piepras\u012bjumu taj\u0101 pa\u0161\u0101 dien\u0101.<\/p>","protected":false},"excerpt":{"rendered":"<p>Taurel\u0117 kaljanui THOR Alien TNG Glaze Thor Alien TNG Glaze taurel\u0117 puikiai tinka tiek stipriam, tiek lengvam tabakui. Taurel\u0119 galima paruo\u0161ti be vargo, kad gautusi d\u016bmingas ir skanus kaljanas, tod\u0117l tinka pradedantiesiems. Taurel\u0117 padengta glaz\u016bra, tod\u0117l i\u0161laikys puiki\u0105 i\u0161vaizd\u0105 daugel\u012f met\u0173. D\u0117l ma\u017eos talpos tinka solo r\u016bkymui. Specifikacijos: Auk\u0161tis: 101mm Skersmuo (i\u0161orinis): 70mm Skersmuo (vidinis): [&hellip;]<\/p>","protected":false},"featured_media":43539,"comment_status":"open","ping_status":"closed","template":"","meta":[],"_links":{"self":[{"href":"https:\/\/hookahshop.lt\/lv\/wp-json\/wp\/v2\/product\/43534"}],"collection":[{"href":"https:\/\/hookahshop.lt\/lv\/wp-json\/wp\/v2\/product"}],"about":[{"href":"https:\/\/hookahshop.lt\/lv\/wp-json\/wp\/v2\/types\/product"}],"replies":[{"embeddable":true,"href":"https:\/\/hookahshop.lt\/lv\/wp-json\/wp\/v2\/comments?post=43534"}],"version-history":[{"count":7,"href":"https:\/\/hookahshop.lt\/lv\/wp-json\/wp\/v2\/product\/43534\/revisions"}],"predecessor-version":[{"id":45664,"href":"https:\/\/hookahshop.lt\/lv\/wp-json\/wp\/v2\/product\/43534\/revisions\/45664"}],"wp:featuredmedia":[{"embeddable":true,"href":"https:\/\/hookahshop.lt\/lv\/wp-json\/wp\/v2\/media\/43539"}],"wp:attachment":[{"href":"https:\/\/hookahshop.lt\/lv\/wp-json\/wp\/v2\/media?parent=43534"}],"curies":[{"name":"wp","href":"https:\/\/api.w.org\/{rel}","templated":true}]}}