{"id":43861,"date":"2025-12-11T12:16:27","date_gmt":"2025-12-11T10:16:27","guid":{"rendered":"https:\/\/hookahshop.lt\/?post_type=product&#038;p=43861"},"modified":"2026-04-18T23:29:34","modified_gmt":"2026-04-18T20:29:34","slug":"individualus-kaljano-kandiklis-moze-gold","status":"publish","type":"product","link":"https:\/\/hookahshop.lt\/lv\/produkt\/individuals-udenspipes-iemutnis-moze-gold\/","title":{"rendered":"Individu\u0101ls \u016bdensp\u012bpes iemutis MOZE Gold Black"},"content":{"rendered":"<h2 data-start=\"42\" data-end=\"567\">Individu\u0101ls \u016bdensp\u012bpes iemutis MOZE Gold Black<\/h2>\n<p data-start=\"42\" data-end=\"567\">Katrs Moze iemutnis ir unik\u0101ls \u2013 divi neizskat\u0101s vien\u0101di, pateicoties epoks\u012bdsve\u0137iem un kr\u0101su gradientiem. Iemut\u0146i ir mazg\u0101jami un atk\u0101rtoti lietojami. Lietojot Moze iemutni, j\u016bs ne tikai dar\u0101t labu sev un savai higi\u0113nai, bet ar\u012b videi, jo iemut\u0146i nav j\u0101izmet p\u0113c katras lieto\u0161anas reizes.<\/p>\n<p><strong>Specifik\u0101cijas:<\/strong><br \/>\nMateri\u0101ls: epoks\u012bda sve\u0137i<br \/>\nDiametrs: 20 mm<br \/>\nAugstums: 70 mm<br \/>\nKr\u0101sa melna<\/p>\n<p><strong>Apr\u012bkojums:<\/strong><br \/>\nIndividu\u0101ls iemuti\u0137is<br \/>\nNo\u0146emama siksna<br \/>\nMozus kaste<\/p>\n<p>Vai jums ir k\u0101di jaut\u0101jumi? Sazinies ar mums\u00a0<a href=\"https:\/\/hookahshop.lt\/lv\/kontaktiem\/\">kontaktu lapa<\/a>\u00a0vai rakstiet mums pa e-pastu\u00a0<a href=\"https:\/\/facebook.com\/HookahShop.lt\/\" target=\"_blank\" rel=\"noopener\">Facebook konts<\/a>\u00a0un m\u0113s atbild\u0113sim uz j\u016bsu piepras\u012bjumu taj\u0101 pa\u0161\u0101 dien\u0101.<\/p>","protected":false},"excerpt":{"rendered":"<p>Individualus kaljano kandiklis MOZE Gold Black Kiekvienas Moze kandiklis yra unikalus \u2013 n\u0117 vienas neatrodo taip pat kaip kitas d\u0117l epoksidin\u0117s dervos ir spalv\u0173 pereinam\u0173j\u0173 atspalvi\u0173. Kandikliai yra plaunami ir daugkartinio naudojimo. Naudodami Moze kandikl\u012f, darote gera ne tik sau ir savo higienai, bet ir aplinkai, nes kandikli\u0173 nereikia i\u0161mesti po kiekvieno naudojimo. Specifikacijos: Med\u017eiaga: [&hellip;]<\/p>","protected":false},"featured_media":44119,"comment_status":"open","ping_status":"closed","template":"","meta":[],"_links":{"self":[{"href":"https:\/\/hookahshop.lt\/lv\/wp-json\/wp\/v2\/product\/43861"}],"collection":[{"href":"https:\/\/hookahshop.lt\/lv\/wp-json\/wp\/v2\/product"}],"about":[{"href":"https:\/\/hookahshop.lt\/lv\/wp-json\/wp\/v2\/types\/product"}],"replies":[{"embeddable":true,"href":"https:\/\/hookahshop.lt\/lv\/wp-json\/wp\/v2\/comments?post=43861"}],"version-history":[{"count":11,"href":"https:\/\/hookahshop.lt\/lv\/wp-json\/wp\/v2\/product\/43861\/revisions"}],"predecessor-version":[{"id":44559,"href":"https:\/\/hookahshop.lt\/lv\/wp-json\/wp\/v2\/product\/43861\/revisions\/44559"}],"wp:featuredmedia":[{"embeddable":true,"href":"https:\/\/hookahshop.lt\/lv\/wp-json\/wp\/v2\/media\/44119"}],"wp:attachment":[{"href":"https:\/\/hookahshop.lt\/lv\/wp-json\/wp\/v2\/media?parent=43861"}],"curies":[{"name":"wp","href":"https:\/\/api.w.org\/{rel}","templated":true}]}}