{"id":43885,"date":"2025-12-11T12:19:11","date_gmt":"2025-12-11T10:19:11","guid":{"rendered":"https:\/\/hookahshop.lt\/?post_type=product&#038;p=43885"},"modified":"2026-04-22T23:30:10","modified_gmt":"2026-04-22T20:30:10","slug":"karscio-kamera-onmo-black","status":"publish","type":"product","link":"https:\/\/hookahshop.lt\/lv\/produkt\/siltuma-kamera-onmo-black\/","title":{"rendered":"Termokamera ONMO Melna"},"content":{"rendered":"<h2>Termokamera ONMO Melna<\/h2>\n<p>Optim\u0101ls svars un l\u012bdzsvarots siltuma sadal\u012bjums nodro\u0161ina vienm\u0113r\u012bgu, ilgsto\u0161u un \u0113rtu k\u016bpin\u0101\u0161anas pieredzi. Stie\u0146i apak\u0161\u0113j\u0101 da\u013c\u0101 \u013cauj izv\u0113l\u0113ties k\u016bpin\u0101\u0161anas metodi: att\u0101lumu, pilnu kontaktu vai kontaktu caur stie\u0146iem. Iek\u0161\u0113jais apak\u0161\u0113jais profils nodro\u0161ina gaisa pl\u016bsmu zem kv\u0113lojo\u0161aj\u0101m ogl\u0113m, nov\u0113r\u0161ot sk\u0101bek\u013ca defic\u012btu un og\u013cu nodzi\u0161anu.<\/p>\n<p><strong>Specifik\u0101cijas:<\/strong><br \/>\nMateri\u0101ls: kr\u0101sots alum\u012bnijs<br \/>\n\u0100r\u0113jais diametrs: 75 mm<br \/>\nIek\u0161\u0113jais diametrs: 55 mm<br \/>\nDzi\u013cums: 30 mm<br \/>\nSvars: 69 g<br \/>\nIetilp\u012bba: l\u012bdz 2 ogl\u0113m ar diametru l\u012bdz 27 mm<\/p>\n<p>Vai jums ir k\u0101di jaut\u0101jumi? Sazinies ar mums\u00a0<a href=\"https:\/\/hookahshop.lt\/lv\/kontaktiem\/\">kontaktu lapa<\/a>\u00a0vai rakstiet mums pa e-pastu\u00a0<a href=\"https:\/\/facebook.com\/HookahShop.lt\/\" target=\"_blank\" rel=\"noopener\">Facebook konts<\/a>\u00a0un m\u0113s atbild\u0113sim uz j\u016bsu piepras\u012bjumu taj\u0101 pa\u0161\u0101 dien\u0101.<\/p>","protected":false},"excerpt":{"rendered":"<p>Kar\u0161\u010dio kamera ONMO Black Optimalus svoris ir subalansuotas \u0161ilumos paskirstymas u\u017etikrina skland\u017ei\u0105, ilgai trunkan\u010di\u0105 ir komforti\u0161k\u0105 r\u016bkymo patirt\u012f. Apatin\u0117je dalyje esantys strypeliai leid\u017eia pasirinkti r\u016bkymo b\u016bd\u0105: atstumas, pilnas kontaktas arba kontaktas per strypelius. Vidinis apatinis profilis u\u017etikrina oro sraut\u0105 po \u017e\u0117rin\u010diomis anglimis, apsaugodamas nuo deguonies tr\u016bkumo ir angli\u0173 gesimo. Specifikacijos: Med\u017eiaga: da\u017eytas aliuminis I\u0161orinis skersmuo: [&hellip;]<\/p>","protected":false},"featured_media":43890,"comment_status":"closed","ping_status":"closed","template":"","meta":[],"_links":{"self":[{"href":"https:\/\/hookahshop.lt\/lv\/wp-json\/wp\/v2\/product\/43885"}],"collection":[{"href":"https:\/\/hookahshop.lt\/lv\/wp-json\/wp\/v2\/product"}],"about":[{"href":"https:\/\/hookahshop.lt\/lv\/wp-json\/wp\/v2\/types\/product"}],"replies":[{"embeddable":true,"href":"https:\/\/hookahshop.lt\/lv\/wp-json\/wp\/v2\/comments?post=43885"}],"version-history":[{"count":6,"href":"https:\/\/hookahshop.lt\/lv\/wp-json\/wp\/v2\/product\/43885\/revisions"}],"predecessor-version":[{"id":44971,"href":"https:\/\/hookahshop.lt\/lv\/wp-json\/wp\/v2\/product\/43885\/revisions\/44971"}],"wp:featuredmedia":[{"embeddable":true,"href":"https:\/\/hookahshop.lt\/lv\/wp-json\/wp\/v2\/media\/43890"}],"wp:attachment":[{"href":"https:\/\/hookahshop.lt\/lv\/wp-json\/wp\/v2\/media?parent=43885"}],"curies":[{"name":"wp","href":"https:\/\/api.w.org\/{rel}","templated":true}]}}