{"id":43894,"date":"2025-12-11T12:25:36","date_gmt":"2025-12-11T10:25:36","guid":{"rendered":"https:\/\/hookahshop.lt\/?post_type=product&#038;p=43894"},"modified":"2026-04-14T23:29:48","modified_gmt":"2026-04-14T20:29:48","slug":"individualus-kaljano-kandiklis-swg-x-moze","status":"publish","type":"product","link":"https:\/\/hookahshop.lt\/lv\/produkt\/individuals-udenspipes-iemuti-swg-x-moze\/","title":{"rendered":"Piel\u0101gots \u016bdensp\u012bpes iemutnis SWG x MOZE"},"content":{"rendered":"<h2>Piel\u0101gots \u016bdensp\u012bpes iemutnis SWG x MOZE<\/h2>\n<p data-start=\"42\" data-end=\"567\">Katrs Moze iemutnis ir unik\u0101ls \u2014 epoks\u012bdsve\u0137u un kr\u0101su p\u0101reju d\u0113\u013c nav divu vien\u0101du. Pateicoties silikona iek\u0161\u0113j\u0101m riev\u0101m un labai elast\u012bbai, uzga\u013cus var viegli uzlikt uz jebkura standarta iemut\u0146a un no\u0146emt bez lielas piep\u016bles. Iemut\u0146i ir mazg\u0101jami un atk\u0101rtoti lietojami. Tiem ir no\u0146emama siksni\u0146a.<\/p>\n<p><strong>Specifik\u0101cijas:<\/strong><\/p>\n<p>Materi\u0101ls: epoks\u012bda sve\u0137i, silikons<\/p>\n<p>Vai jums ir k\u0101di jaut\u0101jumi? Sazinies ar mums\u00a0<a href=\"https:\/\/hookahshop.lt\/lv\/kontaktiem\/\">kontaktu lapa<\/a>\u00a0vai rakstiet mums pa e-pastu\u00a0<a href=\"https:\/\/facebook.com\/HookahShop.lt\/\" target=\"_blank\" rel=\"noopener\">Facebook konts<\/a>\u00a0un m\u0113s atbild\u0113sim uz j\u016bsu piepras\u012bjumu taj\u0101 pa\u0161\u0101 dien\u0101.<\/p>","protected":false},"excerpt":{"rendered":"<p>Individualus kaljano kandiklis SWG x MOZE Kiekvienas Moze kandiklis yra unikalus \u2013 n\u0117 vienas neatrodo taip pat kaip kitas d\u0117l epoksidin\u0117s dervos ir spalv\u0173 pereinam\u0173j\u0173 atspalvi\u0173. D\u0117l viduje esan\u010di\u0173 grioveli\u0173 silikone ir gero tamprumo antgaliai lengvai u\u017ededami ant bet kurio standartinio kandiklio ir be dideli\u0173 pastang\u0173 nuimami. Kandikliai yra plaunami ir daugkartinio naudojimoTuri nuimam\u0105 dir\u017eel\u012f. [&hellip;]<\/p>","protected":false},"featured_media":44116,"comment_status":"open","ping_status":"closed","template":"","meta":[],"_links":{"self":[{"href":"https:\/\/hookahshop.lt\/lv\/wp-json\/wp\/v2\/product\/43894"}],"collection":[{"href":"https:\/\/hookahshop.lt\/lv\/wp-json\/wp\/v2\/product"}],"about":[{"href":"https:\/\/hookahshop.lt\/lv\/wp-json\/wp\/v2\/types\/product"}],"replies":[{"embeddable":true,"href":"https:\/\/hookahshop.lt\/lv\/wp-json\/wp\/v2\/comments?post=43894"}],"version-history":[{"count":8,"href":"https:\/\/hookahshop.lt\/lv\/wp-json\/wp\/v2\/product\/43894\/revisions"}],"predecessor-version":[{"id":44963,"href":"https:\/\/hookahshop.lt\/lv\/wp-json\/wp\/v2\/product\/43894\/revisions\/44963"}],"wp:featuredmedia":[{"embeddable":true,"href":"https:\/\/hookahshop.lt\/lv\/wp-json\/wp\/v2\/media\/44116"}],"wp:attachment":[{"href":"https:\/\/hookahshop.lt\/lv\/wp-json\/wp\/v2\/media?parent=43894"}],"curies":[{"name":"wp","href":"https:\/\/api.w.org\/{rel}","templated":true}]}}