{"id":43962,"date":"2025-12-12T09:30:13","date_gmt":"2025-12-12T07:30:13","guid":{"rendered":"https:\/\/hookahshop.lt\/?post_type=product&#038;p=43962"},"modified":"2026-04-24T23:30:22","modified_gmt":"2026-04-24T20:30:22","slug":"kaljanas-aroma-hookah-oscar-blue","status":"publish","type":"product","link":"https:\/\/hookahshop.lt\/lv\/produkt\/udenspipes-aromats-udenspipe-oscar-blue\/","title":{"rendered":"\u016adensp\u012bpe AROMA HOOKAH Oscar Blue"},"content":{"rendered":"<h2><strong>\u016adensp\u012bpe AROMA HOOKAH Oscar Blue<\/strong><\/h2>\n<p>Katra \u0161\u012bs \u016bdensp\u012bpes deta\u013ca ir izstr\u0101d\u0101ta, lai nodro\u0161in\u0101tu vislab\u0101ko pieredzi. \u016adensp\u012bpes k\u0101ts ir izgatavots no ner\u016bs\u0113jo\u0161\u0101 t\u0113rauda ar dab\u012bg\u0101 koka ieliktni, kas pie\u0161\u0137ir tai unik\u0101lu izskatu. Koksne ir \u012bpa\u0161i apstr\u0101d\u0101ta, lai saglab\u0101tu t\u0101s dabisko skaistumu. Katram k\u0101tam ir unik\u0101ls raksts, padarot katru Aroma \u016bdensp\u012bpi \u012bpa\u0161u. \u016adensp\u012bpes iek\u0161\u0113j\u0101s da\u013cas ir izgatavotas no ner\u016bs\u0113jo\u0161\u0101 t\u0113rauda, kas ne tikai pie\u0161\u0137ir tai lielu iztur\u012bbu, bet ar\u012b aizsarg\u0101 pret koroziju. Tas garant\u0113 ilgsto\u0161u un uzticamu \u016bdensp\u012bpes darb\u012bbu ilgu laiku.<\/p>\n<p><strong>Specifik\u0101cijas:<\/strong><sub><br \/>\n<\/sub>V\u0101rpstas diametrs: 1,6 cm<sub><br \/>\n<\/sub>Augstums: 57 cm<br \/>\nDifuzors: j\u0101 (viegla caurv\u0113ja)<br \/>\nIzklied\u0113t\u0101js: no\u0146emams (ir iesp\u0113ja izgatavot smagu klasisko caurv\u0113ju)<sub><br \/>\n<\/sub>Materi\u0101ls: ner\u016bs\u0113jo\u0161ais t\u0113rauds<br \/>\nIzcelsmes valsts: Ukraina<\/p>\n<p><strong>Komplekt\u0101 ietilpst: \u016bdensp\u012bpe, iemuts, \u0161\u013c\u016btene.<\/strong><\/p>\n<p><img decoding=\"async\" loading=\"lazy\" class=\"alignnone size-medium wp-image-38521\" src=\"https:\/\/hookahshop.lt\/wp-content\/uploads\/2020\/09\/stiebas-zarna-kandiklis-1-300x273.jpg\" alt=\"- hookahshop.lt\" width=\"300\" height=\"273\" srcset=\"https:\/\/hookahshop.lt\/wp-content\/uploads\/2020\/09\/stiebas-zarna-kandiklis-1-300x273.jpg 300w, https:\/\/hookahshop.lt\/wp-content\/uploads\/2020\/09\/stiebas-zarna-kandiklis-1-13x12.jpg 13w, https:\/\/hookahshop.lt\/wp-content\/uploads\/2020\/09\/stiebas-zarna-kandiklis-1-64x58.jpg 64w, https:\/\/hookahshop.lt\/wp-content\/uploads\/2020\/09\/stiebas-zarna-kandiklis-1.jpg 420w\" sizes=\"(max-width: 300px) 100vw, 300px\" title=\"\"><\/p>\n<p>Vai jums ir k\u0101di jaut\u0101jumi? Sazinies ar mums\u00a0<a href=\"https:\/\/hookahshop.lt\/lv\/kontaktiem\/\">kontaktu lapa<\/a>\u00a0vai rakstiet mums pa e-pastu\u00a0<a href=\"https:\/\/facebook.com\/HookahShop.lt\/\" target=\"_blank\" rel=\"noopener\">Facebook konts<\/a>\u00a0un m\u0113s atbild\u0113sim uz j\u016bsu piepras\u012bjumu taj\u0101 pa\u0161\u0101 dien\u0101.<\/p>","protected":false},"excerpt":{"rendered":"<p>Kaljanas AROMA HOOKAH Oscar Blue Kiekviena \u0161io kaljano detal\u0117 buvo sukurta siekiant suteikti geriausi\u0105 patirt\u012f. Kaljano stiebas pagamintas i\u0161 ner\u016bdijan\u010dio plieno su nat\u016bralaus med\u017eio intarpu, kuris suteikia jam nepakartojam\u0105 i\u0161vaizd\u0105. Mediena yra specialiai apdorojama, siekiant i\u0161saugoti nat\u016bral\u0173 gro\u017e\u012f. Kiekvienas stiebas turi unikal\u0173 ra\u0161t\u0105, tod\u0117l kiekvienas Aroma kaljanas yra ypatingas. Vidin\u0117s kaljano dalys pagamintos i\u0161 ner\u016bdijan\u010dio [&hellip;]<\/p>","protected":false},"featured_media":44032,"comment_status":"open","ping_status":"closed","template":"","meta":[],"_links":{"self":[{"href":"https:\/\/hookahshop.lt\/lv\/wp-json\/wp\/v2\/product\/43962"}],"collection":[{"href":"https:\/\/hookahshop.lt\/lv\/wp-json\/wp\/v2\/product"}],"about":[{"href":"https:\/\/hookahshop.lt\/lv\/wp-json\/wp\/v2\/types\/product"}],"replies":[{"embeddable":true,"href":"https:\/\/hookahshop.lt\/lv\/wp-json\/wp\/v2\/comments?post=43962"}],"version-history":[{"count":3,"href":"https:\/\/hookahshop.lt\/lv\/wp-json\/wp\/v2\/product\/43962\/revisions"}],"predecessor-version":[{"id":44126,"href":"https:\/\/hookahshop.lt\/lv\/wp-json\/wp\/v2\/product\/43962\/revisions\/44126"}],"wp:featuredmedia":[{"embeddable":true,"href":"https:\/\/hookahshop.lt\/lv\/wp-json\/wp\/v2\/media\/44032"}],"wp:attachment":[{"href":"https:\/\/hookahshop.lt\/lv\/wp-json\/wp\/v2\/media?parent=43962"}],"curies":[{"name":"wp","href":"https:\/\/api.w.org\/{rel}","templated":true}]}}