{"id":43968,"date":"2025-12-11T11:33:06","date_gmt":"2025-12-11T09:33:06","guid":{"rendered":"https:\/\/hookahshop.lt\/?post_type=product&#038;p=43968"},"modified":"2026-04-17T23:30:03","modified_gmt":"2026-04-17T20:30:03","slug":"individualus-kaljano-kandiklis-darkside-d-click","status":"publish","type":"product","link":"https:\/\/hookahshop.lt\/lv\/produkt\/individuals-udenspipes-iemutnis-darkside-d-click\/","title":{"rendered":"Individu\u0101ls \u016bdensp\u012bpes iemutis DARKSIDE D Click"},"content":{"rendered":"<h2>Individu\u0101ls \u016bdensp\u012bpes iemutis DARKSIDE D Click<\/h2>\n<p>Kompakts, higi\u0113nisks individu\u0101lais mutes uzgalis t\u012br\u0101m un \u0113rt\u0101m sesij\u0101m. Izgatavots no iztur\u012bgiem materi\u0101liem, ar elegantu dizainu, der jebkuram silikona \u0161\u013c\u016btenes uzgalim. Integr\u0113ta kakla siksna padara to \u0113rtu lieto\u0161anu un n\u0113s\u0101\u0161anu l\u012bdzi.<\/p>\n<p><strong>Specifik\u0101cijas:<\/strong><br \/>\nGarums: 50 mm<br \/>\nMateri\u0101ls: poliacet\u0101ls, silikons.<br \/>\nKr\u0101sa melna<\/p>\n<p><strong>Apr\u012bkojums:<\/strong><br \/>\nAtsevi\u0161\u0137s iemutnis ar auklu<br \/>\nZ\u012bmola Darside kaste<\/p>\n<p>Vai jums ir k\u0101di jaut\u0101jumi? Sazinies ar mums\u00a0<a href=\"https:\/\/hookahshop.lt\/lv\/kontaktiem\/\">kontaktu lapa<\/a>\u00a0vai rakstiet mums pa e-pastu\u00a0<a href=\"https:\/\/facebook.com\/HookahShop.lt\/\" target=\"_blank\" rel=\"noopener\">Facebook konts<\/a>\u00a0un m\u0113s atbild\u0113sim uz j\u016bsu piepras\u012bjumu taj\u0101 pa\u0161\u0101 dien\u0101.<\/p>","protected":false},"excerpt":{"rendered":"<p>Individualus kaljano kandiklis DARKSIDE D Click Kompakti\u0161kas, higieni\u0161kas individualus kandiklis \u0161varioms ir patogioms sesijoms. Pagamintas i\u0161 patvari\u0173 med\u017eiag\u0173, pasi\u017eymi eleganti\u0161ku dizainu, tinka bet kokiam silikoniniam \u017earnos antgaliui. Integruotas kaklo dir\u017eelis leid\u017eia j\u012f patogiai naudoti ir ne\u0161iotis su savimi. Specifikacijos: Ilgis: 50mm Med\u017eiaga: poliacetalis, silikonas. Spalva: juoda Komplektacija: Individualus kandiklis su virvute Firmin\u0117 Darkside d\u0117\u017eut\u0117 Turite [&hellip;]<\/p>","protected":false},"featured_media":44213,"comment_status":"open","ping_status":"closed","template":"","meta":[],"_links":{"self":[{"href":"https:\/\/hookahshop.lt\/lv\/wp-json\/wp\/v2\/product\/43968"}],"collection":[{"href":"https:\/\/hookahshop.lt\/lv\/wp-json\/wp\/v2\/product"}],"about":[{"href":"https:\/\/hookahshop.lt\/lv\/wp-json\/wp\/v2\/types\/product"}],"replies":[{"embeddable":true,"href":"https:\/\/hookahshop.lt\/lv\/wp-json\/wp\/v2\/comments?post=43968"}],"version-history":[{"count":4,"href":"https:\/\/hookahshop.lt\/lv\/wp-json\/wp\/v2\/product\/43968\/revisions"}],"predecessor-version":[{"id":44212,"href":"https:\/\/hookahshop.lt\/lv\/wp-json\/wp\/v2\/product\/43968\/revisions\/44212"}],"wp:featuredmedia":[{"embeddable":true,"href":"https:\/\/hookahshop.lt\/lv\/wp-json\/wp\/v2\/media\/44213"}],"wp:attachment":[{"href":"https:\/\/hookahshop.lt\/lv\/wp-json\/wp\/v2\/media?parent=43968"}],"curies":[{"name":"wp","href":"https:\/\/api.w.org\/{rel}","templated":true}]}}