{"id":43973,"date":"2025-12-10T15:08:25","date_gmt":"2025-12-10T13:08:25","guid":{"rendered":"https:\/\/hookahshop.lt\/?post_type=product&#038;p=43973"},"modified":"2026-05-03T23:30:40","modified_gmt":"2026-05-03T20:30:40","slug":"kaljano-kandiklis-japona-hookah-beads-gray","status":"publish","type":"product","link":"https:\/\/hookahshop.lt\/lv\/produkt\/udenspipes-krelles-japanu-udenspipes-pelekas\/","title":{"rendered":"Individu\u0101ls \u016bdensp\u012bpes iemutis JAPONA HOOKAH Samurai Beads Gray"},"content":{"rendered":"<h2>Individu\u0101ls \u016bdensp\u012bpes iemutis JAPONA HOOKAH Samurai Beads Gray<\/h2>\n<p>Dizainera veidots iemutnis, rotaslieta, amerik\u0101\u0146u akrils, bronzas gredzens ar #japona \u016bdensp\u012bpi un medaljonu ar samuraju masku. P\u0113rl\u012btes \u2013 koks, dab\u012bgais akmens. Iemut\u0146a kr\u0101sa \u2013 pel\u0113kmelna.<\/p>\n<p>Vai jums ir k\u0101di jaut\u0101jumi? Sazinies ar mums\u00a0<a href=\"https:\/\/hookahshop.lt\/lv\/kontaktiem\/\">kontaktu lapa<\/a>\u00a0vai rakstiet mums pa e-pastu\u00a0<a href=\"https:\/\/facebook.com\/HookahShop.lt\/\" target=\"_blank\" rel=\"noopener noreferrer\">Facebook konts<\/a>\u00a0un m\u0113s atbild\u0113sim uz j\u016bsu piepras\u012bjumu taj\u0101 pa\u0161\u0101 dien\u0101.<\/p>","protected":false},"excerpt":{"rendered":"<p>Individualus kaljano kandiklis JAPONA HOOKAH Samurai Beads Gray Dizaineri\u0173 kurtas kandiklis, juvelyrinis dirbinys, amerikieti\u0161kas akrilas, bronzinis \u017eiedas su #japonahookah ir medalionas su samuraj\u0173 kauke. Karoliukai \u2013 medis, nat\u016bralus akmuo. Kandiklio spalva \u2013 pilkai juoda. Turite klausim\u0173? Susisiekite su mumis\u00a0kontakt\u0173 puslapyje\u00a0arba para\u0161ykite mums \u012f\u00a0Facebook paskyr\u0105\u00a0ir atsakysime \u012f j\u016bs\u0173 u\u017eklaus\u0105 dar t\u0105 pa\u010di\u0105 dien\u0105.<\/p>","protected":false},"featured_media":43993,"comment_status":"open","ping_status":"closed","template":"","meta":[],"_links":{"self":[{"href":"https:\/\/hookahshop.lt\/lv\/wp-json\/wp\/v2\/product\/43973"}],"collection":[{"href":"https:\/\/hookahshop.lt\/lv\/wp-json\/wp\/v2\/product"}],"about":[{"href":"https:\/\/hookahshop.lt\/lv\/wp-json\/wp\/v2\/types\/product"}],"replies":[{"embeddable":true,"href":"https:\/\/hookahshop.lt\/lv\/wp-json\/wp\/v2\/comments?post=43973"}],"version-history":[{"count":5,"href":"https:\/\/hookahshop.lt\/lv\/wp-json\/wp\/v2\/product\/43973\/revisions"}],"predecessor-version":[{"id":44185,"href":"https:\/\/hookahshop.lt\/lv\/wp-json\/wp\/v2\/product\/43973\/revisions\/44185"}],"wp:featuredmedia":[{"embeddable":true,"href":"https:\/\/hookahshop.lt\/lv\/wp-json\/wp\/v2\/media\/43993"}],"wp:attachment":[{"href":"https:\/\/hookahshop.lt\/lv\/wp-json\/wp\/v2\/media?parent=43973"}],"curies":[{"name":"wp","href":"https:\/\/api.w.org\/{rel}","templated":true}]}}