{"id":44014,"date":"2025-12-11T14:12:40","date_gmt":"2025-12-11T12:12:40","guid":{"rendered":"https:\/\/hookahshop.lt\/?post_type=product&#038;p=44014"},"modified":"2026-05-14T23:30:08","modified_gmt":"2026-05-14T20:30:08","slug":"naturaliu-angliuku-uzkuriklis-ao-blazer-u","status":"publish","type":"product","link":"https:\/\/hookahshop.lt\/lv\/produkt\/ar-dabiga-oglekla-kaminu-ao-blazer-u\/","title":{"rendered":"AO Blazer U og\u013cu \u0161\u0137iltavas"},"content":{"rendered":"<h2>AO Blazer U og\u013cu \u0161\u0137iltavas<\/h2>\n<p>Tas pal\u012bdz\u0113s \u0113rti uzsild\u012bt \u016bdensp\u012bpes ogles, dro\u0161\u0101k nek\u0101 citas sildier\u012bces. \u0160ai pl\u012bts virsmai ir og\u013cu papl\u0101te, kas aizsarg\u0101 sildelementu no tie\u0161as saskares ar ogl\u0113m, t\u0101d\u0113j\u0101di pagarinot t\u0101 kalpo\u0161anas laiku. Turkl\u0101t og\u013cu papl\u0101te tiek pacelta ar \u012bpa\u0161\u0101m knaibl\u0113m, kuras j\u016bs jau esat ieguvis kop\u0101 ar \u0161o pl\u012bti. AO Blazer U apak\u0161\u0101 ir gumijas k\u0101ji\u0146as, lai nov\u0113rstu sl\u012bd\u0113\u0161anu. AO Blazer U vada garums ir 150 cm. Ietilp\u012bba l\u012bdz 20 ogl\u0113m, kuru izm\u0113rs ir l\u012bdz 26 mm. Ogles uzsilst vid\u0113ji 10\u201312 min\u016bt\u0113s.<\/p>\n<p><strong>Tehniskie dati:<\/strong><br \/>\nJauda: 1000 W<br \/>\nAugstums: 15,5 cm<br \/>\nDiametrs: 13,5 cm<br \/>\nGarums: 16,5 cm<br \/>\n\u0160\u0137\u012bvja izm\u0113rs: ~ 15 x 14 cm<br \/>\nKr\u0101sa melna<\/p>\n<p>Vai jums ir k\u0101di jaut\u0101jumi? Sazinies ar mums <a href=\"https:\/\/hookahshop.lt\/lv\/kontaktiem\/\">kontaktu lapa<\/a>\u00a0vai rakstiet mums pa e-pastu\u00a0<a href=\"https:\/\/facebook.com\/HookahShop.lt\/\" target=\"_blank\" rel=\"noopener noreferrer\">Facebook konts<\/a>\u00a0un m\u0113s atbild\u0113sim uz j\u016bsu piepras\u012bjumu taj\u0101 pa\u0161\u0101 dien\u0101.<\/p>","protected":false},"excerpt":{"rendered":"<p>Nat\u016brali\u0173 angliuk\u0173 u\u017ek\u016briklis AO Blazer U Jis pad\u0117s Jums patogiai u\u017ekaitinti kaljano anglis, saugesnis u\u017e kitus kaitinimo prietaisus. \u0160i kaitlent\u0117 turi angliuk\u0173 pad\u0117kliuk\u0105 kuris apsaugo kaitinimo element\u0105 nuo tiesioginio kontakto su angliukais taip prailgindamas jos gyvavimo laik\u0105. Taip pat angliuk\u0173 pad\u0117kliukas atsikelia su specialiomis \u017enypl\u0117mis, kurias jau gaunate su \u0161ia kaitlente. AO Blazer U dugne [&hellip;]<\/p>","protected":false},"featured_media":44071,"comment_status":"open","ping_status":"closed","template":"","meta":[],"_links":{"self":[{"href":"https:\/\/hookahshop.lt\/lv\/wp-json\/wp\/v2\/product\/44014"}],"collection":[{"href":"https:\/\/hookahshop.lt\/lv\/wp-json\/wp\/v2\/product"}],"about":[{"href":"https:\/\/hookahshop.lt\/lv\/wp-json\/wp\/v2\/types\/product"}],"replies":[{"embeddable":true,"href":"https:\/\/hookahshop.lt\/lv\/wp-json\/wp\/v2\/comments?post=44014"}],"version-history":[{"count":3,"href":"https:\/\/hookahshop.lt\/lv\/wp-json\/wp\/v2\/product\/44014\/revisions"}],"predecessor-version":[{"id":44073,"href":"https:\/\/hookahshop.lt\/lv\/wp-json\/wp\/v2\/product\/44014\/revisions\/44073"}],"wp:featuredmedia":[{"embeddable":true,"href":"https:\/\/hookahshop.lt\/lv\/wp-json\/wp\/v2\/media\/44071"}],"wp:attachment":[{"href":"https:\/\/hookahshop.lt\/lv\/wp-json\/wp\/v2\/media?parent=44014"}],"curies":[{"name":"wp","href":"https:\/\/api.w.org\/{rel}","templated":true}]}}