{"id":44062,"date":"2025-12-11T16:50:20","date_gmt":"2025-12-11T14:50:20","guid":{"rendered":"https:\/\/hookahshop.lt\/?post_type=product&#038;p=44062"},"modified":"2026-04-20T23:29:43","modified_gmt":"2026-04-20T20:29:43","slug":"individualus-kaljano-kandiklis-japona-kodo-white","status":"publish","type":"product","link":"https:\/\/hookahshop.lt\/lv\/produkt\/individuals-udenspipes-iemutis-japanu-udenspipe-kodo-balts\/","title":{"rendered":"Individu\u0101ls \u016bdensp\u012bpes iemutis JAPAN Kodo White"},"content":{"rendered":"<h2>Individu\u0101ls \u016bdensp\u012bpes iemutis JAPAN Kodo White<\/h2>\n<p>Dizainera iemutis, rotaslieta, amerik\u0101\u0146u akrils, bronzas gredzens ar Japona \u016bdensp\u012bpes logotipu. Tekstila aukla.<\/p>\n<p><strong>Specifik\u0101cijas:<\/strong><br \/>\nMateri\u0101ls: akrils un bronza<br \/>\nDiametrs: 21 mm<br \/>\nAugstums: 52 mm<br \/>\nKr\u0101sa: balta un melna<\/p>\n<p><strong>Apr\u012bkojums:<\/strong><br \/>\nIndividu\u0101ls iemuti\u0137is<br \/>\nSt\u012bga<br \/>\nBag Jap\u0101na<\/p>\n<p>Vai jums ir k\u0101di jaut\u0101jumi? Sazinies ar mums\u00a0<a href=\"https:\/\/hookahshop.lt\/lv\/kontaktiem\/\">kontaktu lapa<\/a>\u00a0vai rakstiet mums pa e-pastu\u00a0<a href=\"https:\/\/facebook.com\/HookahShop.lt\/\" target=\"_blank\" rel=\"noopener noreferrer\">Facebook konts<\/a>\u00a0un m\u0113s atbild\u0113sim uz j\u016bsu piepras\u012bjumu taj\u0101 pa\u0161\u0101 dien\u0101.<\/p>","protected":false},"excerpt":{"rendered":"<p>Individu\u0101ls \u016bdensp\u012bpes iemutis JAPONA Kodo White Dizaina iemutis, rotaslieta, amerik\u0101\u0146u akrils, bronzas gredzens ar Japona \u016bdensp\u012bpes logotipu. Auka \u2013 tekstils. Specifik\u0101cijas: Materi\u0101ls: akrils un bronza Diametrs: 21 mm Augstums: 52 mm Kr\u0101sa: balta un melna Iepakojums: Individu\u0101ls iemutis Auka Maisi\u0146\u0161 Japona Vai jums ir k\u0101di jaut\u0101jumi? Sazinieties ar mums kontaktu lap\u0101 vai rakstiet mums Facebook, un m\u0113s atbild\u0113sim uz j\u016bsu piepras\u012bjumu [\u2026]<\/p>","protected":false},"featured_media":44122,"comment_status":"closed","ping_status":"closed","template":"","meta":[],"_links":{"self":[{"href":"https:\/\/hookahshop.lt\/lv\/wp-json\/wp\/v2\/product\/44062"}],"collection":[{"href":"https:\/\/hookahshop.lt\/lv\/wp-json\/wp\/v2\/product"}],"about":[{"href":"https:\/\/hookahshop.lt\/lv\/wp-json\/wp\/v2\/types\/product"}],"replies":[{"embeddable":true,"href":"https:\/\/hookahshop.lt\/lv\/wp-json\/wp\/v2\/comments?post=44062"}],"version-history":[{"count":6,"href":"https:\/\/hookahshop.lt\/lv\/wp-json\/wp\/v2\/product\/44062\/revisions"}],"predecessor-version":[{"id":44174,"href":"https:\/\/hookahshop.lt\/lv\/wp-json\/wp\/v2\/product\/44062\/revisions\/44174"}],"wp:featuredmedia":[{"embeddable":true,"href":"https:\/\/hookahshop.lt\/lv\/wp-json\/wp\/v2\/media\/44122"}],"wp:attachment":[{"href":"https:\/\/hookahshop.lt\/lv\/wp-json\/wp\/v2\/media?parent=44062"}],"curies":[{"name":"wp","href":"https:\/\/api.w.org\/{rel}","templated":true}]}}