{"id":44064,"date":"2025-12-11T16:53:21","date_gmt":"2025-12-11T14:53:21","guid":{"rendered":"https:\/\/hookahshop.lt\/?post_type=product&#038;p=44064"},"modified":"2026-04-24T23:30:22","modified_gmt":"2026-04-24T20:30:22","slug":"individualus-kaljano-kandiklis-capsule","status":"publish","type":"product","link":"https:\/\/hookahshop.lt\/lv\/produkt\/individuala-udenspipes-iemutna-kapsula\/","title":{"rendered":"Individu\u0101ls \u016bdensp\u012bpes iemutnis KAPSULA Da\u017e\u0101das kr\u0101sas"},"content":{"rendered":"<h2>Individu\u0101ls \u016bdensp\u012bpes iemutnis KAPSULA Da\u017e\u0101das kr\u0101sas<\/h2>\n<p>Ar t\u0113rauda uzgali, grav\u0113to virsmu un iek\u0161\u0113jo silikona \u0161\u013c\u016bteni tas nodro\u0161ina \u0113rtu sm\u0113\u0137\u0113\u0161anu. Kompaktais kapsulas formas dizains atvieglo t\u0101 p\u0101rn\u0113s\u0101\u0161anu.<\/p>\n<p><strong>Specifik\u0101cijas:<\/strong><br \/>\nMateri\u0101ls: ner\u016bs\u0113jo\u0161ais t\u0113rauds ar oglek\u013ca \u0161\u0137iedru.<br \/>\nDiametrs: 18 mm<br \/>\nAugstums: 66 mm<br \/>\nKr\u0101sa: <em>Ir iesp\u0113ja izv\u0113l\u0113ties iemut\u0146u kr\u0101sas: <strong>melna, oran\u017ea, zila, sarkana<\/strong>.<\/em><br \/>\n<em>L\u016bdzu, nor\u0101diet v\u0113lamo kr\u0101su, veicot pas\u016bt\u012bjumu, lauk\u0101 &quot;<strong>Piez\u012bmes<\/strong>&quot;.<\/em><\/p>\n<p><strong>Apr\u012bkojums:<\/strong><br \/>\nIndividu\u0101ls iemuti\u0137is<br \/>\n\u0136\u0113de<br \/>\nKapsulu kaste<\/p>\n<p>Vai jums ir k\u0101di jaut\u0101jumi? Sazinies ar mums\u00a0<a href=\"https:\/\/hookahshop.lt\/lv\/kontaktiem\/\">kontaktu lapa<\/a>\u00a0vai rakstiet mums pa e-pastu\u00a0<a href=\"https:\/\/facebook.com\/HookahShop.lt\/\" target=\"_blank\" rel=\"noopener noreferrer\">Facebook konts<\/a>\u00a0un m\u0113s atbild\u0113sim uz j\u016bsu piepras\u012bjumu taj\u0101 pa\u0161\u0101 dien\u0101.<\/p>","protected":false},"excerpt":{"rendered":"<p>Individualus kaljano kandiklis CAPSULE \u012evairi\u0173 spalv\u0173 Su savo plieniniu antgaliu, graviruotu pavir\u0161iumi ir vidiniu silikonine \u017earna, jis u\u017etikrina komforti\u0161k\u0105 r\u016bkym\u0105. Kompakti\u0161kas kapsul\u0117s formos dizainas daro j\u012f lengvai ne\u0161iojam\u0105. Specifikacijos: Med\u017eiaga: ner\u016bdijantis plienas su karbonu. Skersmuo: 18mm Auk\u0161tis: 66mm Spalva: yra galimyb\u0117 pasirinkti kandikli\u0173 spalvas: juodas, oran\u017einis, m\u0117lynas, raudonas. Norim\u0105 spalv\u0105 \u012fra\u0161ykite u\u017esakant prek\u0119 \u012f skilt\u012f [&hellip;]<\/p>","protected":false},"featured_media":44104,"comment_status":"closed","ping_status":"closed","template":"","meta":[],"_links":{"self":[{"href":"https:\/\/hookahshop.lt\/lv\/wp-json\/wp\/v2\/product\/44064"}],"collection":[{"href":"https:\/\/hookahshop.lt\/lv\/wp-json\/wp\/v2\/product"}],"about":[{"href":"https:\/\/hookahshop.lt\/lv\/wp-json\/wp\/v2\/types\/product"}],"replies":[{"embeddable":true,"href":"https:\/\/hookahshop.lt\/lv\/wp-json\/wp\/v2\/comments?post=44064"}],"version-history":[{"count":8,"href":"https:\/\/hookahshop.lt\/lv\/wp-json\/wp\/v2\/product\/44064\/revisions"}],"predecessor-version":[{"id":44173,"href":"https:\/\/hookahshop.lt\/lv\/wp-json\/wp\/v2\/product\/44064\/revisions\/44173"}],"wp:featuredmedia":[{"embeddable":true,"href":"https:\/\/hookahshop.lt\/lv\/wp-json\/wp\/v2\/media\/44104"}],"wp:attachment":[{"href":"https:\/\/hookahshop.lt\/lv\/wp-json\/wp\/v2\/media?parent=44064"}],"curies":[{"name":"wp","href":"https:\/\/api.w.org\/{rel}","templated":true}]}}